{"id":1268,"date":"2022-09-30T12:25:09","date_gmt":"2022-09-30T12:25:09","guid":{"rendered":"https:\/\/hellerbass.de\/heller-taller-de-pianos\/"},"modified":"2022-09-30T12:25:09","modified_gmt":"2022-09-30T12:25:09","slug":"heller-taller-de-pianos","status":"publish","type":"page","link":"https:\/\/hellerbass.de\/es\/heller-taller-de-pianos\/","title":{"rendered":"Heller taller de pianos"},"content":{"rendered":"<div class=\"wpb-content-wrapper\"><p>[vc_row row_type=\u00bbrow\u00bb use_row_as_full_screen_section=\u00bbno\u00bb type=\u00bbfull_width\u00bb angled_section=\u00bbno\u00bb text_align=\u00bbleft\u00bb background_image_as_pattern=\u00bbwithout_pattern\u00bb css_animation=\u00bb\u00bb][vc_column][vc_separator type=\u00bbtransparent\u00bb thickness=\u00bb50&#8243;][\/vc_column][\/vc_row][vc_row row_type=\u00bbrow\u00bb use_row_as_full_screen_section=\u00bbno\u00bb type=\u00bbgrid\u00bb angled_section=\u00bbno\u00bb text_align=\u00bbleft\u00bb background_image_as_pattern=\u00bbwithout_pattern\u00bb css_animation=\u00bb\u00bb][vc_column][vc_column_text]<\/p>\n<h1>HELLER\u00a0TALLER DE PIANOS<\/h1>\n<p>[\/vc_column_text][\/vc_column][\/vc_row][vc_row row_type=\u00bbrow\u00bb use_row_as_full_screen_section=\u00bbno\u00bb type=\u00bbfull_width\u00bb angled_section=\u00bbno\u00bb text_align=\u00bbleft\u00bb background_image_as_pattern=\u00bbwithout_pattern\u00bb css_animation=\u00bb\u00bb][vc_column][vc_separator type=\u00bbtransparent\u00bb thickness=\u00bb25&#8243;][\/vc_column][\/vc_row][vc_row row_type=\u00bbrow\u00bb use_row_as_full_screen_section=\u00bbno\u00bb type=\u00bbgrid\u00bb angled_section=\u00bbno\u00bb text_align=\u00bbleft\u00bb background_image_as_pattern=\u00bbwithout_pattern\u00bb css_animation=\u00bb\u00bb][vc_column][vc_column_text]La firma Heller fue fundada el 1 de Enero de 1985. Bien pronto Heller empez\u00f3 a especializarse en la fabricaci\u00f3n de bordones de alta calidad, para pianos verticales y de cola. Hoy en d\u00eda es una reconocida marca registrada- Hellerbass \u00ae. <img decoding=\"async\" class=\"wp-image-16608 alignright\" src=\"https:\/\/www.hellerbass.eu\/wp-content\/uploads\/2013\/02\/Hellerbass-building-1030x746.jpg\" alt=\"Hellerbass building\" width=\"515\" height=\"373\" \/><\/p>\n<p>No muy lejos de Heidelberg, la marca Bechstein fabricaba pianos verticales y de cola entre los a\u00f1os 1970 y 1980. Walter Heller fue el primer empleado que trabaj\u00f3 all\u00ed como carpintero, luego curs\u00f3. Cuan Becstein su aprendizaje como Klavierbauer y termin\u00f3 con la Maestr\u00eda en 1981. Cuando Bechstein traslad\u00f3 la producci\u00f3n de pianos a Berlin, Walter Heller fund\u00f3 su propio taller de pianos en 1985. El taller estaba situado en los bajos de su propia casa.<\/p>\n<p>La reparaci\u00f3n de pianos, venta y fabricaci\u00f3n de bordones se incrementaron tanto que pronto necesit\u00f3 m\u00e1s empleados. Por esta raz\u00f3n, su hijo Gregor abandon\u00f3 sus estudios empresariales y comenz\u00f3 sus estudios de aprendizaje. En 1995 consigui\u00f3 el t\u00edtulo de \u201cMaestro\u201d.<\/p>\n<p>En 1988 un taller nuevo fue construido en una parcela adyacente.<\/p>\n<p>Fiel al lema de la empresa \u201cLa calidad siempre tiene \u00e9xito\u201d, la compa\u00f1\u00eda del padre e hijo, dio sus frutos y su presencia en el mercado se intensific\u00f3. Los continuos controles de calidad durante el proceso de fabricaci\u00f3n, aseguraron el alto nivel de calidad. La introducci\u00f3n de un \u201cmedidor\u201d con lazo, en 1986, fue un paso decisivo para el \u00e9xito de la empresa. Esto facilit\u00f3 que no se tuvieran que mandar los juegos viejos de bordones en embalaje. Como signo inequ\u00edvoco de calidad se adhiere al nuevo juego de cuerdas un distintivo transparente con el logo en amarillo de \u201cHellerbass \u00ae\u201d.<\/p>\n<p><img decoding=\"async\" class=\"alignleft wp-image-16606\" src=\"https:\/\/www.hellerbass.eu\/wp-content\/uploads\/2013\/02\/2-Hellers-1030x760.jpg\" alt=\"2 Hellers\" width=\"473\" height=\"349\" \/>En 1977 Walter Heller traspas\u00f3 el mando de la empresa a su hijo Gregor, el cual desde entonces ha estado presente en numerosas ferias y exhibiciones tanto en Alemania como en otros pa\u00edses. El dise\u00f1o de la Web ha sido importante para mejorar la presentaci\u00f3n de la producci\u00f3n Heller. La apertura de una cuenta en Facebook nos da informaci\u00f3n adicional sobre las novedades en materiales as\u00ed como las pr\u00f3ximas ferias del sector. M\u00e1s de un 98% de los pedidos llegan a trav\u00e9s de los medios electr\u00f3nicos (fax, e-mail o Web ). Nueve empleados se ocupan de la producci\u00f3n en Heller Pianos. Tanto a nivel de Alemania como del resto del mundo, un 60% de los fabricantes y talleres de reparaci\u00f3n usan nuestros bordones para piano vertical y de cola.<\/p>\n<p>La tradici\u00f3n familiar en la empresa se mantiene y contin\u00faa. La esposa, la madre y el padre de Gregor son empleados de la firma. \u201cAfortunadamente\u201d dice Gregor, ya que esto les permite no parar la producci\u00f3n durante todo el a\u00f1o y a su vez le permite representar a la empresa en las convenciones del ramo en cualquier pa\u00eds.<\/p>\n<p>El nieto Moritz comenzar\u00e1 su aprendizaje en el 2016, para as\u00ed continuar la tradici\u00f3n familiar.[\/vc_column_text][\/vc_column][\/vc_row][vc_row row_type=\u00bbrow\u00bb use_row_as_full_screen_section=\u00bbno\u00bb type=\u00bbfull_width\u00bb angled_section=\u00bbno\u00bb text_align=\u00bbleft\u00bb background_image_as_pattern=\u00bbwithout_pattern\u00bb css_animation=\u00bb\u00bb][vc_column][vc_separator type=\u00bbtransparent\u00bb thickness=\u00bb75&#8243;][\/vc_column][\/vc_row][vc_row row_type=\u00bbrow\u00bb use_row_as_full_screen_section=\u00bbno\u00bb type=\u00bbfull_width\u00bb anchor=\u00bbanchor_1&#8243; angled_section=\u00bbno\u00bb text_align=\u00bbleft\u00bb background_image_as_pattern=\u00bbwithout_pattern\u00bb css_animation=\u00bb\u00bb][vc_column][\/vc_column][\/vc_row]<\/p>\n<\/div>","protected":false},"excerpt":{"rendered":"<p>[vc_row row_type=\u00bbrow\u00bb use_row_as_full_screen_section=\u00bbno\u00bb type=\u00bbfull_width\u00bb angled_section=\u00bbno\u00bb text_align=\u00bbleft\u00bb background_image_as_pattern=\u00bbwithout_pattern\u00bb css_animation=\u00bb\u00bb][vc_column][vc_separator type=\u00bbtransparent\u00bb thickness=\u00bb50&#8243;][\/vc_column][\/vc_row][vc_row row_type=\u00bbrow\u00bb use_row_as_full_screen_section=\u00bbno\u00bb type=\u00bbgrid\u00bb angled_section=\u00bbno\u00bb text_align=\u00bbleft\u00bb background_image_as_pattern=\u00bbwithout_pattern\u00bb css_animation=\u00bb\u00bb][vc_column][vc_column_text] HELLER\u00a0TALLER DE PIANOS [\/vc_column_text][\/vc_column][\/vc_row][vc_row row_type=\u00bbrow\u00bb use_row_as_full_screen_section=\u00bbno\u00bb type=\u00bbfull_width\u00bb angled_section=\u00bbno\u00bb text_align=\u00bbleft\u00bb background_image_as_pattern=\u00bbwithout_pattern\u00bb css_animation=\u00bb\u00bb][vc_column][vc_separator type=\u00bbtransparent\u00bb thickness=\u00bb25&#8243;][\/vc_column][\/vc_row][vc_row row_type=\u00bbrow\u00bb use_row_as_full_screen_section=\u00bbno\u00bb type=\u00bbgrid\u00bb angled_section=\u00bbno\u00bb text_align=\u00bbleft\u00bb background_image_as_pattern=\u00bbwithout_pattern\u00bb css_animation=\u00bb\u00bb][vc_column][vc_column_text]La firma Heller fue fundada el 1 de Enero&#8230;<\/p>\n","protected":false},"author":1,"featured_media":0,"parent":0,"menu_order":0,"comment_status":"closed","ping_status":"closed","template":"full_width.php","meta":{"footnotes":""},"class_list":["post-1268","page","type-page","status-publish","hentry"],"_links":{"self":[{"href":"https:\/\/hellerbass.de\/es\/wp-json\/wp\/v2\/pages\/1268","targetHints":{"allow":["GET"]}}],"collection":[{"href":"https:\/\/hellerbass.de\/es\/wp-json\/wp\/v2\/pages"}],"about":[{"href":"https:\/\/hellerbass.de\/es\/wp-json\/wp\/v2\/types\/page"}],"author":[{"embeddable":true,"href":"https:\/\/hellerbass.de\/es\/wp-json\/wp\/v2\/users\/1"}],"replies":[{"embeddable":true,"href":"https:\/\/hellerbass.de\/es\/wp-json\/wp\/v2\/comments?post=1268"}],"version-history":[{"count":0,"href":"https:\/\/hellerbass.de\/es\/wp-json\/wp\/v2\/pages\/1268\/revisions"}],"wp:attachment":[{"href":"https:\/\/hellerbass.de\/es\/wp-json\/wp\/v2\/media?parent=1268"}],"curies":[{"name":"wp","href":"https:\/\/api.w.org\/{rel}","templated":true}]}}