{"id":1241,"date":"2022-09-30T12:01:13","date_gmt":"2022-09-30T12:01:13","guid":{"rendered":"https:\/\/hellerbass.de\/cordes-a-lunite\/"},"modified":"2022-10-01T14:41:49","modified_gmt":"2022-10-01T14:41:49","slug":"cordes-a-lunite","status":"publish","type":"page","link":"https:\/\/hellerbass.de\/fr\/cordes-a-lunite\/","title":{"rendered":"Cordes \u00e0 l&rsquo;unit\u00e9"},"content":{"rendered":"<div class=\"wpb-content-wrapper\"><p>[vc_row css_animation=\u00a0\u00bb\u00a0\u00bb row_type=\u00a0\u00bbrow\u00a0\u00bb use_row_as_full_screen_section=\u00a0\u00bbno\u00a0\u00bb type=\u00a0\u00bbfull_width\u00a0\u00bb angled_section=\u00a0\u00bbno\u00a0\u00bb text_align=\u00a0\u00bbleft\u00a0\u00bb background_image_as_pattern=\u00a0\u00bbwithout_pattern\u00a0\u00bb][vc_column][vc_separator type=\u00a0\u00bbtransparent\u00a0\u00bb thickness=\u00a0\u00bb50&Prime;][\/vc_column][\/vc_row][vc_row css_animation=\u00a0\u00bb\u00a0\u00bb row_type=\u00a0\u00bbrow\u00a0\u00bb use_row_as_full_screen_section=\u00a0\u00bbno\u00a0\u00bb type=\u00a0\u00bbgrid\u00a0\u00bb angled_section=\u00a0\u00bbno\u00a0\u00bb text_align=\u00a0\u00bbleft\u00a0\u00bb background_image_as_pattern=\u00a0\u00bbwithout_pattern\u00a0\u00bb][vc_column][vc_column_text]<\/p>\n<h1>CORDES \u00c0 L&rsquo;UNIT\u00c9<\/h1>\n<p>[\/vc_column_text][\/vc_column][\/vc_row][vc_row css_animation=\u00a0\u00bb\u00a0\u00bb row_type=\u00a0\u00bbrow\u00a0\u00bb use_row_as_full_screen_section=\u00a0\u00bbno\u00a0\u00bb type=\u00a0\u00bbfull_width\u00a0\u00bb angled_section=\u00a0\u00bbno\u00a0\u00bb text_align=\u00a0\u00bbleft\u00a0\u00bb background_image_as_pattern=\u00a0\u00bbwithout_pattern\u00a0\u00bb][vc_column][vc_separator type=\u00a0\u00bbtransparent\u00a0\u00bb thickness=\u00a0\u00bb25&Prime;][\/vc_column][\/vc_row][vc_row css_animation=\u00a0\u00bb\u00a0\u00bb row_type=\u00a0\u00bbrow\u00a0\u00bb use_row_as_full_screen_section=\u00a0\u00bbno\u00a0\u00bb type=\u00a0\u00bbgrid\u00a0\u00bb angled_section=\u00a0\u00bbno\u00a0\u00bb text_align=\u00a0\u00bbleft\u00a0\u00bb background_image_as_pattern=\u00a0\u00bbwithout_pattern\u00a0\u00bb][vc_column][vc_column_text]Commandez des cordes \u00e0 l\u2019unit\u00e9 en ligne en remplissant les champs ci-dessous avec les cotes requises et cliquez sur \u00ab\u00a0Commander\u00a0\u00bb.<\/p>\n<p>Si vous souhaitez imprimer le formulaire de commande des cordes \u00e0 l\u2019unit\u00e9, veuillez cliquer sur <a href=\"https:\/\/www.hellerbass.eu\/fr\/telechargements\">T\u00e9l\u00e9chargements<\/a>.<\/p>\n<p>Vous trouverez l\u2019intitul\u00e9 des cotes requises sous l\u2019onglet <a href=\"https:\/\/www.hellerbass.eu\/fr\/instructions#anchor_2\">Instructions<\/a>.[\/vc_column_text][\/vc_column][\/vc_row][vc_row css_animation=\u00a0\u00bb\u00a0\u00bb row_type=\u00a0\u00bbrow\u00a0\u00bb use_row_as_full_screen_section=\u00a0\u00bbno\u00a0\u00bb type=\u00a0\u00bbfull_width\u00a0\u00bb angled_section=\u00a0\u00bbno\u00a0\u00bb text_align=\u00a0\u00bbleft\u00a0\u00bb background_image_as_pattern=\u00a0\u00bbwithout_pattern\u00a0\u00bb][vc_column][vc_separator type=\u00a0\u00bbtransparent\u00a0\u00bb thickness=\u00a0\u00bb20px\u00a0\u00bb][\/vc_column][\/vc_row][vc_row css_animation=\u00a0\u00bb\u00a0\u00bb row_type=\u00a0\u00bbrow\u00a0\u00bb use_row_as_full_screen_section=\u00a0\u00bbno\u00a0\u00bb type=\u00a0\u00bbgrid\u00a0\u00bb angled_section=\u00a0\u00bbno\u00a0\u00bb text_align=\u00a0\u00bbleft\u00a0\u00bb background_image_as_pattern=\u00a0\u00bbwithout_pattern\u00a0\u00bb css=\u00a0\u00bb.vc_custom_1468931948351{border-radius: 5px !important;}\u00a0\u00bb][vc_column][vc_column_text]<div class=\"frm_forms  with_frm_style frm_style_formidable-style\" id=\"frm_form_35_container\" >\n<form enctype=\"multipart\/form-data\" method=\"post\" class=\"frm-show-form  frm_pro_form \" id=\"form_lbd6q922\" >\n<div class=\"frm_form_fields \">\n<fieldset>\n\r\n<div class=\"frm_fields_container\">\n<input type=\"hidden\" name=\"frm_action\" value=\"create\" \/>\n<input type=\"hidden\" name=\"form_id\" value=\"35\" \/>\n<input type=\"hidden\" name=\"frm_hide_fields_35\" id=\"frm_hide_fields_35\" value=\"\" \/>\n<input type=\"hidden\" name=\"form_key\" value=\"lbd6q922\" \/>\n<input type=\"hidden\" name=\"item_meta[0]\" value=\"\" \/>\n<input type=\"hidden\" id=\"frm_submit_entry_35\" name=\"frm_submit_entry_35\" value=\"f0cd802b54\" \/><input type=\"hidden\" name=\"_wp_http_referer\" value=\"\/fr\/wp-json\/wp\/v2\/pages\/1241\" \/><div id=\"frm_field_340_container\" class=\"first_number frm_form_field form-field  frm_required_field frm_top_container\">\r\n    <label for=\"field_hw8ogq3\" class=\"frm_primary_label\">Nom\r\n        <span class=\"frm_required\">*<\/span>\r\n    <\/label>\r\n    <input  type=\"text\" id=\"field_hw8ogq3\" name=\"item_meta[340]\" value=\"\"  style=\"width:500px\" data-reqmsg=\"Ce champ est obligatoire\" aria-required=\"true\" data-invmsg=\"Nom ist ung\u00fcltig\" class=\"auto_width\" aria-invalid=\"false\"   \/>\r\n    \r\n    \r\n<\/div>\n<div id=\"frm_field_341_container\" class=\"frm_form_field form-field  frm_top_container\">\r\n    <label for=\"field_avu3g3\" class=\"frm_primary_label\">Adresse\r\n        <span class=\"frm_required\"><\/span>\r\n    <\/label>\r\n    <textarea name=\"item_meta[341]\" id=\"field_avu3g3\" rows=\"5\"  style=\"width:500px\" cols=\"55\" data-invmsg=\"Adresse ist ung\u00fcltig\" class=\"auto_width\" aria-invalid=\"false\"  ><\/textarea>\r\n    \r\n    \r\n<\/div>\n<div id=\"frm_field_342_container\" class=\"frm_form_field form-field  frm_required_field frm_top_container\">\r\n    <label for=\"field_rgh833\" class=\"frm_primary_label\">Email\r\n        <span class=\"frm_required\">*<\/span>\r\n    <\/label>\r\n    <input type=\"email\" id=\"field_rgh833\" name=\"item_meta[342]\" value=\"\"  style=\"width:500px\" data-reqmsg=\"Ce champ est obligatoire\" aria-required=\"true\" data-invmsg=\"Un probl\u00e8me est survenu sur votre entr\u00e9e\" class=\"auto_width\" aria-invalid=\"false\"  \/>\r\n    \r\n    \r\n<\/div>\n<div id=\"frm_field_343_container\" class=\"frm_form_field  frm_html_container form-field\">&nbsp;<\/div>\n<div id=\"frm_field_344_container\" class=\"frm_form_field frm_section_heading form-field \">\r\n<h3 class=\"frm_pos_top frm_section_spacing\">Informations de commande:<\/h3>\r\n\r\n<input type=\"hidden\" name=\"item_meta[344][form]\" value=\"5\" class=\"frm_dnc\" \/>\n\t\t\t<div id=\"frm_section_344-0\" class=\"frm_repeat_sec frm_repeat_344 frm_first_repeat frm_grid_container\">\n<input type=\"hidden\" name=\"item_meta[344][row_ids][]\" value=\"0\" \/><input type=\"hidden\" name=\"item_meta[344][0][0]\" value=\"\" \/><div id=\"frm_field_33-344-0_container\" class=\"frm_form_field form-field  frm_top_container frm_first frm_fifth frm_field_33_container\">\r\n    <label for=\"field_ln9dn3-0\" class=\"frm_primary_label\">\u0152illet-d\u00e9butCu\r\n        <span class=\"frm_required\"><\/span>\r\n    <\/label>\r\n    <input  type=\"text\" id=\"field_ln9dn3-0\" name=\"item_meta[344][0][33]\" value=\"\"  data-sectionid=\"344\"  style=\"width:150px\" maxlength=\"8\" data-invmsg=\"\u0152illet-d\u00e9butCu ist ung\u00fcltig\" class=\"auto_width\" aria-invalid=\"false\"   \/>\r\n    \r\n    \r\n<\/div>\n<div id=\"frm_field_34-344-0_container\" class=\"frm_form_field form-field  frm_top_container frm_fifth frm_field_34_container\">\r\n    <label for=\"field_6svls3-0\" class=\"frm_primary_label\">Lg.Cu\r\n        <span class=\"frm_required\"><\/span>\r\n    <\/label>\r\n    <input  type=\"text\" id=\"field_6svls3-0\" name=\"item_meta[344][0][34]\" value=\"\"  data-sectionid=\"344\"  style=\"width:150px\" maxlength=\"8\" data-invmsg=\"Lg.Cu ist ung\u00fcltig\" class=\"auto_width\" aria-invalid=\"false\"   \/>\r\n    \r\n    \r\n<\/div>\n<div id=\"frm_field_35-344-0_container\" class=\"frm_form_field form-field  frm_top_container frm_fifth frm_field_35_container\">\r\n    <label for=\"field_vcim03-0\" class=\"frm_primary_label\">\u0152illet-finCu\r\n        <span class=\"frm_required\"><\/span>\r\n    <\/label>\r\n    <input  type=\"text\" id=\"field_vcim03-0\" name=\"item_meta[344][0][35]\" value=\"\"  data-sectionid=\"344\"  style=\"width:150px\" maxlength=\"8\" data-invmsg=\"\u0152illet-finCu ist ung\u00fcltig\" class=\"auto_width\" aria-invalid=\"false\"   \/>\r\n    \r\n    \r\n<\/div>\n<div id=\"frm_field_36-344-0_container\" class=\"frm_form_field form-field  frm_top_container frm_fifth frm_field_36_container\">\r\n    <label for=\"field_slwrd3-0\" class=\"frm_primary_label\">Acier \u00d8\r\n        <span class=\"frm_required\"><\/span>\r\n    <\/label>\r\n    <input  type=\"text\" id=\"field_slwrd3-0\" name=\"item_meta[344][0][36]\" value=\"\"  data-sectionid=\"344\"  style=\"width:150px\" maxlength=\"6\" data-invmsg=\"Acier \u00d8 ist ung\u00fcltig\" class=\"auto_width\" aria-invalid=\"false\"   \/>\r\n    \r\n    \r\n<\/div>\n<div id=\"frm_field_37-344-0_container\" class=\"frm_form_field form-field  frm_top_container frm_fifth frm_field_37_container\">\r\n    <label for=\"field_mtb8d3-0\" class=\"frm_primary_label\">Total  \u00d8\r\n        <span class=\"frm_required\"><\/span>\r\n    <\/label>\r\n    <input  type=\"text\" id=\"field_mtb8d3-0\" name=\"item_meta[344][0][37]\" value=\"\"  data-sectionid=\"344\"  style=\"width:150px\" maxlength=\"6\" data-invmsg=\"Total  \u00d8 ist ung\u00fcltig\" class=\"auto_width\" aria-invalid=\"false\"   \/>\r\n    \r\n    \r\n<\/div>\n<div id=\"frm_field_38-344-0_container\" class=\"frm_form_field form-field  frm_top_container frm_first frm_fifth vertical_radio frm_field_38_container\">\r\n    <label  class=\"frm_primary_label\">Mesur\u00e9 comment?\r\n        <span class=\"frm_required\"><\/span>\r\n    <\/label>\r\n    <div class=\"frm_opt_container\">\t\t<div class=\"frm_radio\" id=\"frm_radio_38-344-0\">\t\t\t<label  for=\"field_x9hno3-0-0\">\n\t\t\t\t\t<input type=\"radio\" name=\"item_meta[344][0][38]\" id=\"field_x9hno3-0-0\" value=\"d\u00e9tendue (depuis l\u2019arri\u00e8re de la bouclette)\"\n\t\t   data-sectionid=\"344\"  data-invmsg=\"Mesur\u00e9 comment? est non valide\" aria-invalid=\"false\"  \/> d\u00e9tendue (depuis l\u2019arri\u00e8re de la bouclette)<\/label><\/div>\n\t\t<div class=\"frm_radio\" id=\"frm_radio_38-344-1\">\t\t\t<label  for=\"field_x9hno3-0-1\">\n\t\t\t\t\t<input type=\"radio\" name=\"item_meta[344][0][38]\" id=\"field_x9hno3-0-1\" value=\"d\u00e9tendue (avec le m\u00e8tre sp\u00e9cial)\"\n\t\t   data-sectionid=\"344\"  data-invmsg=\"Mesur\u00e9 comment? est non valide\" aria-invalid=\"false\"  \/> d\u00e9tendue (avec le m\u00e8tre sp\u00e9cial)<\/label><\/div>\n\t\t<div class=\"frm_radio\" id=\"frm_radio_38-344-2\">\t\t\t<label  for=\"field_x9hno3-0-2\">\n\t\t\t\t\t<input type=\"radio\" name=\"item_meta[344][0][38]\" id=\"field_x9hno3-0-2\" value=\"dans le piano (avec le m\u00e8tre sp\u00e9cial\/sans l\u2019\u00e9paisseur de la pointe)\"\n\t\t   data-sectionid=\"344\"  data-invmsg=\"Mesur\u00e9 comment? est non valide\" aria-invalid=\"false\"  \/> dans le piano (avec le m\u00e8tre sp\u00e9cial\/sans l\u2019\u00e9paisseur de la pointe)<\/label><\/div>\n<\/div>\r\n    \r\n    \r\n<\/div>\n<div id=\"frm_field_39-344-0_container\" class=\"frm_form_field form-field  frm_top_container frm_fifth vertical_radio frm_field_39_container frm_other_container\">\r\n    <label  class=\"frm_primary_label\">Type de bouclette?\r\n        <span class=\"frm_required\"><\/span>\r\n    <\/label>\r\n    <div class=\"frm_opt_container\">\t\t<div class=\"frm_radio\" id=\"frm_radio_39-344-other_3\">\t\t\t<label  for=\"field_rjox73-0-other_3\">\n\t\t\t\t\t<input type=\"radio\" name=\"item_meta[344][0][39]\" id=\"field_rjox73-0-other_3\" value=\"Bouclette \u00e0 la fran\u00e7aise (standard 55mm) \/ autre longueur?\"\n\t\t   data-sectionid=\"344\"  data-invmsg=\"Type de bouclette? est non valide\" aria-invalid=\"false\"  \/> Bouclette \u00e0 la fran\u00e7aise (standard 55mm) \/ autre longueur?<\/label><label for=\"field_rjox73-0-other_3-otext\" class=\"frm_screen_reader frm_hidden\">Bouclette \u00e0 la fran\u00e7aise (standard 55mm) \/ autre longueur?<\/label><input type=\"text\" id=\"field_rjox73-0-other_3-otext\" class=\"frm_other_input frm_pos_none\"  name=\"item_meta[344][0][other][39]\" value=\"\" \/><\/div>\n\t\t<div class=\"frm_radio\" id=\"frm_radio_39-344-4\">\t\t\t<label  for=\"field_rjox73-0-4\">\n\t\t\t\t\t<input type=\"radio\" name=\"item_meta[344][0][39]\" id=\"field_rjox73-0-4\" value=\"Bouclette courte\"\n\t\t   data-sectionid=\"344\"  data-invmsg=\"Type de bouclette? est non valide\" aria-invalid=\"false\"  \/> Bouclette courte<\/label><\/div>\n\t\t<div class=\"frm_radio\" id=\"frm_radio_39-344-5\">\t\t\t<label  for=\"field_rjox73-0-5\">\n\t\t\t\t\t<input type=\"radio\" name=\"item_meta[344][0][39]\" id=\"field_rjox73-0-5\" value=\"Double-bouclette courte\"\n\t\t   data-sectionid=\"344\"  data-invmsg=\"Type de bouclette? est non valide\" aria-invalid=\"false\"  \/> Double-bouclette courte<\/label><\/div>\n<\/div>\r\n    \r\n    \r\n<\/div>\n<div id=\"frm_field_40-344-0_container\" class=\"frm_form_field form-field  frm_top_container frm_fifth vertical_radio frm_field_40_container\">\r\n    <label  class=\"frm_primary_label\">Quel fil d\u2019acier?\r\n        <span class=\"frm_required\"><\/span>\r\n    <\/label>\r\n    <div class=\"frm_opt_container\">\t\t<div class=\"frm_radio\" id=\"frm_radio_40-344-0\">\t\t\t<label  for=\"field_lvpp13-0-0\">\n\t\t\t\t\t<input type=\"radio\" name=\"item_meta[344][0][40]\" id=\"field_lvpp13-0-0\" value=\"rond\"\n\t\t   data-sectionid=\"344\"  data-invmsg=\"Quel fil d\u2019acier? est non valide\" aria-invalid=\"false\"  \/> rond<\/label><\/div>\n\t\t<div class=\"frm_radio\" id=\"frm_radio_40-344-1\">\t\t\t<label  for=\"field_lvpp13-0-1\">\n\t\t\t\t\t<input type=\"radio\" name=\"item_meta[344][0][40]\" id=\"field_lvpp13-0-1\" value=\"hexagonal\"\n\t\t   data-sectionid=\"344\"  data-invmsg=\"Quel fil d\u2019acier? est non valide\" aria-invalid=\"false\"  \/> hexagonal<\/label><\/div>\n<\/div>\r\n    \r\n    \r\n<\/div>\n<div id=\"frm_field_41-344-0_container\" class=\"frm_form_field form-field  frm_top_container frm_fifth vertical_radio frm_field_41_container\">\r\n    <label  class=\"frm_primary_label\">Finition des extr\u00e9mit\u00e9s de filage\r\n        <span class=\"frm_required\"><\/span>\r\n    <\/label>\r\n    <div class=\"frm_opt_container\">\t\t<div class=\"frm_checkbox\" id=\"frm_checkbox_41-344-0\">\t\t\t<label  for=\"field_vcb153-0-0\">\n\t\t\t<input type=\"checkbox\" name=\"item_meta[344][0][41][]\" id=\"field_vcb153-0-0\" value=\"coup\u00e9e des deux c\u00f4t\u00e9s\"  data-sectionid=\"344\"  data-invmsg=\"Finition des extr\u00e9mit\u00e9s de filage est non valide\" aria-invalid=\"false\"   \/> coup\u00e9e des deux c\u00f4t\u00e9s<\/label><\/div>\n\t\t<div class=\"frm_checkbox\" id=\"frm_checkbox_41-344-1\">\t\t\t<label  for=\"field_vcb153-0-1\">\n\t\t\t<input type=\"checkbox\" name=\"item_meta[344][0][41][]\" id=\"field_vcb153-0-1\" value=\"frais\u00e9e des deux c\u00f4t\u00e9s\"  data-sectionid=\"344\"  data-invmsg=\"Finition des extr\u00e9mit\u00e9s de filage est non valide\" aria-invalid=\"false\"   \/> frais\u00e9e des deux c\u00f4t\u00e9s<\/label><\/div>\n\t\t<div class=\"frm_checkbox\" id=\"frm_checkbox_41-344-2\">\t\t\t<label  for=\"field_vcb153-0-2\">\n\t\t\t<input type=\"checkbox\" name=\"item_meta[344][0][41][]\" id=\"field_vcb153-0-2\" value=\"frais\u00e9e c\u00f4t\u00e9 cheville\"  data-sectionid=\"344\"  data-invmsg=\"Finition des extr\u00e9mit\u00e9s de filage est non valide\" aria-invalid=\"false\"   \/> frais\u00e9e c\u00f4t\u00e9 cheville<\/label><\/div>\n\t\t<div class=\"frm_checkbox\" id=\"frm_checkbox_41-344-3\">\t\t\t<label  for=\"field_vcb153-0-3\">\n\t\t\t<input type=\"checkbox\" name=\"item_meta[344][0][41][]\" id=\"field_vcb153-0-3\" value=\"contrefil\u00e9e c\u00f4t\u00e9 chevalet\"  data-sectionid=\"344\"  data-invmsg=\"Finition des extr\u00e9mit\u00e9s de filage est non valide\" aria-invalid=\"false\"   \/> contrefil\u00e9e c\u00f4t\u00e9 chevalet<\/label><\/div>\n<\/div>\r\n    \r\n    \r\n<\/div>\n<div id=\"frm_field_42-344-0_container\" class=\"frm_form_field form-field  frm_top_container frm_fifth frm_field_42_container\">\r\n    <label for=\"field_qxetl3-0\" class=\"frm_primary_label\">Remarques\/ Commission\r\n        <span class=\"frm_required\"><\/span>\r\n    <\/label>\r\n    <textarea name=\"item_meta[344][0][42]\" id=\"field_qxetl3-0\" rows=\"4\"  data-sectionid=\"344\"  style=\"width:150px\" cols=\"16\" data-invmsg=\"Remarques\/ Commission ist ung\u00fcltig\" class=\"auto_width\" aria-invalid=\"false\"  ><\/textarea>\r\n    \r\n    \r\n<\/div>\n<div class=\"frm_form_field frm_hidden_container frm_repeat_buttons \"><a href=\"#\" class=\"frm_add_form_row frm_button\" data-parent=\"344\" aria-label=\"Add\"><svg  viewBox=\"0 0 20 20\" width=\"1em\" height=\"1em\" class=\"frmsvg frm-svg-icon\">\n\t<title>plus4<\/title>\n\t<path d=\"M19.4 7.5h-6.9V.6c0-.3-.3-.6-.6-.6H8c-.3 0-.6.3-.6.6v6.9H.6c-.3 0-.6.3-.6.6V12c0 .3.3.6.6.6h6.9v6.9c0 .3.3.6.6.6H12c.3 0 .6-.3.6-.6v-6.9h6.9c.3 0 .6-.3.6-.6V8c0-.3-.3-.6-.6-.6z\"><\/path>\n\n<\/svg> Autre corde<\/a>\n<a href=\"#\" class=\"frm_remove_form_row frm_button\" data-key=\"0\" data-parent=\"344\" aria-label=\"Supprimer\"><svg  viewBox=\"0 0 20 20\" width=\"1em\" height=\"1em\" class=\"frmsvg frm-svg-icon\">\n\t<title>minus4<\/title>\n\t<path d=\"M0 8.1V12c0 .3.3.6.6.6h18.8c.3 0 .6-.3.6-.6V8c0-.3-.3-.6-.6-.6H.6c-.3 0-.6.3-.6.6z\"><\/path>\n\n<\/svg> Supprimer la derni\u00e8re<\/a> <\/div><\/div>\n\r\n<\/div>\n<div id=\"frm_field_43_container\" class=\"frm_form_field  frm_html_container form-field\">\n<hr>\n<\/div>\n<div id=\"frm_field_346_container\" class=\"frm_form_field form-field  frm_top_container\">\r\n    <label for=\"field_x5c143\" class=\"frm_primary_label\">Dernier commentaire:\r\n        <span class=\"frm_required\"><\/span>\r\n    <\/label>\r\n    <textarea name=\"item_meta[346]\" id=\"field_x5c143\" rows=\"4\"  style=\"width:500px\" cols=\"55\" data-invmsg=\"Dernier commentaire: ist ung\u00fcltig\" class=\"auto_width\" aria-invalid=\"false\"  ><\/textarea>\r\n    \r\n    \r\n<\/div>\n<div id=\"frm_field_1052_container\" class=\"frm_form_field form-field \">\r\n\t<div class=\"frm_submit\">\r\n\r\n<input type=\"submit\" value=\"Commander\"  class=\"frm_final_submit\" formnovalidate=\"formnovalidate\" \/>\r\n<img decoding=\"async\" class=\"frm_ajax_loading\" src=\"https:\/\/hellerbass.de\/wp-content\/plugins\/formidable\/images\/ajax_loader.gif\" alt=\"Sending\" style=\"visibility:hidden;\" \/>\r\n\r\n<\/div>\r\n<\/div>\n\t<input type=\"hidden\" name=\"item_key\" value=\"\" \/>\n\t\t\t<div id=\"frm_field_1109_container\">\n\t\t\t<label for=\"field_e81ms\" >\n\t\t\t\tSi vous \u00eates un humain, ne remplissez pas ce champ.\t\t\t<\/label>\n\t\t\t<input  id=\"field_e81ms\" type=\"text\" class=\"frm_form_field form-field frm_verify\" name=\"item_meta[1109]\" value=\"\"  \/>\n\t\t<\/div>\n\t\t<input name=\"frm_state\" type=\"hidden\" value=\"qGZXQLK9wYPAK3CLh6oZkr8dSdO0ebUHDHejhJrIEMajRL3JS95FzDs7mBJKrxGS\" \/><script language=\"Javascript\">\r\n    document.onkeydown = function() {\r\n        if (event.keyCode == 13) {\r\n            if (document.activeElement.tagName.toLowerCase () != \"textarea\") {\r\n                      event.preventDefault();\r\n                      return false;\r\n                }\r\n        }\r\n    }\r\n<\/script><\/div>\n<\/fieldset>\n<\/div>\n\n<\/form>\n<\/div>\n[\/vc_column_text][\/vc_column][\/vc_row][vc_row css_animation=\u00a0\u00bb\u00a0\u00bb row_type=\u00a0\u00bbrow\u00a0\u00bb use_row_as_full_screen_section=\u00a0\u00bbno\u00a0\u00bb type=\u00a0\u00bbfull_width\u00a0\u00bb angled_section=\u00a0\u00bbno\u00a0\u00bb text_align=\u00a0\u00bbleft\u00a0\u00bb background_image_as_pattern=\u00a0\u00bbwithout_pattern\u00a0\u00bb][vc_column][vc_separator type=\u00a0\u00bbtransparent\u00a0\u00bb thickness=\u00a0\u00bb50px\u00a0\u00bb][\/vc_column][\/vc_row][vc_row css_animation=\u00a0\u00bb\u00a0\u00bb row_type=\u00a0\u00bbrow\u00a0\u00bb use_row_as_full_screen_section=\u00a0\u00bbno\u00a0\u00bb type=\u00a0\u00bbfull_width\u00a0\u00bb angled_section=\u00a0\u00bbno\u00a0\u00bb text_align=\u00a0\u00bbleft\u00a0\u00bb background_image_as_pattern=\u00a0\u00bbwithout_pattern\u00a0\u00bb][vc_column][vc_gallery type=\u00a0\u00bbimage_grid\u00a0\u00bb images=\u00a0\u00bb531,564,597,608&Prime; img_size=\u00a0\u00bb412&#215;412&Prime; column_number=\u00a0\u00bb4&Prime; grayscale=\u00a0\u00bbyes\u00a0\u00bb images_space=\u00a0\u00bbgallery_without_space\u00a0\u00bb][\/vc_column][\/vc_row][vc_row css_animation=\u00a0\u00bb\u00a0\u00bb row_type=\u00a0\u00bbrow\u00a0\u00bb use_row_as_full_screen_section=\u00a0\u00bbno\u00a0\u00bb type=\u00a0\u00bbfull_width\u00a0\u00bb angled_section=\u00a0\u00bbno\u00a0\u00bb text_align=\u00a0\u00bbleft\u00a0\u00bb background_image_as_pattern=\u00a0\u00bbwithout_pattern\u00a0\u00bb anchor=\u00a0\u00bbanchor_1&Prime;][vc_column][\/vc_column][\/vc_row]<\/p>\n<\/div>","protected":false},"excerpt":{"rendered":"<p>[vc_row css_animation=\u00a0\u00bb\u00a0\u00bb row_type=\u00a0\u00bbrow\u00a0\u00bb use_row_as_full_screen_section=\u00a0\u00bbno\u00a0\u00bb type=\u00a0\u00bbfull_width\u00a0\u00bb angled_section=\u00a0\u00bbno\u00a0\u00bb text_align=\u00a0\u00bbleft\u00a0\u00bb background_image_as_pattern=\u00a0\u00bbwithout_pattern\u00a0\u00bb][vc_column][vc_separator type=\u00a0\u00bbtransparent\u00a0\u00bb thickness=\u00a0\u00bb50&Prime;][\/vc_column][\/vc_row][vc_row css_animation=\u00a0\u00bb\u00a0\u00bb row_type=\u00a0\u00bbrow\u00a0\u00bb use_row_as_full_screen_section=\u00a0\u00bbno\u00a0\u00bb type=\u00a0\u00bbgrid\u00a0\u00bb angled_section=\u00a0\u00bbno\u00a0\u00bb text_align=\u00a0\u00bbleft\u00a0\u00bb background_image_as_pattern=\u00a0\u00bbwithout_pattern\u00a0\u00bb][vc_column][vc_column_text] CORDES \u00c0 L&rsquo;UNIT\u00c9 [\/vc_column_text][\/vc_column][\/vc_row][vc_row css_animation=\u00a0\u00bb\u00a0\u00bb row_type=\u00a0\u00bbrow\u00a0\u00bb use_row_as_full_screen_section=\u00a0\u00bbno\u00a0\u00bb type=\u00a0\u00bbfull_width\u00a0\u00bb angled_section=\u00a0\u00bbno\u00a0\u00bb text_align=\u00a0\u00bbleft\u00a0\u00bb background_image_as_pattern=\u00a0\u00bbwithout_pattern\u00a0\u00bb][vc_column][vc_separator type=\u00a0\u00bbtransparent\u00a0\u00bb thickness=\u00a0\u00bb25&Prime;][\/vc_column][\/vc_row][vc_row css_animation=\u00a0\u00bb\u00a0\u00bb row_type=\u00a0\u00bbrow\u00a0\u00bb use_row_as_full_screen_section=\u00a0\u00bbno\u00a0\u00bb type=\u00a0\u00bbgrid\u00a0\u00bb angled_section=\u00a0\u00bbno\u00a0\u00bb text_align=\u00a0\u00bbleft\u00a0\u00bb background_image_as_pattern=\u00a0\u00bbwithout_pattern\u00a0\u00bb][vc_column][vc_column_text]Commandez des cordes \u00e0 l\u2019unit\u00e9 en ligne en remplissant&#8230;<\/p>\n","protected":false},"author":1,"featured_media":0,"parent":0,"menu_order":0,"comment_status":"closed","ping_status":"closed","template":"full_width.php","meta":{"footnotes":""},"class_list":["post-1241","page","type-page","status-publish","hentry"],"_links":{"self":[{"href":"https:\/\/hellerbass.de\/fr\/wp-json\/wp\/v2\/pages\/1241","targetHints":{"allow":["GET"]}}],"collection":[{"href":"https:\/\/hellerbass.de\/fr\/wp-json\/wp\/v2\/pages"}],"about":[{"href":"https:\/\/hellerbass.de\/fr\/wp-json\/wp\/v2\/types\/page"}],"author":[{"embeddable":true,"href":"https:\/\/hellerbass.de\/fr\/wp-json\/wp\/v2\/users\/1"}],"replies":[{"embeddable":true,"href":"https:\/\/hellerbass.de\/fr\/wp-json\/wp\/v2\/comments?post=1241"}],"version-history":[{"count":0,"href":"https:\/\/hellerbass.de\/fr\/wp-json\/wp\/v2\/pages\/1241\/revisions"}],"wp:attachment":[{"href":"https:\/\/hellerbass.de\/fr\/wp-json\/wp\/v2\/media?parent=1241"}],"curies":[{"name":"wp","href":"https:\/\/api.w.org\/{rel}","templated":true}]}}