{"id":1263,"date":"2022-09-30T12:22:42","date_gmt":"2022-09-30T12:22:42","guid":{"rendered":"https:\/\/hellerbass.de\/heller-klavierbau\/"},"modified":"2022-09-30T12:22:42","modified_gmt":"2022-09-30T12:22:42","slug":"heller-klavierbau","status":"publish","type":"page","link":"https:\/\/hellerbass.de\/fr\/heller-klavierbau\/","title":{"rendered":"Heller Klavierbau"},"content":{"rendered":"<div class=\"wpb-content-wrapper\"><p>[vc_row row_type=\u00a0\u00bbrow\u00a0\u00bb use_row_as_full_screen_section=\u00a0\u00bbno\u00a0\u00bb type=\u00a0\u00bbfull_width\u00a0\u00bb angled_section=\u00a0\u00bbno\u00a0\u00bb text_align=\u00a0\u00bbleft\u00a0\u00bb background_image_as_pattern=\u00a0\u00bbwithout_pattern\u00a0\u00bb css_animation=\u00a0\u00bb\u00a0\u00bb][vc_column][vc_separator type=\u00a0\u00bbtransparent\u00a0\u00bb thickness=\u00a0\u00bb50&Prime;][\/vc_column][\/vc_row][vc_row row_type=\u00a0\u00bbrow\u00a0\u00bb use_row_as_full_screen_section=\u00a0\u00bbno\u00a0\u00bb type=\u00a0\u00bbgrid\u00a0\u00bb angled_section=\u00a0\u00bbno\u00a0\u00bb text_align=\u00a0\u00bbleft\u00a0\u00bb background_image_as_pattern=\u00a0\u00bbwithout_pattern\u00a0\u00bb css_animation=\u00a0\u00bb\u00a0\u00bb][vc_column][vc_column_text]<\/p>\n<h1>HELLER KLAVIERBAU<\/h1>\n<p>[\/vc_column_text][\/vc_column][\/vc_row][vc_row row_type=\u00a0\u00bbrow\u00a0\u00bb use_row_as_full_screen_section=\u00a0\u00bbno\u00a0\u00bb type=\u00a0\u00bbfull_width\u00a0\u00bb angled_section=\u00a0\u00bbno\u00a0\u00bb text_align=\u00a0\u00bbleft\u00a0\u00bb background_image_as_pattern=\u00a0\u00bbwithout_pattern\u00a0\u00bb css_animation=\u00a0\u00bb\u00a0\u00bb][vc_column][vc_separator type=\u00a0\u00bbtransparent\u00a0\u00bb thickness=\u00a0\u00bb25&Prime;][\/vc_column][\/vc_row][vc_row row_type=\u00a0\u00bbrow\u00a0\u00bb use_row_as_full_screen_section=\u00a0\u00bbno\u00a0\u00bb type=\u00a0\u00bbgrid\u00a0\u00bb angled_section=\u00a0\u00bbno\u00a0\u00bb text_align=\u00a0\u00bbleft\u00a0\u00bb background_image_as_pattern=\u00a0\u00bbwithout_pattern\u00a0\u00bb css_animation=\u00a0\u00bb\u00a0\u00bb][vc_column][vc_column_text]La soci\u00e9t\u00e9 Heller Klavierbau fut fond\u00e9e le 1er janvier 1985. Peu de temps apr\u00e8s, la soci\u00e9t\u00e9 Heller se sp\u00e9cialisa dans la fabrication de cordes de basse de grande qualit\u00e9 pour pianos droits et \u00e0 queue- Aujourd\u2019hui, Hellerbass est une marque d\u00e9pos\u00e9e \u00ae.<\/p>\n<p><img decoding=\"async\" class=\"wp-image-16608 alignright\" src=\"https:\/\/www.hellerbass.eu\/wp-content\/uploads\/2013\/02\/Hellerbass-building-1030x746.jpg\" alt=\"Hellerbass building\" width=\"515\" height=\"373\" \/><\/p>\n<p>Dans les ann\u00e9es 70 et 80, la maison Bechstein fabriquait des pianos droits et \u00e0 queue dans les environs de Heidelberg. Walter Heller y fut embauch\u00e9 tout d\u2019abord en tant que menuisier, poursuivit sa formation dans le domaine de la facture de pianos, et obtint en 1981 le dipl\u00f4me de ma\u00eetrise. Lorsque la maison Bechstein d\u00e9pla\u00e7a son activit\u00e9 \u00e0 Berlin, Walter Heller fonda son entreprise le 1<sup>er<\/sup> janvier 1985.<\/p>\n<p>En premier lieu, les ateliers prirent place dans le sous-sol du domicile. D\u00e8s les premi\u00e8res ann\u00e9es, la r\u00e9paration, la vente ainsi que la production de cordes de basse se d\u00e9velopp\u00e8rent tr\u00e8s bien. Il fallut donc trouver d\u2019autres collaborateurs. C\u2019est pourquoi Gregor, son fils, renon\u00e7a \u00e0 ses \u00e9tudes en \u00ab\u00a0Finances et Fiscalit\u00e9\u00a0\u00bb et commen\u00e7a son apprentissage au sein de l\u2019entreprise familiale.\u00a0En 1995, tout comme autrefois son p\u00e8re, il obtint son dipl\u00f4me de ma\u00eetrise.<\/p>\n<p>En 1988, de nouveaux ateliers furent construits sur le terrain attenant.<\/p>\n<p>&nbsp;<\/p>\n<p>Fid\u00e8les \u00e0 la philosophie de la maison, \u00ab\u00a0la qualit\u00e9 finit toujours par s\u2019imposer\u00a0\u00bb, le p\u00e8re et le fils conduisirent les destin\u00e9es de l\u2019entreprise et purent ainsi conqu\u00e9rir d\u2019autres parts de march\u00e9. Des contr\u00f4les incessants durant le processus de fabrication permettaient de garantir un haut niveau de qualit\u00e9.<\/p>\n<p>En 1986, l\u2019introduction d\u2019un m\u00e8tre d\u00e9di\u00e9, dot\u00e9 d\u2019une bouclette, pour mesurer les longueurs de cordes contribua de fa\u00e7on d\u00e9terminante au succ\u00e8s de l\u2019entreprise. L\u2019emballage et l\u2019envoi p\u00e9nibles des cordes originales devinrent ainsi caducs. Afin de rendre la sp\u00e9cificit\u00e9 de ce produit de qualit\u00e9 reconnaissable, chaque jeu de cordes fil\u00e9es est marqu\u00e9 gr\u00e2ce \u00e0 un tube de plastique transparent sur lequel figure l\u2019inscription \u00ab\u00a0Hellerbass\u00a0\u00bb.<br \/>\n<img decoding=\"async\" class=\"alignleft wp-image-16606\" src=\"https:\/\/www.hellerbass.eu\/wp-content\/uploads\/2013\/02\/2-Hellers-1030x760.jpg\" alt=\"2 Hellers\" width=\"473\" height=\"349\" \/>En 1997, Walter Heller, alors \u00e2g\u00e9 de 60 ans, transmit la direction de l\u2019entreprise \u00e0 son fils Gregor. Depuis lors, Gregor Heller a particip\u00e9 \u00e0 de nombreux salons, aussi bien en Allemagne qu\u2019\u00e0 l\u2019\u00e9tranger. La cr\u00e9ation d\u2019un site web marqua aussi une \u00e9tape importante pour la pr\u00e9sentation des produits.<\/p>\n<p>L\u2019\u00e9v\u00e9nement le plus r\u00e9cent est un compte Facebook, qui informe sur les mat\u00e9riaux de cordes nouveaux et les dates de salons. Maintenant, 98% des commandes s\u2019effectuent<\/p>\n<p>par voie \u00e9lectronique (fax, email ou en ligne).<\/p>\n<p>Actuellement, neuf personnes sont employ\u00e9es chez Heller Klavierbau. Nous vendons nos cordes de basse pour pianos\u00a0 droits et \u00e0 queue aux ateliers de r\u00e9paration ainsi qu\u2019\u00e0 l\u2019industrie du piano en Allemagne et partout dans le monde avec une part de production de 60%.<\/p>\n<p>Nous cultivons la notion d\u2019\u00ab\u00a0entreprise familiale\u00a0\u00bb par tradition. L\u2019\u00e9pouse, la m\u00e8re, et m\u00eame le p\u00e8re travaillent dans la soci\u00e9t\u00e9. \u00ab\u00a0Heureusement\u00a0!\u00a0\u00bb dit Gregor Heller \u00ab\u00a0ainsi, nous pouvons proposer nos services toute l\u2019ann\u00e9e sans cong\u00e9s annuels durant les mois d\u2019\u00e9t\u00e9. Cela me permet, en outre, de participer \u00e0 des salons en Allemagne et \u00e0 l\u2019\u00e9tranger ainsi qu\u2019\u00e0 des congr\u00e8s de facteurs de pianos.\u00a0\u00bb<\/p>\n<p>Le petit-fils Moritz, commence une formation de facteur de piano en 2016 et poursuit ainsi la tradition familiale.[\/vc_column_text][\/vc_column][\/vc_row][vc_row row_type=\u00a0\u00bbrow\u00a0\u00bb use_row_as_full_screen_section=\u00a0\u00bbno\u00a0\u00bb type=\u00a0\u00bbfull_width\u00a0\u00bb angled_section=\u00a0\u00bbno\u00a0\u00bb text_align=\u00a0\u00bbleft\u00a0\u00bb background_image_as_pattern=\u00a0\u00bbwithout_pattern\u00a0\u00bb css_animation=\u00a0\u00bb\u00a0\u00bb][vc_column][vc_separator type=\u00a0\u00bbtransparent\u00a0\u00bb thickness=\u00a0\u00bb75&Prime;][\/vc_column][\/vc_row][vc_row row_type=\u00a0\u00bbrow\u00a0\u00bb use_row_as_full_screen_section=\u00a0\u00bbno\u00a0\u00bb type=\u00a0\u00bbfull_width\u00a0\u00bb angled_section=\u00a0\u00bbno\u00a0\u00bb text_align=\u00a0\u00bbleft\u00a0\u00bb background_image_as_pattern=\u00a0\u00bbwithout_pattern\u00a0\u00bb css_animation=\u00a0\u00bb\u00a0\u00bb][vc_column][vc_gallery type=\u00a0\u00bbimage_grid\u00a0\u00bb images=\u00a0\u00bb16026,16025,16024,16023&Prime; column_number=\u00a0\u00bb4&Prime; grayscale=\u00a0\u00bbyes\u00a0\u00bb images_space=\u00a0\u00bbgallery_without_space\u00a0\u00bb][\/vc_column][\/vc_row][vc_row row_type=\u00a0\u00bbrow\u00a0\u00bb use_row_as_full_screen_section=\u00a0\u00bbno\u00a0\u00bb type=\u00a0\u00bbfull_width\u00a0\u00bb anchor=\u00a0\u00bbanchor_1&Prime; angled_section=\u00a0\u00bbno\u00a0\u00bb text_align=\u00a0\u00bbleft\u00a0\u00bb background_image_as_pattern=\u00a0\u00bbwithout_pattern\u00a0\u00bb css_animation=\u00a0\u00bb\u00a0\u00bb][vc_column][\/vc_column][\/vc_row]<\/p>\n<\/div>","protected":false},"excerpt":{"rendered":"<p>[vc_row row_type=\u00a0\u00bbrow\u00a0\u00bb use_row_as_full_screen_section=\u00a0\u00bbno\u00a0\u00bb type=\u00a0\u00bbfull_width\u00a0\u00bb angled_section=\u00a0\u00bbno\u00a0\u00bb text_align=\u00a0\u00bbleft\u00a0\u00bb background_image_as_pattern=\u00a0\u00bbwithout_pattern\u00a0\u00bb css_animation=\u00a0\u00bb\u00a0\u00bb][vc_column][vc_separator type=\u00a0\u00bbtransparent\u00a0\u00bb thickness=\u00a0\u00bb50&Prime;][\/vc_column][\/vc_row][vc_row row_type=\u00a0\u00bbrow\u00a0\u00bb use_row_as_full_screen_section=\u00a0\u00bbno\u00a0\u00bb type=\u00a0\u00bbgrid\u00a0\u00bb angled_section=\u00a0\u00bbno\u00a0\u00bb text_align=\u00a0\u00bbleft\u00a0\u00bb background_image_as_pattern=\u00a0\u00bbwithout_pattern\u00a0\u00bb css_animation=\u00a0\u00bb\u00a0\u00bb][vc_column][vc_column_text] HELLER KLAVIERBAU [\/vc_column_text][\/vc_column][\/vc_row][vc_row row_type=\u00a0\u00bbrow\u00a0\u00bb use_row_as_full_screen_section=\u00a0\u00bbno\u00a0\u00bb type=\u00a0\u00bbfull_width\u00a0\u00bb angled_section=\u00a0\u00bbno\u00a0\u00bb text_align=\u00a0\u00bbleft\u00a0\u00bb background_image_as_pattern=\u00a0\u00bbwithout_pattern\u00a0\u00bb css_animation=\u00a0\u00bb\u00a0\u00bb][vc_column][vc_separator type=\u00a0\u00bbtransparent\u00a0\u00bb thickness=\u00a0\u00bb25&Prime;][\/vc_column][\/vc_row][vc_row row_type=\u00a0\u00bbrow\u00a0\u00bb use_row_as_full_screen_section=\u00a0\u00bbno\u00a0\u00bb type=\u00a0\u00bbgrid\u00a0\u00bb angled_section=\u00a0\u00bbno\u00a0\u00bb text_align=\u00a0\u00bbleft\u00a0\u00bb background_image_as_pattern=\u00a0\u00bbwithout_pattern\u00a0\u00bb css_animation=\u00a0\u00bb\u00a0\u00bb][vc_column][vc_column_text]La soci\u00e9t\u00e9 Heller Klavierbau fut fond\u00e9e le 1er janvier 1985&#8230;.<\/p>\n","protected":false},"author":1,"featured_media":0,"parent":0,"menu_order":0,"comment_status":"closed","ping_status":"closed","template":"full_width.php","meta":{"footnotes":""},"class_list":["post-1263","page","type-page","status-publish","hentry"],"_links":{"self":[{"href":"https:\/\/hellerbass.de\/fr\/wp-json\/wp\/v2\/pages\/1263","targetHints":{"allow":["GET"]}}],"collection":[{"href":"https:\/\/hellerbass.de\/fr\/wp-json\/wp\/v2\/pages"}],"about":[{"href":"https:\/\/hellerbass.de\/fr\/wp-json\/wp\/v2\/types\/page"}],"author":[{"embeddable":true,"href":"https:\/\/hellerbass.de\/fr\/wp-json\/wp\/v2\/users\/1"}],"replies":[{"embeddable":true,"href":"https:\/\/hellerbass.de\/fr\/wp-json\/wp\/v2\/comments?post=1263"}],"version-history":[{"count":0,"href":"https:\/\/hellerbass.de\/fr\/wp-json\/wp\/v2\/pages\/1263\/revisions"}],"wp:attachment":[{"href":"https:\/\/hellerbass.de\/fr\/wp-json\/wp\/v2\/media?parent=1263"}],"curies":[{"name":"wp","href":"https:\/\/api.w.org\/{rel}","templated":true}]}}