{"id":1264,"date":"2022-09-30T12:23:14","date_gmt":"2022-09-30T12:23:14","guid":{"rendered":"https:\/\/hellerbass.de\/heller-pianoforti\/"},"modified":"2022-09-30T12:23:14","modified_gmt":"2022-09-30T12:23:14","slug":"heller-pianoforti","status":"publish","type":"page","link":"https:\/\/hellerbass.de\/it\/heller-pianoforti\/","title":{"rendered":"Heller Pianoforti"},"content":{"rendered":"<div class=\"wpb-content-wrapper\"><p>[vc_row row_type=&#8221;row&#8221; use_row_as_full_screen_section=&#8221;no&#8221; type=&#8221;full_width&#8221; angled_section=&#8221;no&#8221; text_align=&#8221;left&#8221; background_image_as_pattern=&#8221;without_pattern&#8221; css_animation=&#8221;&#8221;][vc_column][vc_separator type=&#8221;transparent&#8221; thickness=&#8221;50&#8243;][\/vc_column][\/vc_row][vc_row row_type=&#8221;row&#8221; use_row_as_full_screen_section=&#8221;no&#8221; type=&#8221;grid&#8221; angled_section=&#8221;no&#8221; text_align=&#8221;left&#8221; background_image_as_pattern=&#8221;without_pattern&#8221; css_animation=&#8221;&#8221;][vc_column][vc_column_text]<\/p>\n<h1>COSTRUTTORI DI PIANOFORTI HELLER<\/h1>\n<p>[\/vc_column_text][\/vc_column][\/vc_row][vc_row row_type=&#8221;row&#8221; use_row_as_full_screen_section=&#8221;no&#8221; type=&#8221;full_width&#8221; angled_section=&#8221;no&#8221; text_align=&#8221;left&#8221; background_image_as_pattern=&#8221;without_pattern&#8221; css_animation=&#8221;&#8221;][vc_column][vc_separator type=&#8221;transparent&#8221; thickness=&#8221;25&#8243;][\/vc_column][\/vc_row][vc_row row_type=&#8221;row&#8221; use_row_as_full_screen_section=&#8221;no&#8221; type=&#8221;grid&#8221; angled_section=&#8221;no&#8221; text_align=&#8221;left&#8221; background_image_as_pattern=&#8221;without_pattern&#8221; css_animation=&#8221;&#8221;][vc_column][vc_column_text]La ditta Heller, costruttori pianoforti, \u00e8 stata fondata il 01.01.1985. Subito dopo l&#8217;azienda Heller si \u00e8 specializzata nella produzione di corde dei bassi di alta qualit\u00e0 per pianoforti verticali ed a coda &#8211; oggi \u00e8 un marchio registrato Heller Bass \u00ae.<\/p>\n<p><img decoding=\"async\" class=\"wp-image-16608 alignright\" src=\"https:\/\/www.hellerbass.eu\/wp-content\/uploads\/2013\/02\/Hellerbass-building-1030x746.jpg\" alt=\"Hellerbass building\" width=\"515\" height=\"373\" \/><\/p>\n<p>L\u2019azienda Bechstein, negli anni &#8217;70 e &#8217;80, fabbricava pianoforti vicino ad Heidelberg. Walter Heller era stato assunto inizialmente come falegname, poi si \u00e8 formato come tecnico di pianoforte ed ottenne nel 1981 il titolo di Maestro costruttore di pianoforti. Successivamente la fabbrica di pianoforte Bechstein spost\u00f2 la produzione in Berlino, e Walter Heller fond\u00f2 il 01.01.1985 la sua personale ditta di pianoforte. All\u2019inizio i laboratori erano nel seminterrato della propria casa.<\/p>\n<p>&nbsp;<\/p>\n<p>La riparazione dei pianoforti, le vendite e la produzione delle corde dei bassi si svilupparono molto bene nei primi anni, al punto che furono necessari dei collaboratori dipendenti. Il figlio Gregor rinunci\u00f2 pertanto agli studi in &#8220;Finanza e Fiscalit\u00e0&#8221; e inizi\u00f2 l\u2019apprendistato come tecnico di pianoforti presso la ditta paterna. Nel 1995 super\u00f2, proprio come suo padre, l&#8217;esame di Maestro costruttore.<\/p>\n<p>Nel 1988, nei terreni adiacenti, fu costruito un nuovo laboratorio.\u00a0Fedeli alla filosofia aziendale &#8220;Qualit\u00e0 prima di tutto&#8221; padre e figlio guidarono con successo la societ\u00e0 al punto d\u2019acquisire ulteriori quote di mercato. I processi di produzione, sottoposti ad un ininterrotto controllo, garantiscono un alto e costante livello qualitativo. Si pu\u00f2 attribuire al buon successo dell&#8217;azienda l&#8217;introduzione nel 1986, di un flessometro speciale dotato di un occhiello per favorire la misurazione delle lunghezze delle corde. Anche il precedente sistema di farci spedire dai clienti le vecchie corde (impilate all\u2019occhiello con un ingrommante imballaggio) era obsoleto. Per rendere riconoscibile l&#8217;unicit\u00e0 di questo prodotto di qualit\u00e0, ogni set \u00e8 caratterizzato da una guaina di plastica trasparente e di un cartellino giallo con scritta a mano &#8220;Hellerbass&#8221;.<\/p>\n<p>&nbsp;<\/p>\n<p><img decoding=\"async\" class=\"alignleft wp-image-16606\" src=\"https:\/\/www.hellerbass.eu\/wp-content\/uploads\/2013\/02\/2-Hellers-1030x760.jpg\" alt=\"2 Hellers\" width=\"473\" height=\"349\" \/>Nel 1997 Walter Heller, all&#8217;et\u00e0 di 60 anni, pass\u00f2 la gestione della societ\u00e0 al figlio Gregor. Da allora Gregor Heller presenzia a numerose fiere in patria e all&#8217;estero. Anche Il design del sito web dette un importante sviluppo alla presentazione di Prodotti.<\/p>\n<p>&nbsp;<\/p>\n<p>Nuovo \u00e8 l\u2019account su Facebook, con ulteriori informazioni sui materiali per le corde e le date delle fiere. Nel frattempo si prevede che il 98% degli ordini passi attraverso i mezzi elettronici (fax, email o in linea).<\/p>\n<p>Attualmente sono impiegate presso la Heller pianoforti, nove persone. In Germania e in tutto il mondo i riparatori e l&#8217;industria del pianoforte, con una quota di fornitura del 60%, vengono riforniti di corde dei bassi per pianoforti verticale e coda,<\/p>\n<p>&nbsp;<\/p>\n<p>Il concetto &#8220;azienda familiare&#8221; \u00e8 una consuetudine che viene mantenuta attentamente. Moglie, madre, ed ancora il padre sono impiegati nell\u2019azienda. &#8220;E\u2019 una fortuna&#8221;, dice Gregor Heller, &#8220;siamo cos\u00ec in grado di offrire tutto l&#8217;anno, senza interruzione estive, il nostro servizio di consegna. Inoltre questo rende possibile la mia presenza presso le fiere nazionali ed internazionali ed alle riunioni e seminari dei tecnici del pianoforte.&#8221;<br \/>\nIl nipote Moritz ha iniziato nel 2016 la formazione come costruttore di pianoforte e quindi, pure lui, porter\u00e0 avanti la tradizione di famiglia.[\/vc_column_text][\/vc_column][\/vc_row][vc_row row_type=&#8221;row&#8221; use_row_as_full_screen_section=&#8221;no&#8221; type=&#8221;full_width&#8221; angled_section=&#8221;no&#8221; text_align=&#8221;left&#8221; background_image_as_pattern=&#8221;without_pattern&#8221; css_animation=&#8221;&#8221;][vc_column][vc_separator type=&#8221;transparent&#8221; thickness=&#8221;75&#8243;][\/vc_column][\/vc_row][vc_row row_type=&#8221;row&#8221; use_row_as_full_screen_section=&#8221;no&#8221; type=&#8221;full_width&#8221; anchor=&#8221;anchor_1&#8243; angled_section=&#8221;no&#8221; text_align=&#8221;left&#8221; background_image_as_pattern=&#8221;without_pattern&#8221; css_animation=&#8221;&#8221;][vc_column][\/vc_column][\/vc_row]<\/p>\n<\/div>","protected":false},"excerpt":{"rendered":"<p>[vc_row row_type=&#8221;row&#8221; use_row_as_full_screen_section=&#8221;no&#8221; type=&#8221;full_width&#8221; angled_section=&#8221;no&#8221; text_align=&#8221;left&#8221; background_image_as_pattern=&#8221;without_pattern&#8221; css_animation=&#8221;&#8221;][vc_column][vc_separator type=&#8221;transparent&#8221; thickness=&#8221;50&#8243;][\/vc_column][\/vc_row][vc_row row_type=&#8221;row&#8221; use_row_as_full_screen_section=&#8221;no&#8221; type=&#8221;grid&#8221; angled_section=&#8221;no&#8221; text_align=&#8221;left&#8221; background_image_as_pattern=&#8221;without_pattern&#8221; css_animation=&#8221;&#8221;][vc_column][vc_column_text] COSTRUTTORI DI PIANOFORTI HELLER [\/vc_column_text][\/vc_column][\/vc_row][vc_row row_type=&#8221;row&#8221; use_row_as_full_screen_section=&#8221;no&#8221; type=&#8221;full_width&#8221; angled_section=&#8221;no&#8221; text_align=&#8221;left&#8221; background_image_as_pattern=&#8221;without_pattern&#8221; css_animation=&#8221;&#8221;][vc_column][vc_separator type=&#8221;transparent&#8221; thickness=&#8221;25&#8243;][\/vc_column][\/vc_row][vc_row row_type=&#8221;row&#8221; use_row_as_full_screen_section=&#8221;no&#8221; type=&#8221;grid&#8221; angled_section=&#8221;no&#8221; text_align=&#8221;left&#8221; background_image_as_pattern=&#8221;without_pattern&#8221; css_animation=&#8221;&#8221;][vc_column][vc_column_text]La ditta Heller, costruttori pianoforti, \u00e8 stata fondata&#8230;<\/p>\n","protected":false},"author":1,"featured_media":0,"parent":0,"menu_order":0,"comment_status":"closed","ping_status":"closed","template":"full_width.php","meta":{"footnotes":""},"class_list":["post-1264","page","type-page","status-publish","hentry"],"_links":{"self":[{"href":"https:\/\/hellerbass.de\/it\/wp-json\/wp\/v2\/pages\/1264","targetHints":{"allow":["GET"]}}],"collection":[{"href":"https:\/\/hellerbass.de\/it\/wp-json\/wp\/v2\/pages"}],"about":[{"href":"https:\/\/hellerbass.de\/it\/wp-json\/wp\/v2\/types\/page"}],"author":[{"embeddable":true,"href":"https:\/\/hellerbass.de\/it\/wp-json\/wp\/v2\/users\/1"}],"replies":[{"embeddable":true,"href":"https:\/\/hellerbass.de\/it\/wp-json\/wp\/v2\/comments?post=1264"}],"version-history":[{"count":0,"href":"https:\/\/hellerbass.de\/it\/wp-json\/wp\/v2\/pages\/1264\/revisions"}],"wp:attachment":[{"href":"https:\/\/hellerbass.de\/it\/wp-json\/wp\/v2\/media?parent=1264"}],"curies":[{"name":"wp","href":"https:\/\/api.w.org\/{rel}","templated":true}]}}