{"id":1206,"date":"2022-09-30T11:34:18","date_gmt":"2022-09-30T11:34:18","guid":{"rendered":"https:\/\/hellerbass.de\/startseite\/"},"modified":"2022-10-01T20:59:52","modified_gmt":"2022-10-01T20:59:52","slug":"startseite","status":"publish","type":"page","link":"https:\/\/hellerbass.de\/nl\/","title":{"rendered":"Startseite"},"content":{"rendered":"<div class=\"wpb-content-wrapper\"><p>[vc_row css_animation=&#8221;&#8221; row_type=&#8221;row&#8221; use_row_as_full_screen_section=&#8221;no&#8221; type=&#8221;full_width&#8221; angled_section=&#8221;no&#8221; text_align=&#8221;left&#8221; background_image_as_pattern=&#8221;without_pattern&#8221;][vc_column][vc_separator type=&#8221;transparent&#8221; thickness=&#8221;50&#8243;][\/vc_column][\/vc_row][vc_row css_animation=&#8221;element_from_fade&#8221; row_type=&#8221;row&#8221; use_row_as_full_screen_section=&#8221;no&#8221; type=&#8221;full_width&#8221; angled_section=&#8221;no&#8221; text_align=&#8221;left&#8221; background_image_as_pattern=&#8221;without_pattern&#8221; padding_top=&#8221;52&#8243; transition_delay=&#8221;500&#8243;][vc_column font_color=&#8221;#ffcc00&#8243;][vc_column_text]<\/p>\n<h1 style=\"text-align: center;\">\u201eWelkom op onze vernieuwde website\u2026 graag zien wij uw reactie tegemoet\u201d<\/h1>\n<p>[\/vc_column_text][\/vc_column][\/vc_row][vc_row css_animation=&#8221;&#8221; row_type=&#8221;row&#8221; use_row_as_full_screen_section=&#8221;no&#8221; type=&#8221;full_width&#8221; angled_section=&#8221;no&#8221; text_align=&#8221;left&#8221; background_image_as_pattern=&#8221;without_pattern&#8221;][vc_column][vc_separator type=&#8221;transparent&#8221; thickness=&#8221;100&#8243;][\/vc_column][\/vc_row][vc_row row_type=&#8221;parallax&#8221; parallax_content_width=&#8221;full_width&#8221; text_align=&#8221;center&#8221; full_screen_section_height=&#8221;no&#8221; anchor=&#8221;counters&#8221; background_image=&#8221;1556&#8243;][vc_column][vc_row_inner row_type=&#8221;row&#8221; type=&#8221;full_width&#8221; text_align=&#8221;center&#8221; css_animation=&#8221;&#8221;][vc_column_inner width=&#8221;1\/3&#8243;]<span class='q_social_icon_holder circle_social' data-color=#ffcc00 data-hover-background-color=#3b5998 data-hover-color=#ffffff><a itemprop='url' href='http:\/\/www.facebook.com\/hellerbass\/' target='_blank'><span class='fa-stack ' style='background-color: rgba(59, 89, 152, 0.01);font-size: 70px;'><i class=\"qode_icon_font_awesome fa fa-facebook \" style=\"color: #ffcc00;font-size: 70px;\" ><\/i><\/span><\/a><\/span>[\/vc_column_inner][vc_column_inner width=&#8221;1\/3&#8243;]<span class='q_social_icon_holder circle_social' data-color=#ffcc00 data-hover-background-color=#dd2a7b data-hover-color=#ffffff><a itemprop='url' href='https:\/\/www.instagram.com\/hellerbass\/' target='_blank'><span class='fa-stack ' style='background-color: rgba(221, 42, 123, 0.01);font-size: 70px;'><i class=\"qode_icon_font_awesome fa fa-instagram \" style=\"color: #ffcc00;font-size: 70px;\" ><\/i><\/span><\/a><\/span>[\/vc_column_inner][vc_column_inner width=&#8221;1\/3&#8243;]<span class='q_social_icon_holder circle_social' data-color=#ffcc00 data-hover-background-color=#00b200 data-hover-color=#ffffff><a itemprop='url' href='mailto: service@hellerbass.de' target='_blank'><span class='fa-stack ' style='background-color: rgba(0, 178, 0, 0.01);font-size: 70px;'><i class=\"qode_icon_font_awesome fa fa-envelope-o \" style=\"color: #ffcc00;font-size: 70px;\" ><\/i><\/span><\/a><\/span>[\/vc_column_inner][\/vc_row_inner][\/vc_column][\/vc_row][vc_row css_animation=&#8221;&#8221; row_type=&#8221;row&#8221; use_row_as_full_screen_section=&#8221;no&#8221; type=&#8221;full_width&#8221; angled_section=&#8221;no&#8221; text_align=&#8221;left&#8221; background_image_as_pattern=&#8221;without_pattern&#8221;][vc_column][vc_row_inner row_type=&#8221;row&#8221; type=&#8221;full_width&#8221; text_align=&#8221;left&#8221; css_animation=&#8221;&#8221;][vc_column_inner][vc_separator type=&#8221;transparent&#8221; up=&#8221;75&#8243; down=&#8221;52&#8243;][\/vc_column_inner][\/vc_row_inner][\/vc_column][\/vc_row][vc_row css_animation=&#8221;&#8221; row_type=&#8221;row&#8221; use_row_as_full_screen_section=&#8221;no&#8221; type=&#8221;grid&#8221; angled_section=&#8221;no&#8221; text_align=&#8221;center&#8221; background_image_as_pattern=&#8221;without_pattern&#8221; anchor=&#8221;testimonials&#8221;][vc_column][vc_column_text]<\/p>\n<h2>Referenties<\/h2>\n<p>[\/vc_column_text][vc_separator type=&#8221;transparent&#8221; up=&#8221;7&#8243; down=&#8221;34&#8243;]<div class='testimonials_holder clearfix '><div class=\"testimonials testimonials_carousel\" data-show-navigation=\"no\" data-animation-type=\"fade\" data-animation-speed=\"2500\" data-auto-rotate-slides=\"5\" data-number-per-slide=\"1\"><ul class=\"slides\"><li id=\"testimonials990\" class=\"testimonial_content\"><div class=\"testimonial_content_inner\"><div class=\"testimonial_text_holder\"><div class=\"testimonial_text_inner\" style=\"\"><p >..... Bass .... besser ..... Heller !!!<\/p><p class=\"testimonial_author\" style=\"\">Andreas Guckel<span class=\"author_company_divider\"> - <\/span><span class=\"author_company\">www.klavierhaus-frankfurt.de<\/span><\/p><\/div><\/div><\/div><\/li><li id=\"testimonials1052\" class=\"testimonial_content\"><div class=\"testimonial_content_inner\"><div class=\"testimonial_text_holder\"><div class=\"testimonial_text_inner\" style=\"\"><p >... wir m\u00f6chten uns einmal ganz herzlich f\u00fcr die zuverl\u00e4ssige, schnelle und gute Qualit\u00e4t Ihrer Arbeit bei Ihnen und Ihren Mitarbeitern bedanken. Es ist uns eine Freude mit Ihnen zusammenzuarbeiten!<\/p><p class=\"testimonial_author\" style=\"\">Thomas Strecker<span class=\"author_company_divider\"> - <\/span><span class=\"author_company\">www.klavier-strecker.de<\/span><\/p><\/div><\/div><\/div><\/li><li id=\"testimonials798\" class=\"testimonial_content\"><div class=\"testimonial_content_inner\"><div class=\"testimonial_text_holder\"><div class=\"testimonial_text_inner\" style=\"\"><p >Besser geht es nicht: perfekter Service und super Qualit\u00e4t. Weiter so ! Vielen Dank<\/p><p class=\"testimonial_author\" style=\"\">Burkhard Loock<span class=\"author_company_divider\"> - <\/span><span class=\"author_company\">www.klavierservice-loock.de<\/span><\/p><\/div><\/div><\/div><\/li><li id=\"testimonials1100\" class=\"testimonial_content\"><div class=\"testimonial_content_inner\"><div class=\"testimonial_text_holder\"><div class=\"testimonial_text_inner\" style=\"\"><p >Strings from Hellerbass have always very pure and beautiful sound. \r\nThat\u2019s why I order new sets year after year!<\/p><p class=\"testimonial_author\" style=\"\">Jussi Karjalainen<span class=\"author_company_divider\"> - <\/span><span class=\"author_company\">www.pianojussi.se<\/span><\/p><\/div><\/div><\/div><\/li><li id=\"testimonials1015\" class=\"testimonial_content\"><div class=\"testimonial_content_inner\"><div class=\"testimonial_text_holder\"><div class=\"testimonial_text_inner\" style=\"\"><p >Thank you for your good bass strings and fast and reliable service. By the way your homepage is very \"state of the art\".<\/p><p class=\"testimonial_author\" style=\"\">Pianotjonustan - Mr. Sindri Heimisson, Mr. Stefan Birkisson - Reykjavik Iceland<\/p><\/div><\/div><\/div><\/li><li id=\"testimonials966\" class=\"testimonial_content\"><div class=\"testimonial_content_inner\"><div class=\"testimonial_text_holder\"><div class=\"testimonial_text_inner\" style=\"\"><p >Somos un taller de reparaciones de pianos y necesitamos 2 juegos de bordones completos para colas, por favor deseamos saber si envi\u00e1ndoles la marca n\u00b0 de serie y modelo nos pueden hacer, o es necesario medirlos individualmente, las marcas son Yamaha y Steinway.<\/p><p class=\"testimonial_author\" style=\"\">Juan Antonio Mart\u00ednez - Rincon Musical - Madrid - Spain<span class=\"author_company_divider\"> - <\/span><span class=\"author_company\">www.rinconmusical.es<\/span><\/p><\/div><\/div><\/div><\/li><li id=\"testimonials1088\" class=\"testimonial_content\"><div class=\"testimonial_content_inner\"><div class=\"testimonial_text_holder\"><div class=\"testimonial_text_inner\" style=\"\"><p >F\u00fcr Fam. Heller w\u00fcrde ich gerne sechs von f\u00fcnf Sternen vergeben, denn die handwerkliche Leistung war und ist allererste Sahne. Wir haben nie irgendeine Entt\u00e4uschung erlebt ... sehr sch\u00f6n ist auch, da\u00df Herr Heller in den F\u00e4llen, in denen \"es brennt\", immer unkonventionelle terminliche L\u00f6sungen findet. Ganz gro\u00dfe Klasse.<\/p><p class=\"testimonial_author\" style=\"\">Matthias Vorndran<span class=\"author_company_divider\"> - <\/span><span class=\"author_company\">http:\/\/www.pianocenter-berlin.de<\/span><\/p><\/div><\/div><\/div><\/li><li id=\"testimonials1040\" class=\"testimonial_content\"><div class=\"testimonial_content_inner\"><div class=\"testimonial_text_holder\"><div class=\"testimonial_text_inner\" style=\"\"><p >Vielen Dank f\u00fcr Ihre sch\u00f6nen Saiten, die wir in Frankreich alle kennen, die hell wie Ihr Name klingen. Fast f\u00fcnfzehn Jahre lang habe ich sie benutzt ohne irgendein Problem zu begegnen. Mit herzlichem Gratulieren!<\/p><p class=\"testimonial_author\" style=\"\">Stephen Paulello<span class=\"author_company_divider\"> - <\/span><span class=\"author_company\">www.stephenpaulello.com<\/span><\/p><\/div><\/div><\/div><\/li><li id=\"testimonials1002\" class=\"testimonial_content\"><div class=\"testimonial_content_inner\"><div class=\"testimonial_text_holder\"><div class=\"testimonial_text_inner\" style=\"\"><p >Die Saiten passen und klingen hervorragend! Seit ich die Heller-B\u00e4sse kenne, spinne ich mir keine kompletten Bassbez\u00fcge mehr selber. Die Mitarbeiter der Firma Heller k\u00f6nnen das viel besser und preiswerter! Vielen Dank!<\/p><p class=\"testimonial_author\" style=\"\">Walter Bittner<span class=\"author_company_divider\"> - <\/span><span class=\"author_company\">http:\/\/klavierbittner.members.cablelink.at<\/span><\/p><\/div><\/div><\/div><\/li><li id=\"testimonials834\" class=\"testimonial_content\"><div class=\"testimonial_content_inner\"><div class=\"testimonial_text_holder\"><div class=\"testimonial_text_inner\" style=\"\"><p >I am very satisfied by the strings. Especially the matching in unison tuning in the bichords is superb, better than original. So, very nice work from you. I know that I can rely on you for quality bass string making. Thank you.<\/p><p class=\"testimonial_author\" style=\"\">Antonis Karavelis - Athens - Greece<\/p><\/div><\/div><\/div><\/li><li id=\"testimonials978\" class=\"testimonial_content\"><div class=\"testimonial_content_inner\"><div class=\"testimonial_text_holder\"><div class=\"testimonial_text_inner\" style=\"\"><p >Trotz der mir bekannten Qualit\u00e4t, bin ich in Versuchung gekommen und habe eine andere Firma ausprobiert und bin dabei ma\u00dflos entt\u00e4uscht worden .... Qualit\u00e4t ist eben Qualit\u00e4t. !!!! Weiter so !!!!<\/p><p class=\"testimonial_author\" style=\"\">Hadewig<span class=\"author_company_divider\"> - <\/span><span class=\"author_company\">www.klavierwerkstatt-hannover.de<\/span><\/p><\/div><\/div><\/div><\/li><li id=\"testimonials728\" class=\"testimonial_content\"><div class=\"testimonial_content_inner\"><div class=\"testimonial_text_holder\"><div class=\"testimonial_text_inner\" style=\"\"><p >Bonjour, Suite \u00e0 notre derni\u00e8re commande, nous voulions vous faire part du plaisir et de la satisfaction que nous avons de poser vos cordes de si bonne qualit\u00e9s. Merci \u00e0 toute l'\u00e9quipe pour votre bon travail. Cordialement<\/p><p class=\"testimonial_author\" style=\"\">Michel et Estelle - Pianos Mullet<span class=\"author_company_divider\"> - <\/span><span class=\"author_company\">www.pianos-mullet.fr<\/span><\/p><\/div><\/div><\/div><\/li><li id=\"testimonials1076\" class=\"testimonial_content\"><div class=\"testimonial_content_inner\"><div class=\"testimonial_text_holder\"><div class=\"testimonial_text_inner\" style=\"\"><p >We are surprised and really grateful for your efficiency and speed. This is not german punctuallity. This is german miracle.\r\nThank you very much.<\/p><p class=\"testimonial_author\" style=\"\">Rafael Rodriguez \u2013 Musical Deusto - Spain<span class=\"author_company_divider\"> - <\/span><span class=\"author_company\">http:\/\/www.musicaldeusto.com<\/span><\/p><\/div><\/div><\/div><\/li><li id=\"testimonials918\" class=\"testimonial_content\"><div class=\"testimonial_content_inner\"><div class=\"testimonial_text_holder\"><div class=\"testimonial_text_inner\" style=\"\"><p >Dear Sirs, thank you so much for your very fast service. The Bass strings were perfect and were so much better than the original strings which were only nine years old. Thank you once again for such a good service and excellent strings. The concert grand was finished in time - thanks to you.<\/p><p class=\"testimonial_author\" style=\"\">Peter Salisbury -  Concert Piano technician - Royal Festival Hall - London<\/p><\/div><\/div><\/div><\/li><li id=\"testimonials942\" class=\"testimonial_content\"><div class=\"testimonial_content_inner\"><div class=\"testimonial_text_holder\"><div class=\"testimonial_text_inner\" style=\"\"><p >Mein Kollege und Ich waren sehr zufrieden mit Ihrer Arbeit. \"Fantastisch mooi afgewerkt, prachtige klank (Ibachfl\u00fcgel 1895) en geen enkele rammel\". Verstehen Sie das? Und auch dann noch die schnelle Lieferung...GRANDIOS. Vielen Dank hierf\u00fcr.<\/p><p class=\"testimonial_author\" style=\"\">Loes Vossen - Piano Vossen Holland<span class=\"author_company_divider\"> - <\/span><span class=\"author_company\">pianovossen.nl<\/span><\/p><\/div><\/div><\/div><\/li><li id=\"testimonials774\" class=\"testimonial_content\"><div class=\"testimonial_content_inner\"><div class=\"testimonial_text_holder\"><div class=\"testimonial_text_inner\" style=\"\"><p >Hallo! Ich wollte Ihnen und Ihren Mitarbeiter noch mal ganz herzlich danken f\u00fcr den Bassbezug! Die Saiten klingen wirklich wunderbar und aus dem 1874 Bechstein kommt jetzt ein Klang hervor, den man heute nur f\u00fcr viel Geld bekommt!<\/p><p class=\"testimonial_author\" style=\"\">Wouter Smekens - Komponist und Klavierbauer<\/p><\/div><\/div><\/div><\/li><li id=\"testimonials762\" class=\"testimonial_content\"><div class=\"testimonial_content_inner\"><div class=\"testimonial_text_holder\"><div class=\"testimonial_text_inner\" style=\"\"><p >We are extremely pleased with the sound and quality of the strings. In 51 years of piano work, your strings are the best I have used.<\/p><p class=\"testimonial_author\" style=\"\">Darrell Fandrich - Fandrich &amp; Sons USA<span class=\"author_company_divider\"> - <\/span><span class=\"author_company\">http:\/\/www.fandrich.com\/<\/span><\/p><\/div><\/div><\/div><\/li><li id=\"testimonials1064\" class=\"testimonial_content\"><div class=\"testimonial_content_inner\"><div class=\"testimonial_text_holder\"><div class=\"testimonial_text_inner\" style=\"\"><p >Heller - B\u00e4sse sind einfach vom Feinsten. Viele Gr\u00fc\u00dfe aus Regensburg<\/p><p class=\"testimonial_author\" style=\"\">Nikolaus Metz<span class=\"author_company_divider\"> - <\/span><span class=\"author_company\">www.pianometz.com<\/span><\/p><\/div><\/div><\/div><\/li><li id=\"testimonials954\" class=\"testimonial_content\"><div class=\"testimonial_content_inner\"><div class=\"testimonial_text_holder\"><div class=\"testimonial_text_inner\" style=\"\"><p >Dear Mr. Gregor Heller! We have just installed your Hellerbass strings into a Hornung &amp; M\u00f6ller grand. I must say, that during my 25 years of experience in the pianobusiness, I have never seen or heard a better result. Your strings are excellent.<\/p><p class=\"testimonial_author\" style=\"\">Jacob Volf - Jacob Volf Piano - Denmark<span class=\"author_company_divider\"> - <\/span><span class=\"author_company\">www.jacob-volf-piano.dk<\/span><\/p><\/div><\/div><\/div><\/li><li id=\"testimonials810\" class=\"testimonial_content\"><div class=\"testimonial_content_inner\"><div class=\"testimonial_text_holder\"><div class=\"testimonial_text_inner\" style=\"\"><p >Service de qualit\u00e9; commande simplifi\u00e9e par E mail, livraison rapide. Cordes \u00e9quilibr\u00e9es ... vous nous donnez envie de faire du bon travail....<\/p><p class=\"testimonial_author\" style=\"\">Gilles Lambert<span class=\"author_company_divider\"> - <\/span><span class=\"author_company\">www.pianoshop.fr<\/span><\/p><\/div><\/div><\/div><\/li><li id=\"testimonials822\" class=\"testimonial_content\"><div class=\"testimonial_content_inner\"><div class=\"testimonial_text_holder\"><div class=\"testimonial_text_inner\" style=\"\"><p >Best bass strings I have ever received. All my bass strings are now from HellerBass. Many Thanks Gregor !<\/p><p class=\"testimonial_author\" style=\"\">Dan Silverwood<span class=\"author_company_divider\"> - <\/span><span class=\"author_company\">silverwoodpianos.com<\/span><\/p><\/div><\/div><\/div><\/li><li id=\"testimonials906\" class=\"testimonial_content\"><div class=\"testimonial_content_inner\"><div class=\"testimonial_text_holder\"><div class=\"testimonial_text_inner\" style=\"\"><p >Hi Gregor, the strings fit and sounded perfect. The piano was delivered this week and everything was great. I wanted to thank you for getting the strings back to me so quickly. Your strings are great and although I do not do many rebuilding jobs you will be my string supplier from this point forward.<\/p><p class=\"testimonial_author\" style=\"\">Jay Byer - Byer Piano Service<\/p><\/div><\/div><\/div><\/li><li id=\"testimonials739\" class=\"testimonial_content\"><div class=\"testimonial_content_inner\"><div class=\"testimonial_text_holder\"><div class=\"testimonial_text_inner\" style=\"\"><p >Hellerbass has my warmest recommendations. You will not find bass strings better elsewhere. They are easy to work with and always 100% perfect in sound. I'm third generation in the business for our family and we do not compromise.\r\nHellerbass is not only a German quality - it's the world's best.<\/p><p class=\"testimonial_author\" style=\"\">Frederik Frankfurth from Harndrup<span class=\"author_company_divider\"> - <\/span><span class=\"author_company\">http:\/\/www.dengodestemning.dk\/<\/span><\/p><\/div><\/div><\/div><\/li><li id=\"testimonials882\" class=\"testimonial_content\"><div class=\"testimonial_content_inner\"><div class=\"testimonial_text_holder\"><div class=\"testimonial_text_inner\" style=\"\"><p >... before I moved to Spain, I used to buy bass strings to some producers in the USA, e.g. SCHAFF, APSCO, S&amp;S.... (long time ago) and I also bought your strings : you have the best strings of the world!!!!!!<\/p><p class=\"testimonial_author\" style=\"\">Leonardo Pizzolante - Spain\/Venezuela<\/p><\/div><\/div><\/div><\/li><li id=\"testimonials1028\" class=\"testimonial_content\"><div class=\"testimonial_content_inner\"><div class=\"testimonial_text_holder\"><div class=\"testimonial_text_inner\" style=\"\"><p >Dear Heller &amp; Co. Thank you for your good strings, good service and your good humor!<\/p><p class=\"testimonial_author\" style=\"\">Pianokompagniet - Poul Wandahl<span class=\"author_company_divider\"> - <\/span><span class=\"author_company\">www.Pianokompagniet.dk<\/span><\/p><\/div><\/div><\/div><\/li><li id=\"testimonials750\" class=\"testimonial_content\"><div class=\"testimonial_content_inner\"><div class=\"testimonial_text_holder\"><div class=\"testimonial_text_inner\" style=\"\"><p >Having used nearly every bass string manufacturer on the planet, it is my pleasure to recommend Hellerbass bass strings for prompt, courteous and best of quality strings.<\/p><p class=\"testimonial_author\" style=\"\">Michael Spreeman - founder and creator of Ravenscroft Pianos<span class=\"author_company_divider\"> - <\/span><span class=\"author_company\">www.ravenscroftpianos.com<\/span><\/p><\/div><\/div><\/div><\/li><li id=\"testimonials846\" class=\"testimonial_content\"><div class=\"testimonial_content_inner\"><div class=\"testimonial_text_holder\"><div class=\"testimonial_text_inner\" style=\"\"><p >Hellerbass est absolument formidable ! Merci !<\/p><p class=\"testimonial_author\" style=\"\">Pianos Balleron - Paris - France<span class=\"author_company_divider\"> - <\/span><span class=\"author_company\">www.pianos.fr<\/span><\/p><\/div><\/div><\/div><\/li><li id=\"testimonials858\" class=\"testimonial_content\"><div class=\"testimonial_content_inner\"><div class=\"testimonial_text_holder\"><div class=\"testimonial_text_inner\" style=\"\"><p >Gerne m\u00f6chte ich mich auf diesem Wege einmal f\u00fcr Ihre wunderbare Arbeit in den letzten Jahren bedanken, die sich in unz\u00e4hligen B\u00e4ssen wiederspiegelt und \u00fcberall in der Schweiz \"wiederklingt\". Ganz herzlichen Dank.<\/p><p class=\"testimonial_author\" style=\"\">Rainer Matz - Musik Hug<span class=\"author_company_divider\"> - <\/span><span class=\"author_company\">https:\/\/www.musikhug.ch<\/span><\/p><\/div><\/div><\/div><\/li><li id=\"testimonials870\" class=\"testimonial_content\"><div class=\"testimonial_content_inner\"><div class=\"testimonial_text_holder\"><div class=\"testimonial_text_inner\" style=\"\"><p >Sehr geehrter Herr Heller, ich wollte Ihnen nur kurz sagen, dass Ihr Service wirklich super ist, ein Vorbild f\u00fcr die meisten anderen Zulieferbetriebe in unserer Branche. Vielen Dank.<\/p><p class=\"testimonial_author\" style=\"\">Georg Neinhuis<span class=\"author_company_divider\"> - <\/span><span class=\"author_company\">www.neinhuis.de<\/span><\/p><\/div><\/div><\/div><\/li><li id=\"testimonials786\" class=\"testimonial_content\"><div class=\"testimonial_content_inner\"><div class=\"testimonial_text_holder\"><div class=\"testimonial_text_inner\" style=\"\"><p >Hellerbass strings: the best sounding, beautyful and with exact measurements I've ever heard and seen!<\/p><p class=\"testimonial_author\" style=\"\">Jussi Karjalainen - Piano-Jussi Ab Stockholm Sweden<span class=\"author_company_divider\"> - <\/span><span class=\"author_company\">www.pianojussi.se<\/span><\/p><\/div><\/div><\/div><\/li><\/ul><\/div><\/div>[\/vc_column][\/vc_row][vc_row css_animation=&#8221;&#8221; row_type=&#8221;row&#8221; use_row_as_full_screen_section=&#8221;no&#8221; type=&#8221;full_width&#8221; angled_section=&#8221;no&#8221; text_align=&#8221;left&#8221; background_image_as_pattern=&#8221;without_pattern&#8221;][vc_column offset=&#8221;vc_hidden-sm vc_hidden-xs&#8221;][vc_separator type=&#8221;transparent&#8221; thickness=&#8221;70&#8243;][\/vc_column][\/vc_row][vc_row css_animation=&#8221;&#8221; row_type=&#8221;row&#8221; use_row_as_full_screen_section=&#8221;no&#8221; type=&#8221;full_width&#8221; angled_section=&#8221;no&#8221; text_align=&#8221;left&#8221; background_image_as_pattern=&#8221;without_pattern&#8221;][vc_column][vc_gallery type=&#8221;image_grid&#8221; images=&#8221;254,265,276,331&#8243; img_size=&#8221;412X412&#8243; column_number=&#8221;4&#8243; grayscale=&#8221;yes&#8221; images_space=&#8221;gallery_without_space&#8221;][\/vc_column][\/vc_row][vc_row css_animation=&#8221;&#8221; row_type=&#8221;row&#8221; use_row_as_full_screen_section=&#8221;no&#8221; type=&#8221;full_width&#8221; angled_section=&#8221;no&#8221; text_align=&#8221;left&#8221; background_image_as_pattern=&#8221;without_pattern&#8221; anchor=&#8221;anchor_1&#8243;][vc_column][\/vc_column][\/vc_row]<\/p>\n<\/div>","protected":false},"excerpt":{"rendered":"<p>[vc_row css_animation=&#8221;&#8221; row_type=&#8221;row&#8221; use_row_as_full_screen_section=&#8221;no&#8221; type=&#8221;full_width&#8221; angled_section=&#8221;no&#8221; text_align=&#8221;left&#8221; background_image_as_pattern=&#8221;without_pattern&#8221;][vc_column][vc_separator type=&#8221;transparent&#8221; thickness=&#8221;50&#8243;][\/vc_column][\/vc_row][vc_row css_animation=&#8221;element_from_fade&#8221; row_type=&#8221;row&#8221; use_row_as_full_screen_section=&#8221;no&#8221; type=&#8221;full_width&#8221; angled_section=&#8221;no&#8221; text_align=&#8221;left&#8221; background_image_as_pattern=&#8221;without_pattern&#8221; padding_top=&#8221;52&#8243; transition_delay=&#8221;500&#8243;][vc_column font_color=&#8221;#ffcc00&#8243;][vc_column_text] \u201eWelkom op onze vernieuwde website\u2026 graag zien wij uw reactie tegemoet\u201d [\/vc_column_text][\/vc_column][\/vc_row][vc_row css_animation=&#8221;&#8221; row_type=&#8221;row&#8221; use_row_as_full_screen_section=&#8221;no&#8221; type=&#8221;full_width&#8221; angled_section=&#8221;no&#8221; text_align=&#8221;left&#8221; background_image_as_pattern=&#8221;without_pattern&#8221;][vc_column][vc_separator type=&#8221;transparent&#8221; thickness=&#8221;100&#8243;][\/vc_column][\/vc_row][vc_row row_type=&#8221;parallax&#8221; parallax_content_width=&#8221;full_width&#8221; text_align=&#8221;center&#8221; full_screen_section_height=&#8221;no&#8221;&#8230;<\/p>\n","protected":false},"author":1,"featured_media":0,"parent":0,"menu_order":0,"comment_status":"closed","ping_status":"closed","template":"full_width.php","meta":{"footnotes":""},"class_list":["post-1206","page","type-page","status-publish","hentry"],"_links":{"self":[{"href":"https:\/\/hellerbass.de\/nl\/wp-json\/wp\/v2\/pages\/1206","targetHints":{"allow":["GET"]}}],"collection":[{"href":"https:\/\/hellerbass.de\/nl\/wp-json\/wp\/v2\/pages"}],"about":[{"href":"https:\/\/hellerbass.de\/nl\/wp-json\/wp\/v2\/types\/page"}],"author":[{"embeddable":true,"href":"https:\/\/hellerbass.de\/nl\/wp-json\/wp\/v2\/users\/1"}],"replies":[{"embeddable":true,"href":"https:\/\/hellerbass.de\/nl\/wp-json\/wp\/v2\/comments?post=1206"}],"version-history":[{"count":0,"href":"https:\/\/hellerbass.de\/nl\/wp-json\/wp\/v2\/pages\/1206\/revisions"}],"wp:attachment":[{"href":"https:\/\/hellerbass.de\/nl\/wp-json\/wp\/v2\/media?parent=1206"}],"curies":[{"name":"wp","href":"https:\/\/api.w.org\/{rel}","templated":true}]}}