{"id":1245,"date":"2022-09-30T12:08:49","date_gmt":"2022-09-30T12:08:49","guid":{"rendered":"https:\/\/hellerbass.de\/bordoes-individuais\/"},"modified":"2022-10-01T14:39:37","modified_gmt":"2022-10-01T14:39:37","slug":"bordoes-individuais","status":"publish","type":"page","link":"https:\/\/hellerbass.de\/pt-pt\/bordoes-individuais\/","title":{"rendered":"Bord\u00f5es individuais"},"content":{"rendered":"<div class=\"wpb-content-wrapper\"><p>[vc_row css_animation=&#8221;&#8221; row_type=&#8221;row&#8221; use_row_as_full_screen_section=&#8221;no&#8221; type=&#8221;full_width&#8221; angled_section=&#8221;no&#8221; text_align=&#8221;left&#8221; background_image_as_pattern=&#8221;without_pattern&#8221;][vc_column][vc_separator type=&#8221;transparent&#8221; thickness=&#8221;50&#8243;][\/vc_column][\/vc_row][vc_row css_animation=&#8221;&#8221; row_type=&#8221;row&#8221; use_row_as_full_screen_section=&#8221;no&#8221; type=&#8221;grid&#8221; angled_section=&#8221;no&#8221; text_align=&#8221;left&#8221; background_image_as_pattern=&#8221;without_pattern&#8221;][vc_column][vc_column_text]<\/p>\n<h1>BORD\u00d5ES INDIVIDUAIS<\/h1>\n<p>[\/vc_column_text][\/vc_column][\/vc_row][vc_row css_animation=&#8221;&#8221; row_type=&#8221;row&#8221; use_row_as_full_screen_section=&#8221;no&#8221; type=&#8221;full_width&#8221; angled_section=&#8221;no&#8221; text_align=&#8221;left&#8221; background_image_as_pattern=&#8221;without_pattern&#8221;][vc_column][vc_separator type=&#8221;transparent&#8221; thickness=&#8221;25&#8243;][\/vc_column][\/vc_row][vc_row css_animation=&#8221;&#8221; row_type=&#8221;row&#8221; use_row_as_full_screen_section=&#8221;no&#8221; type=&#8221;grid&#8221; angled_section=&#8221;no&#8221; text_align=&#8221;left&#8221; background_image_as_pattern=&#8221;without_pattern&#8221;][vc_column][vc_column_text]Encomende bord\u00f5es individuais introduzindo os dados pedidos nos espa\u00e7os abaixo e clique em &#8220;Enviar encomenda&#8221;.<\/p>\n<p>Se prefere a vers\u00e3o impressa do formul\u00e1rio, clique aqui em <a href=\"https:\/\/www.hellerbass.eu\/pt-pt\/transferencias\"><u>Transfer\u00eancias<\/u><\/a>.<\/p>\n<p>As medidas requisitadas podem ser encontradas em <a href=\"https:\/\/www.hellerbass.eu\/pt-pt\/instrucoes#anchor_2\"><u>Instru\u00e7\u00f5es<\/u><\/a>.[\/vc_column_text][\/vc_column][\/vc_row][vc_row css_animation=&#8221;&#8221; row_type=&#8221;row&#8221; use_row_as_full_screen_section=&#8221;no&#8221; type=&#8221;full_width&#8221; angled_section=&#8221;no&#8221; text_align=&#8221;left&#8221; background_image_as_pattern=&#8221;without_pattern&#8221;][vc_column][vc_separator type=&#8221;transparent&#8221; thickness=&#8221;20px&#8221;][\/vc_column][\/vc_row][vc_row css_animation=&#8221;&#8221; row_type=&#8221;row&#8221; use_row_as_full_screen_section=&#8221;no&#8221; type=&#8221;grid&#8221; angled_section=&#8221;no&#8221; text_align=&#8221;left&#8221; background_image_as_pattern=&#8221;without_pattern&#8221; css=&#8221;.vc_custom_1468931948351{border-radius: 5px !important;}&#8221;][vc_column][vc_column_text]<div class=\"frm_forms  with_frm_style frm_style_formidable-style\" id=\"frm_form_77_container\" >\n<form enctype=\"multipart\/form-data\" method=\"post\" class=\"frm-show-form  frm_pro_form \" id=\"form_lbd6q928\" >\n<div class=\"frm_form_fields \">\n<fieldset>\n\r\n<div class=\"frm_fields_container\">\n<input type=\"hidden\" name=\"frm_action\" value=\"create\" \/>\n<input type=\"hidden\" name=\"form_id\" value=\"77\" \/>\n<input type=\"hidden\" name=\"frm_hide_fields_77\" id=\"frm_hide_fields_77\" value=\"\" \/>\n<input type=\"hidden\" name=\"form_key\" value=\"lbd6q928\" \/>\n<input type=\"hidden\" name=\"item_meta[0]\" value=\"\" \/>\n<input type=\"hidden\" id=\"frm_submit_entry_77\" name=\"frm_submit_entry_77\" value=\"f0cd802b54\" \/><input type=\"hidden\" name=\"_wp_http_referer\" value=\"\/pt-pt\/wp-json\/wp\/v2\/pages\/1245\" \/><div id=\"frm_field_998_container\" class=\"frm_form_field form-field  frm_required_field frm_top_container\">\r\n    <label for=\"field_hw8ogq9\" class=\"frm_primary_label\">Nome\r\n        <span class=\"frm_required\">*<\/span>\r\n    <\/label>\r\n    <input  type=\"text\" id=\"field_hw8ogq9\" name=\"item_meta[998]\" value=\"\"  style=\"width:500px\" data-reqmsg=\"Este espa\u00e7o deve ser preenchido!\" aria-required=\"true\" data-invmsg=\"Nome ist ung\u00fcltig\" class=\"auto_width\" aria-invalid=\"false\"   \/>\r\n    \r\n    \r\n<\/div>\n<div id=\"frm_field_999_container\" class=\"frm_form_field form-field  frm_top_container\">\r\n    <label for=\"field_avu3g9\" class=\"frm_primary_label\">Morada\r\n        <span class=\"frm_required\"><\/span>\r\n    <\/label>\r\n    <textarea name=\"item_meta[999]\" id=\"field_avu3g9\" rows=\"5\"  style=\"width:500px\" cols=\"55\" data-invmsg=\"Morada ist ung\u00fcltig\" class=\"auto_width\" aria-invalid=\"false\"  ><\/textarea>\r\n    \r\n    \r\n<\/div>\n<div id=\"frm_field_1000_container\" class=\"frm_form_field form-field  frm_required_field frm_top_container\">\r\n    <label for=\"field_rgh839\" class=\"frm_primary_label\">Email\r\n        <span class=\"frm_required\">*<\/span>\r\n    <\/label>\r\n    <input type=\"email\" id=\"field_rgh839\" name=\"item_meta[1000]\" value=\"\"  style=\"width:500px\" data-reqmsg=\"Este espa\u00e7o deve ser preenchido!\" aria-required=\"true\" data-invmsg=\"Aten\u00e7\u00e3o! Houve um problema com os seus dados.\" class=\"auto_width\" aria-invalid=\"false\"  \/>\r\n    \r\n    \r\n<\/div>\n<div id=\"frm_field_1001_container\" class=\"frm_form_field  frm_html_container form-field\">\u00a0<\/div>\n<div id=\"frm_field_1002_container\" class=\"frm_form_field frm_section_heading form-field \">\r\n<h3 class=\"frm_pos_top frm_section_spacing\">Especifica\u00e7\u00f5es de encomenda:<\/h3>\r\n\r\n<input type=\"hidden\" name=\"item_meta[1002][form]\" value=\"25\" class=\"frm_dnc\" \/>\n\t\t\t<div id=\"frm_section_1002-0\" class=\"frm_repeat_sec frm_repeat_1002 frm_first_repeat frm_grid_container\">\n<input type=\"hidden\" name=\"item_meta[1002][row_ids][]\" value=\"0\" \/><input type=\"hidden\" name=\"item_meta[1002][0][0]\" value=\"\" \/><div id=\"frm_field_187-1002-0_container\" class=\"frm_form_field form-field  frm_top_container frm_first frm_fifth frm_field_187_container\">\r\n    <label for=\"field_ln9dn9-0\" class=\"frm_primary_label\">Azelha-in\u00edcioCu\r\n        <span class=\"frm_required\"><\/span>\r\n    <\/label>\r\n    <input  type=\"text\" id=\"field_ln9dn9-0\" name=\"item_meta[1002][0][187]\" value=\"\"  data-sectionid=\"1002\"  style=\"width:150px\" maxlength=\"8\" data-invmsg=\"Azelha-in\u00edcioCu ist ung\u00fcltig\" class=\"auto_width\" aria-invalid=\"false\"   \/>\r\n    \r\n    \r\n<\/div>\n<div id=\"frm_field_188-1002-0_container\" class=\"frm_form_field form-field  frm_top_container frm_fifth frm_field_188_container\">\r\n    <label for=\"field_6svls9-0\" class=\"frm_primary_label\">Comprim. Cu\r\n        <span class=\"frm_required\"><\/span>\r\n    <\/label>\r\n    <input  type=\"text\" id=\"field_6svls9-0\" name=\"item_meta[1002][0][188]\" value=\"\"  data-sectionid=\"1002\"  style=\"width:150px\" maxlength=\"8\" data-invmsg=\"Comprim. Cu ist ung\u00fcltig\" class=\"auto_width\" aria-invalid=\"false\"   \/>\r\n    \r\n    \r\n<\/div>\n<div id=\"frm_field_189-1002-0_container\" class=\"frm_form_field form-field  frm_top_container frm_fifth frm_field_189_container\">\r\n    <label for=\"field_vcim09-0\" class=\"frm_primary_label\">Azelha-fimCu\r\n        <span class=\"frm_required\"><\/span>\r\n    <\/label>\r\n    <input  type=\"text\" id=\"field_vcim09-0\" name=\"item_meta[1002][0][189]\" value=\"\"  data-sectionid=\"1002\"  style=\"width:150px\" maxlength=\"8\" data-invmsg=\"Azelha-fimCu ist ung\u00fcltig\" class=\"auto_width\" aria-invalid=\"false\"   \/>\r\n    \r\n    \r\n<\/div>\n<div id=\"frm_field_190-1002-0_container\" class=\"frm_form_field form-field  frm_top_container frm_fifth frm_field_190_container\">\r\n    <label for=\"field_slwrd9-0\" class=\"frm_primary_label\">A\u00e7o  \u00d8\r\n        <span class=\"frm_required\"><\/span>\r\n    <\/label>\r\n    <input  type=\"text\" id=\"field_slwrd9-0\" name=\"item_meta[1002][0][190]\" value=\"\"  data-sectionid=\"1002\"  style=\"width:150px\" maxlength=\"6\" data-invmsg=\"A\u00e7o  \u00d8 ist ung\u00fcltig\" class=\"auto_width\" aria-invalid=\"false\"   \/>\r\n    \r\n    \r\n<\/div>\n<div id=\"frm_field_191-1002-0_container\" class=\"frm_form_field form-field  frm_top_container frm_fifth frm_field_191_container\">\r\n    <label for=\"field_mtb8d9-0\" class=\"frm_primary_label\">Total \u00d8\r\n        <span class=\"frm_required\"><\/span>\r\n    <\/label>\r\n    <input  type=\"text\" id=\"field_mtb8d9-0\" name=\"item_meta[1002][0][191]\" value=\"\"  data-sectionid=\"1002\"  style=\"width:150px\" maxlength=\"6\" data-invmsg=\"Total \u00d8 ist ung\u00fcltig\" class=\"auto_width\" aria-invalid=\"false\"   \/>\r\n    \r\n    \r\n<\/div>\n<div id=\"frm_field_192-1002-0_container\" class=\"frm_form_field form-field  frm_top_container frm_first frm_fifth vertical_radio frm_field_192_container\">\r\n    <label  class=\"frm_primary_label\">Como foram feitas as medi\u00e7\u00f5es?\r\n        <span class=\"frm_required\"><\/span>\r\n    <\/label>\r\n    <div class=\"frm_opt_container\">\t\t<div class=\"frm_radio\" id=\"frm_radio_192-1002-0\">\t\t\t<label  for=\"field_x9hno9-0-0\">\n\t\t\t\t\t<input type=\"radio\" name=\"item_meta[1002][0][192]\" id=\"field_x9hno9-0-0\" value=\"sem tens\u00e3o (da parte traseira da azelha)\"\n\t\t   data-sectionid=\"1002\"  data-invmsg=\"Como foram feitas as medi\u00e7\u00f5es? is invalid\" aria-invalid=\"false\"  \/> sem tens\u00e3o (da parte traseira da azelha)<\/label><\/div>\n\t\t<div class=\"frm_radio\" id=\"frm_radio_192-1002-1\">\t\t\t<label  for=\"field_x9hno9-0-1\">\n\t\t\t\t\t<input type=\"radio\" name=\"item_meta[1002][0][192]\" id=\"field_x9hno9-0-1\" value=\"sem tens\u00e3o (com fita m\u00e9trica)\"\n\t\t   data-sectionid=\"1002\"  data-invmsg=\"Como foram feitas as medi\u00e7\u00f5es? is invalid\" aria-invalid=\"false\"  \/> sem tens\u00e3o (com fita m\u00e9trica)<\/label><\/div>\n\t\t<div class=\"frm_radio\" id=\"frm_radio_192-1002-2\">\t\t\t<label  for=\"field_x9hno9-0-2\">\n\t\t\t\t\t<input type=\"radio\" name=\"item_meta[1002][0][192]\" id=\"field_x9hno9-0-2\" value=\"no instrumento (com fita m\u00e9trica\/excl. \u00d8 da azelha)\"\n\t\t   data-sectionid=\"1002\"  data-invmsg=\"Como foram feitas as medi\u00e7\u00f5es? is invalid\" aria-invalid=\"false\"  \/> no instrumento (com fita m\u00e9trica\/excl. \u00d8 da azelha)<\/label><\/div>\n<\/div>\r\n    \r\n    \r\n<\/div>\n<div id=\"frm_field_193-1002-0_container\" class=\"frm_form_field form-field  frm_top_container frm_fifth vertical_radio frm_field_193_container frm_other_container\">\r\n    <label  class=\"frm_primary_label\">Tipo de azelha?\r\n        <span class=\"frm_required\"><\/span>\r\n    <\/label>\r\n    <div class=\"frm_opt_container\">\t\t<div class=\"frm_radio\" id=\"frm_radio_193-1002-other_3\">\t\t\t<label  for=\"field_rjox79-0-other_3\">\n\t\t\t\t\t<input type=\"radio\" name=\"item_meta[1002][0][193]\" id=\"field_rjox79-0-other_3\" value=\"Azelha Francesa (55mm regular)\/outro comprimento?\"\n\t\t   data-sectionid=\"1002\"  data-invmsg=\"Tipo de azelha? is invalid\" aria-invalid=\"false\"  \/> Azelha Francesa (55mm regular)\/outro comprimento?<\/label><label for=\"field_rjox79-0-other_3-otext\" class=\"frm_screen_reader frm_hidden\">Azelha Francesa (55mm regular)\/outro comprimento?<\/label><input type=\"text\" id=\"field_rjox79-0-other_3-otext\" class=\"frm_other_input frm_pos_none\"  name=\"item_meta[1002][0][other][193]\" value=\"\" \/><\/div>\n\t\t<div class=\"frm_radio\" id=\"frm_radio_193-1002-4\">\t\t\t<label  for=\"field_rjox79-0-4\">\n\t\t\t\t\t<input type=\"radio\" name=\"item_meta[1002][0][193]\" id=\"field_rjox79-0-4\" value=\"Azelha Alem\u00e3\"\n\t\t   data-sectionid=\"1002\"  data-invmsg=\"Tipo de azelha? is invalid\" aria-invalid=\"false\"  \/> Azelha Alem\u00e3<\/label><\/div>\n\t\t<div class=\"frm_radio\" id=\"frm_radio_193-1002-5\">\t\t\t<label  for=\"field_rjox79-0-5\">\n\t\t\t\t\t<input type=\"radio\" name=\"item_meta[1002][0][193]\" id=\"field_rjox79-0-5\" value=\"Azelha dupla Alem\u00e3\"\n\t\t   data-sectionid=\"1002\"  data-invmsg=\"Tipo de azelha? is invalid\" aria-invalid=\"false\"  \/> Azelha dupla Alem\u00e3<\/label><\/div>\n<\/div>\r\n    \r\n    \r\n<\/div>\n<div id=\"frm_field_194-1002-0_container\" class=\"frm_form_field form-field  frm_top_container frm_fifth vertical_radio frm_field_194_container\">\r\n    <label  class=\"frm_primary_label\">Tipo de corda?\r\n        <span class=\"frm_required\"><\/span>\r\n    <\/label>\r\n    <div class=\"frm_opt_container\">\t\t<div class=\"frm_radio\" id=\"frm_radio_194-1002-0\">\t\t\t<label  for=\"field_lvpp19-0-0\">\n\t\t\t\t\t<input type=\"radio\" name=\"item_meta[1002][0][194]\" id=\"field_lvpp19-0-0\" value=\"Redonda\"\n\t\t   data-sectionid=\"1002\"  data-invmsg=\"Tipo de corda? is invalid\" aria-invalid=\"false\"  \/> Redonda<\/label><\/div>\n\t\t<div class=\"frm_radio\" id=\"frm_radio_194-1002-1\">\t\t\t<label  for=\"field_lvpp19-0-1\">\n\t\t\t\t\t<input type=\"radio\" name=\"item_meta[1002][0][194]\" id=\"field_lvpp19-0-1\" value=\"Hexagonal\"\n\t\t   data-sectionid=\"1002\"  data-invmsg=\"Tipo de corda? is invalid\" aria-invalid=\"false\"  \/> Hexagonal<\/label><\/div>\n<\/div>\r\n    \r\n    \r\n<\/div>\n<div id=\"frm_field_195-1002-0_container\" class=\"frm_form_field form-field  frm_top_container frm_fifth vertical_radio frm_field_195_container\">\r\n    <label  class=\"frm_primary_label\">Termina\u00e7\u00f5es da fieira?\r\n        <span class=\"frm_required\"><\/span>\r\n    <\/label>\r\n    <div class=\"frm_opt_container\">\t\t<div class=\"frm_checkbox\" id=\"frm_checkbox_195-1002-0\">\t\t\t<label  for=\"field_vcb159-0-0\">\n\t\t\t<input type=\"checkbox\" name=\"item_meta[1002][0][195][]\" id=\"field_vcb159-0-0\" value=\"Ambos cortados\"  data-sectionid=\"1002\"  data-invmsg=\"Termina\u00e7\u00f5es da fieira? is invalid\" aria-invalid=\"false\"   \/> Ambos cortados<\/label><\/div>\n\t\t<div class=\"frm_checkbox\" id=\"frm_checkbox_195-1002-1\">\t\t\t<label  for=\"field_vcb159-0-1\">\n\t\t\t<input type=\"checkbox\" name=\"item_meta[1002][0][195][]\" id=\"field_vcb159-0-1\" value=\"Ambos c\u00f3nicos\"  data-sectionid=\"1002\"  data-invmsg=\"Termina\u00e7\u00f5es da fieira? is invalid\" aria-invalid=\"false\"   \/> Ambos c\u00f3nicos<\/label><\/div>\n\t\t<div class=\"frm_checkbox\" id=\"frm_checkbox_195-1002-2\">\t\t\t<label  for=\"field_vcb159-0-2\">\n\t\t\t<input type=\"checkbox\" name=\"item_meta[1002][0][195][]\" id=\"field_vcb159-0-2\" value=\"C\u00f3nico na dire\u00e7\u00e3o das cravelhas\"  data-sectionid=\"1002\"  data-invmsg=\"Termina\u00e7\u00f5es da fieira? is invalid\" aria-invalid=\"false\"   \/> C\u00f3nico na dire\u00e7\u00e3o das cravelhas<\/label><\/div>\n\t\t<div class=\"frm_checkbox\" id=\"frm_checkbox_195-1002-3\">\t\t\t<label  for=\"field_vcb159-0-3\">\n\t\t\t<input type=\"checkbox\" name=\"item_meta[1002][0][195][]\" id=\"field_vcb159-0-3\" value=\"Sobreposto na dire\u00e7\u00e3o do cavalete\"  data-sectionid=\"1002\"  data-invmsg=\"Termina\u00e7\u00f5es da fieira? is invalid\" aria-invalid=\"false\"   \/> Sobreposto na dire\u00e7\u00e3o do cavalete<\/label><\/div>\n<\/div>\r\n    \r\n    \r\n<\/div>\n<div id=\"frm_field_196-1002-0_container\" class=\"frm_form_field form-field  frm_top_container frm_fifth frm_field_196_container\">\r\n    <label for=\"field_qxetl9-0\" class=\"frm_primary_label\">Coment\u00e1rios \/ nome do cliente\r\n        <span class=\"frm_required\"><\/span>\r\n    <\/label>\r\n    <textarea name=\"item_meta[1002][0][196]\" id=\"field_qxetl9-0\" rows=\"4\"  data-sectionid=\"1002\"  style=\"width:150px\" cols=\"16\" data-invmsg=\"Coment\u00e1rios \/ nome do cliente ist ung\u00fcltig\" class=\"auto_width\" aria-invalid=\"false\"  ><\/textarea>\r\n    \r\n    \r\n<\/div>\n<div class=\"frm_form_field frm_hidden_container frm_repeat_buttons \"><a href=\"#\" class=\"frm_add_form_row frm_button\" data-parent=\"1002\" aria-label=\"Add\"><svg  viewBox=\"0 0 20 20\" width=\"1em\" height=\"1em\" class=\"frmsvg frm-svg-icon\">\n\t<title>plus4<\/title>\n\t<path d=\"M19.4 7.5h-6.9V.6c0-.3-.3-.6-.6-.6H8c-.3 0-.6.3-.6.6v6.9H.6c-.3 0-.6.3-.6.6V12c0 .3.3.6.6.6h6.9v6.9c0 .3.3.6.6.6H12c.3 0 .6-.3.6-.6v-6.9h6.9c.3 0 .6-.3.6-.6V8c0-.3-.3-.6-.6-.6z\"><\/path>\n\n<\/svg> Adicionar bord\u00e3o<\/a>\n<a href=\"#\" class=\"frm_remove_form_row frm_button\" data-key=\"0\" data-parent=\"1002\" aria-label=\"Remove\"><svg  viewBox=\"0 0 20 20\" width=\"1em\" height=\"1em\" class=\"frmsvg frm-svg-icon\">\n\t<title>minus4<\/title>\n\t<path d=\"M0 8.1V12c0 .3.3.6.6.6h18.8c.3 0 .6-.3.6-.6V8c0-.3-.3-.6-.6-.6H.6c-.3 0-.6.3-.6.6z\"><\/path>\n\n<\/svg> Apagar o \u00faltimo<\/a> <\/div><\/div>\n\r\n<\/div>\n<div id=\"frm_field_197_container\" class=\"frm_form_field  frm_html_container form-field\">\n<hr>\n<\/div>\n<div id=\"frm_field_1004_container\" class=\"frm_form_field form-field  frm_top_container\">\r\n    <label for=\"field_x5c149\" class=\"frm_primary_label\">Coment\u00e1rios finais:\r\n        <span class=\"frm_required\"><\/span>\r\n    <\/label>\r\n    <textarea name=\"item_meta[1004]\" id=\"field_x5c149\" rows=\"4\"  style=\"width:500px\" cols=\"55\" data-invmsg=\"Coment\u00e1rios finais: ist ung\u00fcltig\" class=\"auto_width\" aria-invalid=\"false\"  ><\/textarea>\r\n    \r\n    \r\n<\/div>\n<div id=\"frm_field_1078_container\" class=\"frm_form_field form-field \">\r\n\t<div class=\"frm_submit\">\r\n\r\n<input type=\"submit\" value=\"Enviar encomenda\"  class=\"frm_final_submit\" formnovalidate=\"formnovalidate\" \/>\r\n<img decoding=\"async\" class=\"frm_ajax_loading\" src=\"https:\/\/hellerbass.de\/wp-content\/plugins\/formidable\/images\/ajax_loader.gif\" alt=\"Sending\" style=\"visibility:hidden;\" \/>\r\n\r\n<\/div>\r\n<\/div>\n\t<input type=\"hidden\" name=\"item_key\" value=\"\" \/>\n\t\t\t<div id=\"frm_field_1109_container\">\n\t\t\t<label for=\"field_oxefc\" >\n\t\t\t\tIf you are human, leave this field blank.\t\t\t<\/label>\n\t\t\t<input  id=\"field_oxefc\" type=\"text\" class=\"frm_form_field form-field frm_verify\" name=\"item_meta[1109]\" value=\"\"  \/>\n\t\t<\/div>\n\t\t<input name=\"frm_state\" type=\"hidden\" value=\"qGZXQLK9wYPAK3CLh6oZkvrmrvYepbEHKKgoYGJBI\/6jRL3JS95FzDs7mBJKrxGS\" \/><script language=\"Javascript\">\r\n    document.onkeydown = function() {\r\n        if (event.keyCode == 13) {\r\n            if (document.activeElement.tagName.toLowerCase () != \"textarea\") {\r\n                      event.preventDefault();\r\n                      return false;\r\n                }\r\n        }\r\n    }\r\n<\/script><\/div>\n<\/fieldset>\n<\/div>\n\n<\/form>\n<\/div>\n[\/vc_column_text][\/vc_column][\/vc_row][vc_row css_animation=&#8221;&#8221; row_type=&#8221;row&#8221; use_row_as_full_screen_section=&#8221;no&#8221; type=&#8221;full_width&#8221; angled_section=&#8221;no&#8221; text_align=&#8221;left&#8221; background_image_as_pattern=&#8221;without_pattern&#8221;][vc_column][vc_separator type=&#8221;transparent&#8221; thickness=&#8221;50px&#8221;][\/vc_column][\/vc_row][vc_row css_animation=&#8221;&#8221; row_type=&#8221;row&#8221; use_row_as_full_screen_section=&#8221;no&#8221; type=&#8221;full_width&#8221; angled_section=&#8221;no&#8221; text_align=&#8221;left&#8221; background_image_as_pattern=&#8221;without_pattern&#8221;][vc_column][vc_gallery type=&#8221;image_grid&#8221; images=&#8221;535,568,601,612&#8243; img_size=&#8221;412&#215;412&#8243; column_number=&#8221;4&#8243; grayscale=&#8221;yes&#8221; images_space=&#8221;gallery_without_space&#8221;][\/vc_column][\/vc_row][vc_row css_animation=&#8221;&#8221; row_type=&#8221;row&#8221; use_row_as_full_screen_section=&#8221;no&#8221; type=&#8221;full_width&#8221; angled_section=&#8221;no&#8221; text_align=&#8221;left&#8221; background_image_as_pattern=&#8221;without_pattern&#8221; anchor=&#8221;anchor_1&#8243;][vc_column][\/vc_column][\/vc_row]<\/p>\n<\/div>","protected":false},"excerpt":{"rendered":"<p>[vc_row css_animation=&#8221;&#8221; row_type=&#8221;row&#8221; use_row_as_full_screen_section=&#8221;no&#8221; type=&#8221;full_width&#8221; angled_section=&#8221;no&#8221; text_align=&#8221;left&#8221; background_image_as_pattern=&#8221;without_pattern&#8221;][vc_column][vc_separator type=&#8221;transparent&#8221; thickness=&#8221;50&#8243;][\/vc_column][\/vc_row][vc_row css_animation=&#8221;&#8221; row_type=&#8221;row&#8221; use_row_as_full_screen_section=&#8221;no&#8221; type=&#8221;grid&#8221; angled_section=&#8221;no&#8221; text_align=&#8221;left&#8221; background_image_as_pattern=&#8221;without_pattern&#8221;][vc_column][vc_column_text] BORD\u00d5ES INDIVIDUAIS [\/vc_column_text][\/vc_column][\/vc_row][vc_row css_animation=&#8221;&#8221; row_type=&#8221;row&#8221; use_row_as_full_screen_section=&#8221;no&#8221; type=&#8221;full_width&#8221; angled_section=&#8221;no&#8221; text_align=&#8221;left&#8221; background_image_as_pattern=&#8221;without_pattern&#8221;][vc_column][vc_separator type=&#8221;transparent&#8221; thickness=&#8221;25&#8243;][\/vc_column][\/vc_row][vc_row css_animation=&#8221;&#8221; row_type=&#8221;row&#8221; use_row_as_full_screen_section=&#8221;no&#8221; type=&#8221;grid&#8221; angled_section=&#8221;no&#8221; text_align=&#8221;left&#8221; background_image_as_pattern=&#8221;without_pattern&#8221;][vc_column][vc_column_text]Encomende bord\u00f5es individuais introduzindo os dados pedidos nos espa\u00e7os abaixo&#8230;<\/p>\n","protected":false},"author":1,"featured_media":0,"parent":0,"menu_order":0,"comment_status":"closed","ping_status":"closed","template":"full_width.php","meta":{"footnotes":""},"class_list":["post-1245","page","type-page","status-publish","hentry"],"_links":{"self":[{"href":"https:\/\/hellerbass.de\/pt-pt\/wp-json\/wp\/v2\/pages\/1245","targetHints":{"allow":["GET"]}}],"collection":[{"href":"https:\/\/hellerbass.de\/pt-pt\/wp-json\/wp\/v2\/pages"}],"about":[{"href":"https:\/\/hellerbass.de\/pt-pt\/wp-json\/wp\/v2\/types\/page"}],"author":[{"embeddable":true,"href":"https:\/\/hellerbass.de\/pt-pt\/wp-json\/wp\/v2\/users\/1"}],"replies":[{"embeddable":true,"href":"https:\/\/hellerbass.de\/pt-pt\/wp-json\/wp\/v2\/comments?post=1245"}],"version-history":[{"count":0,"href":"https:\/\/hellerbass.de\/pt-pt\/wp-json\/wp\/v2\/pages\/1245\/revisions"}],"wp:attachment":[{"href":"https:\/\/hellerbass.de\/pt-pt\/wp-json\/wp\/v2\/media?parent=1245"}],"curies":[{"name":"wp","href":"https:\/\/api.w.org\/{rel}","templated":true}]}}