{"id":1267,"date":"2022-09-30T12:24:41","date_gmt":"2022-09-30T12:24:41","guid":{"rendered":"https:\/\/hellerbass.de\/atelier-heller-piano\/"},"modified":"2022-09-30T12:24:41","modified_gmt":"2022-09-30T12:24:41","slug":"atelier-heller-piano","status":"publish","type":"page","link":"https:\/\/hellerbass.de\/pt-pt\/atelier-heller-piano\/","title":{"rendered":"Atelier Heller Piano"},"content":{"rendered":"<div class=\"wpb-content-wrapper\"><p>[vc_row row_type=&#8221;row&#8221; use_row_as_full_screen_section=&#8221;no&#8221; type=&#8221;full_width&#8221; angled_section=&#8221;no&#8221; text_align=&#8221;left&#8221; background_image_as_pattern=&#8221;without_pattern&#8221; css_animation=&#8221;&#8221;][vc_column][vc_separator type=&#8221;transparent&#8221; thickness=&#8221;50&#8243;][\/vc_column][\/vc_row][vc_row row_type=&#8221;row&#8221; use_row_as_full_screen_section=&#8221;no&#8221; type=&#8221;grid&#8221; angled_section=&#8221;no&#8221; text_align=&#8221;left&#8221; background_image_as_pattern=&#8221;without_pattern&#8221; css_animation=&#8221;&#8221;][vc_column][vc_column_text]<\/p>\n<h1>ATELIER HELLER PIANO<\/h1>\n<p>[\/vc_column_text][\/vc_column][\/vc_row][vc_row row_type=&#8221;row&#8221; use_row_as_full_screen_section=&#8221;no&#8221; type=&#8221;full_width&#8221; angled_section=&#8221;no&#8221; text_align=&#8221;left&#8221; background_image_as_pattern=&#8221;without_pattern&#8221; css_animation=&#8221;&#8221;][vc_column][vc_separator type=&#8221;transparent&#8221; thickness=&#8221;25&#8243;][\/vc_column][\/vc_row][vc_row row_type=&#8221;row&#8221; use_row_as_full_screen_section=&#8221;no&#8221; type=&#8221;grid&#8221; angled_section=&#8221;no&#8221; text_align=&#8221;left&#8221; background_image_as_pattern=&#8221;without_pattern&#8221; css_animation=&#8221;&#8221;][vc_column][vc_column_text]A empresa Heller Piano foi fundada a 1 de Janeiro de 1985. Cedo come\u00e7ou a especializar-se no fabrico de bord\u00f5es de alta qualidade para instrumentos verticais e de cauda &#8211; hoje \u2018Hellerbass\u2019 \u00e9 uma marca registrada.<\/p>\n<p><a href=\"https:\/\/www.hellerbass.eu\/wp-content\/uploads\/2013\/02\/Hellerbass-building.jpg\"><img decoding=\"async\" class=\"wp-image-16608 alignright\" src=\"https:\/\/www.hellerbass.eu\/wp-content\/uploads\/2013\/02\/Hellerbass-building-1030x746.jpg\" alt=\"Hellerbass building\" width=\"521\" height=\"377\" \/><\/a>Perto de Heidelberg, a empresa Bechstein fabricou instrumentos verticais e de cauda nos anos 70 e 80. Walter Heller come\u00e7ou por trabalhar l\u00e1 como marceneiro, concluiu a sua forma\u00e7\u00e3o como fabricante de pianos e recebeu a qualifica\u00e7\u00e3o de mestre em 1981. Quando a Bechstein transferiu a produ\u00e7\u00e3o para Berlin, Walter Heller fundou a sua empresa de instrumentos em 1985. O atelier era ent\u00e3o na cave da sua casa.<\/p>\n<p>&nbsp;<\/p>\n<p>As repara\u00e7\u00f5es e vendas de instrumentos, e a produ\u00e7\u00e3o de bord\u00f5es cresceram t\u00e3o bem que cedo se tornaram necess\u00e1rios empregados. Por esta raz\u00e3o, o seu filho Gregor, abandonou os seus planos de estudos de gest\u00e3o e come\u00e7ou a forma\u00e7\u00e3o como fabricante de instrumentos. Em 1995 tamb\u00e9m recebeu a qualifica\u00e7\u00e3o como mestre.<\/p>\n<p>Em 1988 um atelier j\u00e1 tinha sido constru\u00eddo num terreno adjacente.<\/p>\n<p>Fiel \u00e0 filosofia da empresa, \u2018A qualidade leva ao sucesso\u2019, a empresa floresceu nas m\u00e3os de Pai e Filho e a sua percentagem de mercado aumentou. O controlo sistem\u00e1tico da produ\u00e7\u00e3o garantiu a regularidade da alta qualidade. A introdu\u00e7\u00e3o de uma fita m\u00e9trica especial com uma azelha inclu\u00edda, para medir os comprimentos dos bord\u00f5es, em 1986, foi um passo decisivo para o sucesso da empresa. Dispensa-se assim a necessidade de envio do jogo de bord\u00f5es antigos. Para certificar a qualidade do produto, um bord\u00e3o em cada jogo recebe uma manga pl\u00e1stica transparente com o logotipo a amarelo da \u2018Hellerbass\u2019.<\/p>\n<p>&nbsp;<\/p>\n<p>Em 1997 Walter transfere a direc\u00e7\u00e3o da empresa para o seu filho Gregor. Desde ent\u00e3o Gregor Heller apresentou-se em in\u00fameras feiras do sector na Alemanha entre outros pa\u00edses. A cria\u00e7\u00e3o de uma p\u00e1gina de internet foi essencial para aumentar a capacidade de apresenta\u00e7\u00e3o os produtos Heller.<\/p>\n<p><a href=\"https:\/\/www.hellerbass.eu\/wp-content\/uploads\/2013\/02\/2-Hellers.jpg\"><img decoding=\"async\" class=\"alignleft wp-image-16606\" src=\"https:\/\/www.hellerbass.eu\/wp-content\/uploads\/2013\/02\/2-Hellers-1030x760.jpg\" alt=\"2 Hellers\" width=\"436\" height=\"322\" \/><\/a>O \u00faltimo passo foi a conta de Facebook, que proporciona informa\u00e7\u00e3o sobre materiais alternativos para os bord\u00f5es bem como datas de feiras do sector. Neste momento 98% de todas as encomendas s\u00e3o recebidas por via electr\u00f3nica (fax, email ou online). Neste momento a empresa \u00e9 constitu\u00edda por 9 empregados. Tal como na Alemanha, em todo o mundo &#8211; com uma fatia de 60% da produ\u00e7\u00e3o &#8211; empresas de repara\u00e7\u00e3o e f\u00e1bricas de instrumento s\u00e3o fornecidas com bord\u00f5es para instrumentos verticais e de cauda.<\/p>\n<p>A tradi\u00e7\u00e3o do &#8220;neg\u00f3cio familiar&#8221; tem sido respeitada e mantida. A esposa, a m\u00e3e e o pai do Gregor est\u00e3o empregados na empresa: &#8220;Felizmente&#8221;, refere Gregor, &#8220;Assim podemos continuar a fornecer ao longo do ano sem um fecho de f\u00e9rias de ver\u00e3o. Al\u00e9m disso, permite-me visitar feiras do sector e encontros de t\u00e9cnicos de pianos tanto na Alemanha como no estrangeiro.&#8221;<\/p>\n<p>&nbsp;<\/p>\n<p>O neto Moritz vai come\u00e7ar a sua aprendizagem como t\u00e9cnico\/construtor de pianos em 2016 dando assim continuidade \u00e0 tradi\u00e7\u00e3o familiar.[\/vc_column_text][\/vc_column][\/vc_row][vc_row row_type=&#8221;row&#8221; use_row_as_full_screen_section=&#8221;no&#8221; type=&#8221;full_width&#8221; angled_section=&#8221;no&#8221; text_align=&#8221;left&#8221; background_image_as_pattern=&#8221;without_pattern&#8221; css_animation=&#8221;&#8221;][vc_column][vc_separator type=&#8221;transparent&#8221; thickness=&#8221;75&#8243;][\/vc_column][\/vc_row][vc_row row_type=&#8221;row&#8221; use_row_as_full_screen_section=&#8221;no&#8221; type=&#8221;full_width&#8221; anchor=&#8221;anchor_1&#8243; angled_section=&#8221;no&#8221; text_align=&#8221;left&#8221; background_image_as_pattern=&#8221;without_pattern&#8221; css_animation=&#8221;&#8221;][vc_column][\/vc_column][\/vc_row]<\/p>\n<\/div>","protected":false},"excerpt":{"rendered":"<p>[vc_row row_type=&#8221;row&#8221; use_row_as_full_screen_section=&#8221;no&#8221; type=&#8221;full_width&#8221; angled_section=&#8221;no&#8221; text_align=&#8221;left&#8221; background_image_as_pattern=&#8221;without_pattern&#8221; css_animation=&#8221;&#8221;][vc_column][vc_separator type=&#8221;transparent&#8221; thickness=&#8221;50&#8243;][\/vc_column][\/vc_row][vc_row row_type=&#8221;row&#8221; use_row_as_full_screen_section=&#8221;no&#8221; type=&#8221;grid&#8221; angled_section=&#8221;no&#8221; text_align=&#8221;left&#8221; background_image_as_pattern=&#8221;without_pattern&#8221; css_animation=&#8221;&#8221;][vc_column][vc_column_text] ATELIER HELLER PIANO [\/vc_column_text][\/vc_column][\/vc_row][vc_row row_type=&#8221;row&#8221; use_row_as_full_screen_section=&#8221;no&#8221; type=&#8221;full_width&#8221; angled_section=&#8221;no&#8221; text_align=&#8221;left&#8221; background_image_as_pattern=&#8221;without_pattern&#8221; css_animation=&#8221;&#8221;][vc_column][vc_separator type=&#8221;transparent&#8221; thickness=&#8221;25&#8243;][\/vc_column][\/vc_row][vc_row row_type=&#8221;row&#8221; use_row_as_full_screen_section=&#8221;no&#8221; type=&#8221;grid&#8221; angled_section=&#8221;no&#8221; text_align=&#8221;left&#8221; background_image_as_pattern=&#8221;without_pattern&#8221; css_animation=&#8221;&#8221;][vc_column][vc_column_text]A empresa Heller Piano foi fundada a 1 de&#8230;<\/p>\n","protected":false},"author":1,"featured_media":0,"parent":0,"menu_order":0,"comment_status":"closed","ping_status":"closed","template":"full_width.php","meta":{"footnotes":""},"class_list":["post-1267","page","type-page","status-publish","hentry"],"_links":{"self":[{"href":"https:\/\/hellerbass.de\/pt-pt\/wp-json\/wp\/v2\/pages\/1267","targetHints":{"allow":["GET"]}}],"collection":[{"href":"https:\/\/hellerbass.de\/pt-pt\/wp-json\/wp\/v2\/pages"}],"about":[{"href":"https:\/\/hellerbass.de\/pt-pt\/wp-json\/wp\/v2\/types\/page"}],"author":[{"embeddable":true,"href":"https:\/\/hellerbass.de\/pt-pt\/wp-json\/wp\/v2\/users\/1"}],"replies":[{"embeddable":true,"href":"https:\/\/hellerbass.de\/pt-pt\/wp-json\/wp\/v2\/comments?post=1267"}],"version-history":[{"count":0,"href":"https:\/\/hellerbass.de\/pt-pt\/wp-json\/wp\/v2\/pages\/1267\/revisions"}],"wp:attachment":[{"href":"https:\/\/hellerbass.de\/pt-pt\/wp-json\/wp\/v2\/media?parent=1267"}],"curies":[{"name":"wp","href":"https:\/\/api.w.org\/{rel}","templated":true}]}}