{"id":1322,"date":"2022-09-30T12:54:13","date_gmt":"2022-09-30T12:54:13","guid":{"rendered":"https:\/\/hellerbass.de\/pagamento\/"},"modified":"2022-10-01T15:11:55","modified_gmt":"2022-10-01T15:11:55","slug":"pagamento","status":"publish","type":"page","link":"https:\/\/hellerbass.de\/pt-pt\/pagamento\/","title":{"rendered":"Pagamento"},"content":{"rendered":"<div class=\"wpb-content-wrapper\"><p>[vc_row css_animation=&#8221;&#8221; row_type=&#8221;row&#8221; use_row_as_full_screen_section=&#8221;no&#8221; type=&#8221;full_width&#8221; angled_section=&#8221;no&#8221; text_align=&#8221;left&#8221; background_image_as_pattern=&#8221;without_pattern&#8221;][vc_column][vc_separator type=&#8221;transparent&#8221; thickness=&#8221;50&#8243;][\/vc_column][\/vc_row][vc_row css_animation=&#8221;&#8221; row_type=&#8221;row&#8221; use_row_as_full_screen_section=&#8221;no&#8221; type=&#8221;grid&#8221; angled_section=&#8221;no&#8221; text_align=&#8221;left&#8221; background_image_as_pattern=&#8221;without_pattern&#8221;][vc_column][vc_column_text]<\/p>\n<h1>PAGAMENTO<\/h1>\n<p>[\/vc_column_text][\/vc_column][\/vc_row][vc_row css_animation=&#8221;&#8221; row_type=&#8221;row&#8221; use_row_as_full_screen_section=&#8221;no&#8221; type=&#8221;full_width&#8221; angled_section=&#8221;no&#8221; text_align=&#8221;left&#8221; background_image_as_pattern=&#8221;without_pattern&#8221;][vc_column][vc_separator type=&#8221;transparent&#8221; thickness=&#8221;25&#8243;][\/vc_column][\/vc_row][vc_row css_animation=&#8221;&#8221; row_type=&#8221;row&#8221; use_row_as_full_screen_section=&#8221;no&#8221; type=&#8221;grid&#8221; angled_section=&#8221;no&#8221; text_align=&#8221;left&#8221; background_image_as_pattern=&#8221;without_pattern&#8221;][vc_column][vc_column_text]Este formul\u00e1rio permite transfer\u00eancias seguras (c\u00f3digo SSL) dos dados do seu cart\u00e3o de cr\u00e9dito. Para tornar o modo de pagamento mais simples, gravamos os dados do seu pagamento para futuras encomendas.<\/p>\n<p>&nbsp;<\/p>\n<p>N\u00e3o ter\u00e1 ent\u00e3o de lidar com pagamentos no futuro; alguns dias depois da factura, ser\u00e1 debitado no seu cart\u00e3o de cr\u00e9dito.<br \/>\nAo enviar os dados do seu cart\u00e3o de cr\u00e9dito est\u00e1 a aceitar os termos.<\/p>\n<p>&nbsp;<\/p>\n<p>Por favor introduza o n\u00famero do cart\u00e3o, a data de validade (m\u00eas e ano) bem como os 3 pequenos algarismos (CVC) nas traseiras do seu cart\u00e3o (Com o AMEX s\u00e3o 4 algarismos na frente):<\/p>\n<p>&nbsp;<\/p>\n<div class=\"frm_forms  with_frm_style frm_style_formidable-style\" id=\"frm_form_65_container\" >\n<form enctype=\"multipart\/form-data\" method=\"post\" class=\"frm-show-form  frm_pro_form \" id=\"form_4az4z27\" >\n<div class=\"frm_form_fields \">\n<fieldset>\n<legend class=\"frm_hidden\">Zahlung - PT<\/legend>\r\n\r\n<div class=\"frm_fields_container\">\n<input type=\"hidden\" name=\"frm_action\" value=\"create\" \/>\n<input type=\"hidden\" name=\"form_id\" value=\"65\" \/>\n<input type=\"hidden\" name=\"frm_hide_fields_65\" id=\"frm_hide_fields_65\" value=\"\" \/>\n<input type=\"hidden\" name=\"form_key\" value=\"4az4z27\" \/>\n<input type=\"hidden\" name=\"item_meta[0]\" value=\"\" \/>\n<input type=\"hidden\" id=\"frm_submit_entry_65\" name=\"frm_submit_entry_65\" value=\"7c465ba184\" \/><input type=\"hidden\" name=\"_wp_http_referer\" value=\"\/pt-pt\/wp-json\/wp\/v2\/pages\/1322\" \/><div id=\"frm_field_677_container\" class=\"frm_form_field form-field  frm_required_field frm_top_container\">\r\n    <label for=\"field_3qoxw12\" id=\"field_3qoxw12_label\" class=\"frm_primary_label\">Nome\r\n        <span class=\"frm_required\" aria-hidden=\"true\">*<\/span>\r\n    <\/label>\r\n    <input  type=\"text\" id=\"field_3qoxw12\" name=\"item_meta[677]\" value=\"\"  data-reqmsg=\"Este espa\u00e7o deve ser preenchido!\" aria-required=\"true\" data-invmsg=\"Nome is invalid\" aria-invalid=\"false\"   \/>\r\n    \r\n    \r\n<\/div>\n<div id=\"frm_field_678_container\" class=\"frm_form_field form-field  frm_required_field frm_top_container\">\r\n    <label for=\"field_37lxy12\" id=\"field_37lxy12_label\" class=\"frm_primary_label\">Email\r\n        <span class=\"frm_required\" aria-hidden=\"true\">*<\/span>\r\n    <\/label>\r\n    <input type=\"email\" id=\"field_37lxy12\" name=\"item_meta[678]\" value=\"\"  data-reqmsg=\"Este espa\u00e7o deve ser preenchido!\" aria-required=\"true\" data-invmsg=\"Aten\u00e7\u00e3o! Houve um problema com os seus dados.\" aria-invalid=\"false\"  \/>\r\n    \r\n    \r\n<\/div>\n<div id=\"frm_field_679_container\" class=\"frm_form_field form-field  frm_required_field frm_top_container\">\r\n    <label for=\"field_w1mdj12\" class=\"frm_primary_label\">Dados do cart\u00e3o de cr\u00e9dito:\r\n        <span class=\"frm_required\">*<\/span>\r\n    <\/label>\r\n    <fieldset aria-labelledby=\"field_w1mdj12_label\">\n<legend class=\"frm_screen_reader frm_hidden\">\n\tDados do cart\u00e3o de cr\u00e9dito:<\/legend>\n<div class=\"frm_combo_inputs_container\">\n<div id=\"frm_field_679-cc_container\" class=\"frm_form_field form-field frm_full frm_cc_number\">\n\t<label for=\"field_w1mdj12_cc\" class=\"frm_screen_reader frm_hidden\">\n\t\tDados do cart\u00e3o de cr\u00e9dito:\t<\/label>\n\t\t<input type=\"tel\" id=\"field_w1mdj12_cc\" value=\"\" name=\"item_meta[679][cc]\"  placeholder=\"N\u00famero do cart\u00e3o\" data-placeholder=\"N\u00famero do cart\u00e3o\" data-reqmsg=\"Este espa\u00e7o deve ser preenchido!\" aria-required=\"true\" data-invmsg=\"Dados do cart\u00e3o de cr\u00e9dito: is invalid\" aria-invalid=\"false\"   autocomplete=\"cc-number\" autocorrect=\"off\" spellcheck=\"off\" autocapitalize=\"off\" data-name=\"679-cc\" placeholder=\"N\u00famero do cart\u00e3o\" \/>\n\t<\/div>\n<div id=\"frm_field_679-month_container\" class=\"frm_form_field form-field frm_third frm_first frm_cc_exp_month\">\n\t<label for=\"field_w1mdj12_month\" class=\"frm_screen_reader frm_hidden\">\n\t\tDados do cart\u00e3o de cr\u00e9dito:\t<\/label>\n\t\t\t<select name=\"item_meta[679][month]\" id=\"field_w1mdj12_month\"  placeholder=\"M\u00eas\" data-placeholder=\"M\u00eas\" data-reqmsg=\"Este espa\u00e7o deve ser preenchido!\" aria-required=\"true\" data-invmsg=\"Dados do cart\u00e3o de cr\u00e9dito: is invalid\" aria-invalid=\"false\"  >\n\t\t\t<option value=\"\" class=\"frm-select-placeholder\">\n\t\t\t\tM\u00eas\t\t\t<\/option>\n\t\t\t<option  value=\"1\">1<\/option><option  value=\"2\">2<\/option><option  value=\"3\">3<\/option><option  value=\"4\">4<\/option><option  value=\"5\">5<\/option><option  value=\"6\">6<\/option><option  value=\"7\">7<\/option><option  value=\"8\">8<\/option><option  value=\"9\">9<\/option><option  value=\"10\">10<\/option><option  value=\"11\">11<\/option><option  value=\"12\">12<\/option>\t\t<\/select>\n\t<\/div>\n<div id=\"frm_field_679-year_container\" class=\"frm_form_field form-field frm_third frm_cc_exp_year\">\n\t<label for=\"field_w1mdj12_year\" class=\"frm_screen_reader frm_hidden\">\n\t\tDados do cart\u00e3o de cr\u00e9dito:\t<\/label>\n\t\t\t<select name=\"item_meta[679][year]\" id=\"field_w1mdj12_year\"  placeholder=\"Ano\" data-placeholder=\"Ano\" data-reqmsg=\"Este espa\u00e7o deve ser preenchido!\" aria-required=\"true\" data-invmsg=\"Dados do cart\u00e3o de cr\u00e9dito: is invalid\" aria-invalid=\"false\"  >\n\t\t\t<option value=\"\" class=\"frm-select-placeholder\">\n\t\t\t\tAno\t\t\t<\/option>\n\t\t\t<option  value=\"2026\">2026<\/option><option  value=\"2027\">2027<\/option><option  value=\"2028\">2028<\/option><option  value=\"2029\">2029<\/option><option  value=\"2030\">2030<\/option><option  value=\"2031\">2031<\/option><option  value=\"2032\">2032<\/option><option  value=\"2033\">2033<\/option><option  value=\"2034\">2034<\/option><option  value=\"2035\">2035<\/option><option  value=\"2036\">2036<\/option>\t\t<\/select>\n\t<\/div>\n<div id=\"frm_field_679-cvc_container\" class=\"frm_form_field form-field frm_third frm_cc_cvc\">\n\t<label for=\"field_w1mdj12_cvc\" class=\"frm_screen_reader frm_hidden\">\n\t\tDados do cart\u00e3o de cr\u00e9dito:\t<\/label>\n\t\t<input type=\"tel\" id=\"field_w1mdj12_cvc\" value=\"\" name=\"item_meta[679][cvc]\"  placeholder=\"cvc\" data-placeholder=\"cvc\" data-reqmsg=\"Este espa\u00e7o deve ser preenchido!\" aria-required=\"true\" data-invmsg=\"Dados do cart\u00e3o de cr\u00e9dito: is invalid\" aria-invalid=\"false\"   spellcheck=\"off\" autocapitalize=\"off\" maxlength=\"4\" autocorrect=\"off\" autocomplete=\"off\" data-name=\"679-cvc\" placeholder=\"cvc\" \/>\n\t<\/div>\n<\/div>\n<\/fieldset>\n\r\n    \r\n    \r\n<\/div>\n<div id=\"frm_field_680_container\" class=\"frm_form_field form-field  frm_top_container\">\r\n    <label for=\"field_9xsht12\" id=\"field_9xsht12_label\" class=\"frm_primary_label\">Coment\u00e1rios e novamente o c\u00f3digo cvc\r\n        <span class=\"frm_required\" aria-hidden=\"true\"><\/span>\r\n    <\/label>\r\n    <textarea name=\"item_meta[680]\" id=\"field_9xsht12\" rows=\"3\"  data-invmsg=\"Coment\u00e1rios e novamente o c\u00f3digo cvc ist ung\u00fcltig\" aria-invalid=\"false\"  ><\/textarea>\r\n    \r\n    \r\n<\/div>\n<div id=\"frm_field_1105_container\" class=\"frm_form_field form-field \">\r\n\t<div class=\"frm_submit\">\r\n\r\n<input type=\"submit\" value=\"Senden\"  class=\"frm_final_submit\" formnovalidate=\"formnovalidate\" \/>\r\n<img decoding=\"async\" class=\"frm_ajax_loading\" src=\"https:\/\/hellerbass.de\/wp-content\/plugins\/formidable\/images\/ajax_loader.gif\" alt=\"Wird gesendet\"\/>\r\n\r\n<\/div>\r\n<\/div>\n\t<input type=\"hidden\" name=\"item_key\" value=\"\" \/>\n\t\t\t<div id=\"frm_field_1109_container\">\n\t\t\t<label for=\"field_3u0dy\" >\n\t\t\t\tIf you are human, leave this field blank.\t\t\t<\/label>\n\t\t\t<input  id=\"field_3u0dy\" type=\"text\" class=\"frm_form_field form-field frm_verify\" name=\"item_meta[1109]\" value=\"\"  \/>\n\t\t<\/div>\n\t\t<input name=\"frm_state\" type=\"hidden\" value=\"qGZXQLK9wYPAK3CLh6oZkhCQ06exp1skbo56HNWHlnGjRL3JS95FzDs7mBJKrxGS\" \/><script language=\"Javascript\">\r\n    document.onkeydown = function() {\r\n        if (event.keyCode == 13) {\r\n            if (document.activeElement.tagName.toLowerCase () != \"textarea\") {\r\n                      event.preventDefault();\r\n                      return false;\r\n                }\r\n        }\r\n    }\r\n<\/script><\/div>\n<\/fieldset>\n<\/div>\n\n<\/form>\n<\/div>\n[\/vc_column_text][\/vc_column][\/vc_row][vc_row css_animation=&#8221;&#8221; row_type=&#8221;row&#8221; use_row_as_full_screen_section=&#8221;no&#8221; type=&#8221;full_width&#8221; angled_section=&#8221;no&#8221; text_align=&#8221;left&#8221; background_image_as_pattern=&#8221;without_pattern&#8221;][vc_column][vc_separator type=&#8221;transparent&#8221; thickness=&#8221;100px&#8221;][\/vc_column][\/vc_row]<\/p>\n<\/div>","protected":false},"excerpt":{"rendered":"<p>[vc_row css_animation=&#8221;&#8221; row_type=&#8221;row&#8221; use_row_as_full_screen_section=&#8221;no&#8221; type=&#8221;full_width&#8221; angled_section=&#8221;no&#8221; text_align=&#8221;left&#8221; background_image_as_pattern=&#8221;without_pattern&#8221;][vc_column][vc_separator type=&#8221;transparent&#8221; thickness=&#8221;50&#8243;][\/vc_column][\/vc_row][vc_row css_animation=&#8221;&#8221; row_type=&#8221;row&#8221; use_row_as_full_screen_section=&#8221;no&#8221; type=&#8221;grid&#8221; angled_section=&#8221;no&#8221; text_align=&#8221;left&#8221; background_image_as_pattern=&#8221;without_pattern&#8221;][vc_column][vc_column_text] PAGAMENTO [\/vc_column_text][\/vc_column][\/vc_row][vc_row css_animation=&#8221;&#8221; row_type=&#8221;row&#8221; use_row_as_full_screen_section=&#8221;no&#8221; type=&#8221;full_width&#8221; angled_section=&#8221;no&#8221; text_align=&#8221;left&#8221; background_image_as_pattern=&#8221;without_pattern&#8221;][vc_column][vc_separator type=&#8221;transparent&#8221; thickness=&#8221;25&#8243;][\/vc_column][\/vc_row][vc_row css_animation=&#8221;&#8221; row_type=&#8221;row&#8221; use_row_as_full_screen_section=&#8221;no&#8221; type=&#8221;grid&#8221; angled_section=&#8221;no&#8221; text_align=&#8221;left&#8221; background_image_as_pattern=&#8221;without_pattern&#8221;][vc_column][vc_column_text]Este formul\u00e1rio permite transfer\u00eancias seguras (c\u00f3digo SSL) dos dados do seu&#8230;<\/p>\n","protected":false},"author":1,"featured_media":0,"parent":0,"menu_order":0,"comment_status":"closed","ping_status":"closed","template":"full_width.php","meta":{"footnotes":""},"class_list":["post-1322","page","type-page","status-publish","hentry"],"_links":{"self":[{"href":"https:\/\/hellerbass.de\/pt-pt\/wp-json\/wp\/v2\/pages\/1322","targetHints":{"allow":["GET"]}}],"collection":[{"href":"https:\/\/hellerbass.de\/pt-pt\/wp-json\/wp\/v2\/pages"}],"about":[{"href":"https:\/\/hellerbass.de\/pt-pt\/wp-json\/wp\/v2\/types\/page"}],"author":[{"embeddable":true,"href":"https:\/\/hellerbass.de\/pt-pt\/wp-json\/wp\/v2\/users\/1"}],"replies":[{"embeddable":true,"href":"https:\/\/hellerbass.de\/pt-pt\/wp-json\/wp\/v2\/comments?post=1322"}],"version-history":[{"count":0,"href":"https:\/\/hellerbass.de\/pt-pt\/wp-json\/wp\/v2\/pages\/1322\/revisions"}],"wp:attachment":[{"href":"https:\/\/hellerbass.de\/pt-pt\/wp-json\/wp\/v2\/media?parent=1322"}],"curies":[{"name":"wp","href":"https:\/\/api.w.org\/{rel}","templated":true}]}}