{"id":1236,"date":"2022-09-30T11:47:07","date_gmt":"2022-09-30T11:47:07","guid":{"rendered":"https:\/\/hellerbass.de\/downloads\/"},"modified":"2025-05-27T10:53:34","modified_gmt":"2025-05-27T10:53:34","slug":"downloads","status":"publish","type":"page","link":"https:\/\/hellerbass.de\/sv\/downloads\/","title":{"rendered":"Downloads"},"content":{"rendered":"<div class=\"wpb-content-wrapper\">\n<p>[vc_row row_type=&#8221;row&#8221; use_row_as_full_screen_section=&#8221;no&#8221; type=&#8221;full_width&#8221; angled_section=&#8221;no&#8221; text_align=&#8221;left&#8221; background_image_as_pattern=&#8221;without_pattern&#8221; css_animation=&#8221;&#8221;][vc_column][vc_separator type=&#8221;transparent&#8221; thickness=&#8221;50&#8243;][\/vc_column][\/vc_row]<\/p>\n\n\n<p>[vc_row row_type=&#8221;row&#8221; use_row_as_full_screen_section=&#8221;no&#8221; type=&#8221;grid&#8221; angled_section=&#8221;no&#8221; text_align=&#8221;left&#8221; background_image_as_pattern=&#8221;without_pattern&#8221; css_animation=&#8221;&#8221;][vc_column][vc_column_text]<\/p>\n<h1>DOWNLOADS<\/h1>\n<p>[\/vc_column_text][\/vc_column][\/vc_row]<\/p>\n\n\n\n<p>[vc_row row_type=&#8221;row&#8221; use_row_as_full_screen_section=&#8221;no&#8221; type=&#8221;full_width&#8221; angled_section=&#8221;no&#8221; text_align=&#8221;left&#8221; background_image_as_pattern=&#8221;without_pattern&#8221; css_animation=&#8221;&#8221;][vc_column][vc_separator type=&#8221;transparent&#8221; thickness=&#8221;25&#8243;][\/vc_column][\/vc_row]<\/p>\n\n\n<p>[vc_row row_type=&#8221;row&#8221; use_row_as_full_screen_section=&#8221;no&#8221; type=&#8221;grid&#8221; angled_section=&#8221;no&#8221; text_align=&#8221;left&#8221; background_image_as_pattern=&#8221;without_pattern&#8221; css_animation=&#8221;&#8221;][vc_column][vc_column_text]<\/p>\n<h3><\/h3>\n<p>Komplett bas:<\/p>\n<p><a href=\"\/downloads\/Bassbestellformular.pdf\" target=\"_blank\" rel=\"noopener\"><img decoding=\"async\" src=\"\/bilder\/PDF.png\" alt=\"Home\" width=\"50\" height=\"50\" border=\"0\" \/><\/a><a href=\"\/downloads\/Bestellformular.doc\" target=\"_blank\" rel=\"noopener\"><img decoding=\"async\" src=\"\/bilder\/DOC.png\" alt=\"Home\" width=\"50\" height=\"50\" border=\"0\" \/><\/a><\/p>\n<p>&nbsp;<\/p>\n<p>Design f\u00f6r k\u00e4nda m\u00e4rken:<\/p>\n<p><a href=\"\/downloads\/muster_bekannt_deutsch.pdf\" target=\"_blank\" rel=\"noopener\"><img decoding=\"async\" src=\"\/bilder\/PDF.png\" alt=\"Home\" width=\"50\" height=\"50\" border=\"0\" \/><\/a><\/p>\n<p>&nbsp;<\/p>\n<p>Design f\u00f6r ok\u00e4nda m\u00e4rken:<\/p>\n<p><a href=\"\/downloads\/muster_unbekannt_deutsch.pdf\" target=\"_blank\" rel=\"noopener\"><img decoding=\"async\" src=\"\/bilder\/PDF.png\" alt=\"Home\" width=\"50\" height=\"50\" border=\"0\" \/><\/a><\/p>\n<p>&nbsp;<\/p>\n<p>Individuella str\u00e4ngar:<\/p>\n<p><a href=\"\/downloads\/Einzelsaitenbestellformular_pdf.pdf\" target=\"_blank\" rel=\"noopener\"><img decoding=\"async\" src=\"\/bilder\/PDF.png\" alt=\"Home\" width=\"50\" height=\"50\" border=\"0\" \/><\/a><a href=\"\/downloads\/Einzelsaitenbestellformular.doc\" target=\"_blank\" rel=\"noopener\"><img decoding=\"async\" src=\"\/bilder\/DOC.png\" alt=\"Home\" width=\"50\" height=\"50\" border=\"0\" \/><\/a><\/p>\n<p>&nbsp;<\/p>\n<p>St\u00e4mnaglar:<\/p>\n<p><a href=\"\/downloads\/Stimmwirbel_deutsch.pdf\" target=\"_blank\" rel=\"noopener\"><img decoding=\"async\" src=\"\/bilder\/PDF.png\" alt=\"Home\" width=\"50\" height=\"50\" border=\"0\" \/><\/a><\/p>\n<p>&nbsp;[\/vc_column_text][\/vc_column][\/vc_row]<\/p>\n\n\n\n<p>[vc_row row_type=&#8221;row&#8221; use_row_as_full_screen_section=&#8221;no&#8221; type=&#8221;full_width&#8221; angled_section=&#8221;no&#8221; text_align=&#8221;left&#8221; background_image_as_pattern=&#8221;without_pattern&#8221; css_animation=&#8221;&#8221;][vc_column][vc_separator type=&#8221;transparent&#8221; thickness=&#8221;75&#8243;][\/vc_column][\/vc_row][vc_row row_type=&#8221;row&#8221; use_row_as_full_screen_section=&#8221;no&#8221; type=&#8221;full_width&#8221; anchor=&#8221;anchor_1&#8243; angled_section=&#8221;no&#8221; text_align=&#8221;left&#8221; background_image_as_pattern=&#8221;without_pattern&#8221; css_animation=&#8221;&#8221;][vc_column][\/vc_column][\/vc_row]<\/p>\n\n\n\n<p><\/p>\n<\/div>","protected":false},"excerpt":{"rendered":"<p>[vc_row row_type=&#8221;row&#8221; use_row_as_full_screen_section=&#8221;no&#8221; type=&#8221;full_width&#8221; angled_section=&#8221;no&#8221; text_align=&#8221;left&#8221; background_image_as_pattern=&#8221;without_pattern&#8221; css_animation=&#8221;&#8221;][vc_column][vc_separator type=&#8221;transparent&#8221; thickness=&#8221;50&#8243;][\/vc_column][\/vc_row] [vc_row row_type=&#8221;row&#8221; use_row_as_full_screen_section=&#8221;no&#8221; type=&#8221;full_width&#8221; angled_section=&#8221;no&#8221; text_align=&#8221;left&#8221; background_image_as_pattern=&#8221;without_pattern&#8221; css_animation=&#8221;&#8221;][vc_column][vc_separator type=&#8221;transparent&#8221; thickness=&#8221;25&#8243;][\/vc_column][\/vc_row] [vc_row row_type=&#8221;row&#8221; use_row_as_full_screen_section=&#8221;no&#8221; type=&#8221;full_width&#8221; angled_section=&#8221;no&#8221; text_align=&#8221;left&#8221; background_image_as_pattern=&#8221;without_pattern&#8221; css_animation=&#8221;&#8221;][vc_column][vc_separator type=&#8221;transparent&#8221; thickness=&#8221;75&#8243;][\/vc_column][\/vc_row][vc_row row_type=&#8221;row&#8221; use_row_as_full_screen_section=&#8221;no&#8221; type=&#8221;full_width&#8221; anchor=&#8221;anchor_1&#8243; angled_section=&#8221;no&#8221; text_align=&#8221;left&#8221; background_image_as_pattern=&#8221;without_pattern&#8221; css_animation=&#8221;&#8221;][vc_column][\/vc_column][\/vc_row]<\/p>\n","protected":false},"author":1,"featured_media":0,"parent":0,"menu_order":0,"comment_status":"closed","ping_status":"closed","template":"full_width.php","meta":{"footnotes":""},"class_list":["post-1236","page","type-page","status-publish","hentry"],"_links":{"self":[{"href":"https:\/\/hellerbass.de\/sv\/wp-json\/wp\/v2\/pages\/1236","targetHints":{"allow":["GET"]}}],"collection":[{"href":"https:\/\/hellerbass.de\/sv\/wp-json\/wp\/v2\/pages"}],"about":[{"href":"https:\/\/hellerbass.de\/sv\/wp-json\/wp\/v2\/types\/page"}],"author":[{"embeddable":true,"href":"https:\/\/hellerbass.de\/sv\/wp-json\/wp\/v2\/users\/1"}],"replies":[{"embeddable":true,"href":"https:\/\/hellerbass.de\/sv\/wp-json\/wp\/v2\/comments?post=1236"}],"version-history":[{"count":1,"href":"https:\/\/hellerbass.de\/sv\/wp-json\/wp\/v2\/pages\/1236\/revisions"}],"predecessor-version":[{"id":1927,"href":"https:\/\/hellerbass.de\/sv\/wp-json\/wp\/v2\/pages\/1236\/revisions\/1927"}],"wp:attachment":[{"href":"https:\/\/hellerbass.de\/sv\/wp-json\/wp\/v2\/media?parent=1236"}],"curies":[{"name":"wp","href":"https:\/\/api.w.org\/{rel}","templated":true}]}}