{"id":1247,"date":"2022-09-30T12:09:51","date_gmt":"2022-09-30T12:09:51","guid":{"rendered":"https:\/\/hellerbass.de\/individuella-straengar\/"},"modified":"2022-10-01T14:38:04","modified_gmt":"2022-10-01T14:38:04","slug":"individuella-straengar","status":"publish","type":"page","link":"https:\/\/hellerbass.de\/sv\/individuella-straengar\/","title":{"rendered":"Individuella Str\u00e4ngar"},"content":{"rendered":"<div class=\"wpb-content-wrapper\"><p>[vc_row css_animation=&#8221;&#8221; row_type=&#8221;row&#8221; use_row_as_full_screen_section=&#8221;no&#8221; type=&#8221;full_width&#8221; angled_section=&#8221;no&#8221; text_align=&#8221;left&#8221; background_image_as_pattern=&#8221;without_pattern&#8221;][vc_column][vc_separator type=&#8221;transparent&#8221; thickness=&#8221;50&#8243;][\/vc_column][\/vc_row][vc_row css_animation=&#8221;&#8221; row_type=&#8221;row&#8221; use_row_as_full_screen_section=&#8221;no&#8221; type=&#8221;grid&#8221; angled_section=&#8221;no&#8221; text_align=&#8221;left&#8221; background_image_as_pattern=&#8221;without_pattern&#8221;][vc_column][vc_column_text]<\/p>\n<h1>INDIVIDUELLA STR\u00c4NGAR<\/h1>\n<p>[\/vc_column_text][\/vc_column][\/vc_row][vc_row css_animation=&#8221;&#8221; row_type=&#8221;row&#8221; use_row_as_full_screen_section=&#8221;no&#8221; type=&#8221;full_width&#8221; angled_section=&#8221;no&#8221; text_align=&#8221;left&#8221; background_image_as_pattern=&#8221;without_pattern&#8221;][vc_column][vc_separator type=&#8221;transparent&#8221; thickness=&#8221;25&#8243;][\/vc_column][\/vc_row][vc_row css_animation=&#8221;&#8221; row_type=&#8221;row&#8221; use_row_as_full_screen_section=&#8221;no&#8221; type=&#8221;grid&#8221; angled_section=&#8221;no&#8221; text_align=&#8221;left&#8221; background_image_as_pattern=&#8221;without_pattern&#8221;][vc_column][vc_column_text]Best\u00e4ll individuella str\u00e4ngar online genom att ange den information som kr\u00e4vs i f\u00e4lten och klicka p\u00e5 &#8221;Skicka best\u00e4llning&#8221;.<\/p>\n<p>V\u00e4nligen klicka p\u00e5 <a href=\"https:\/\/www.hellerbass.eu\/sv\/downloads\">Downloads<\/a> om ni \u00f6nskar skriva ut best\u00e4llningsformul\u00e4ret f\u00f6r individuella str\u00e4ngnar.<\/p>\n<p>Vilka m\u00e5tt som kr\u00e4vs hittar ni under <a href=\"https:\/\/www.hellerbass.eu\/sv\/instruktioner\">Instruktioner<\/a>.[\/vc_column_text][\/vc_column][\/vc_row][vc_row css_animation=&#8221;&#8221; row_type=&#8221;row&#8221; use_row_as_full_screen_section=&#8221;no&#8221; type=&#8221;full_width&#8221; angled_section=&#8221;no&#8221; text_align=&#8221;left&#8221; background_image_as_pattern=&#8221;without_pattern&#8221;][vc_column][vc_separator type=&#8221;transparent&#8221; thickness=&#8221;20px&#8221;][\/vc_column][\/vc_row][vc_row css_animation=&#8221;&#8221; row_type=&#8221;row&#8221; use_row_as_full_screen_section=&#8221;no&#8221; type=&#8221;grid&#8221; angled_section=&#8221;no&#8221; text_align=&#8221;left&#8221; background_image_as_pattern=&#8221;without_pattern&#8221; css=&#8221;.vc_custom_1468931948351{border-radius: 5px !important;}&#8221;][vc_column][vc_column_text]<div class=\"frm_forms  with_frm_style frm_style_formidable-style\" id=\"frm_form_74_container\" >\n<form enctype=\"multipart\/form-data\" method=\"post\" class=\"frm-show-form  frm_pro_form \" id=\"form_lbd6q925\" >\n<div class=\"frm_form_fields \">\n<fieldset>\n\r\n<div class=\"frm_fields_container\">\n<input type=\"hidden\" name=\"frm_action\" value=\"create\" \/>\n<input type=\"hidden\" name=\"form_id\" value=\"74\" \/>\n<input type=\"hidden\" name=\"frm_hide_fields_74\" id=\"frm_hide_fields_74\" value=\"\" \/>\n<input type=\"hidden\" name=\"form_key\" value=\"lbd6q925\" \/>\n<input type=\"hidden\" name=\"item_meta[0]\" value=\"\" \/>\n<input type=\"hidden\" id=\"frm_submit_entry_74\" name=\"frm_submit_entry_74\" value=\"7c465ba184\" \/><input type=\"hidden\" name=\"_wp_http_referer\" value=\"\/sv\/wp-json\/wp\/v2\/pages\/1247\" \/><div id=\"frm_field_977_container\" class=\"frm_form_field form-field  frm_required_field frm_top_container\">\r\n    <label for=\"field_hw8ogq6\" class=\"frm_primary_label\">Namn\r\n        <span class=\"frm_required\">*<\/span>\r\n    <\/label>\r\n    <input  type=\"text\" id=\"field_hw8ogq6\" name=\"item_meta[977]\" value=\"\"  style=\"width:500px\" data-reqmsg=\"Detta f\u00e4lt f\u00e5r inte vara tomt\" aria-required=\"true\" data-invmsg=\"Namn ist ung\u00fcltig\" class=\"auto_width\" aria-invalid=\"false\"   \/>\r\n    \r\n    \r\n<\/div>\n<div id=\"frm_field_978_container\" class=\"frm_form_field form-field  frm_top_container\">\r\n    <label for=\"field_avu3g6\" class=\"frm_primary_label\">Adress\r\n        <span class=\"frm_required\"><\/span>\r\n    <\/label>\r\n    <textarea name=\"item_meta[978]\" id=\"field_avu3g6\" rows=\"5\"  style=\"width:500px\" cols=\"55\" data-invmsg=\"Adress ist ung\u00fcltig\" class=\"auto_width\" aria-invalid=\"false\"  ><\/textarea>\r\n    \r\n    \r\n<\/div>\n<div id=\"frm_field_979_container\" class=\"frm_form_field form-field  frm_required_field frm_top_container\">\r\n    <label for=\"field_rgh836\" class=\"frm_primary_label\">E-post\r\n        <span class=\"frm_required\">*<\/span>\r\n    <\/label>\r\n    <input type=\"email\" id=\"field_rgh836\" name=\"item_meta[979]\" value=\"\"  style=\"width:500px\" data-reqmsg=\"Detta f\u00e4lt f\u00e5r inte vara tomt\" aria-required=\"true\" data-invmsg=\"Det fanns ett problem med din angivna information.\" class=\"auto_width\" aria-invalid=\"false\"  \/>\r\n    \r\n    \r\n<\/div>\n<div id=\"frm_field_980_container\" class=\"frm_form_field  frm_html_container form-field\">\u00a0<\/div>\n<div id=\"frm_field_981_container\" class=\"frm_form_field frm_section_heading form-field \">\r\n<h3 class=\"frm_pos_top frm_section_spacing\">Order information:<\/h3>\r\n\r\n<input type=\"hidden\" name=\"item_meta[981][form]\" value=\"22\" class=\"frm_dnc\" \/>\n\t\t\t<div id=\"frm_section_981-0\" class=\"frm_repeat_sec frm_repeat_981 frm_first_repeat frm_grid_container\">\n<input type=\"hidden\" name=\"item_meta[981][row_ids][]\" value=\"0\" \/><input type=\"hidden\" name=\"item_meta[981][0][0]\" value=\"\" \/><div id=\"frm_field_154-981-0_container\" class=\"frm_form_field form-field  frm_top_container frm_first frm_fifth frm_field_154_container\">\r\n    <label for=\"field_ln9dn6-0\" class=\"frm_primary_label\">\u00d6gla-Cu b\u00f6rjan\r\n        <span class=\"frm_required\"><\/span>\r\n    <\/label>\r\n    <input  type=\"text\" id=\"field_ln9dn6-0\" name=\"item_meta[981][0][154]\" value=\"\"  data-sectionid=\"981\"  style=\"width:150px\" maxlength=\"8\" data-invmsg=\"\u00d6gla-Cu b\u00f6rjan ist ung\u00fcltig\" class=\"auto_width\" aria-invalid=\"false\"   \/>\r\n    \r\n    \r\n<\/div>\n<div id=\"frm_field_155-981-0_container\" class=\"frm_form_field form-field  frm_top_container frm_fifth frm_field_155_container\">\r\n    <label for=\"field_6svls6-0\" class=\"frm_primary_label\">Cu l\u00e4ngd\r\n        <span class=\"frm_required\"><\/span>\r\n    <\/label>\r\n    <input  type=\"text\" id=\"field_6svls6-0\" name=\"item_meta[981][0][155]\" value=\"\"  data-sectionid=\"981\"  style=\"width:150px\" maxlength=\"8\" data-invmsg=\"Cu l\u00e4ngd ist ung\u00fcltig\" class=\"auto_width\" aria-invalid=\"false\"   \/>\r\n    \r\n    \r\n<\/div>\n<div id=\"frm_field_156-981-0_container\" class=\"frm_form_field form-field  frm_top_container frm_fifth frm_field_156_container\">\r\n    <label for=\"field_vcim06-0\" class=\"frm_primary_label\">\u00d6gla-Cu \u00e4nde\r\n        <span class=\"frm_required\"><\/span>\r\n    <\/label>\r\n    <input  type=\"text\" id=\"field_vcim06-0\" name=\"item_meta[981][0][156]\" value=\"\"  data-sectionid=\"981\"  style=\"width:150px\" maxlength=\"8\" data-invmsg=\"\u00d6gla-Cu \u00e4nde ist ung\u00fcltig\" class=\"auto_width\" aria-invalid=\"false\"   \/>\r\n    \r\n    \r\n<\/div>\n<div id=\"frm_field_157-981-0_container\" class=\"frm_form_field form-field  frm_top_container frm_fifth frm_field_157_container\">\r\n    <label for=\"field_slwrd6-0\" class=\"frm_primary_label\">St\u00e5l  \u00d8\r\n        <span class=\"frm_required\"><\/span>\r\n    <\/label>\r\n    <input  type=\"text\" id=\"field_slwrd6-0\" name=\"item_meta[981][0][157]\" value=\"\"  data-sectionid=\"981\"  style=\"width:150px\" maxlength=\"6\" data-invmsg=\"St\u00e5l  \u00d8 ist ung\u00fcltig\" class=\"auto_width\" aria-invalid=\"false\"   \/>\r\n    \r\n    \r\n<\/div>\n<div id=\"frm_field_158-981-0_container\" class=\"frm_form_field form-field  frm_top_container frm_fifth frm_field_158_container\">\r\n    <label for=\"field_mtb8d6-0\" class=\"frm_primary_label\">Total \u00d8\r\n        <span class=\"frm_required\"><\/span>\r\n    <\/label>\r\n    <input  type=\"text\" id=\"field_mtb8d6-0\" name=\"item_meta[981][0][158]\" value=\"\"  data-sectionid=\"981\"  style=\"width:150px\" maxlength=\"6\" data-invmsg=\"Total \u00d8 ist ung\u00fcltig\" class=\"auto_width\" aria-invalid=\"false\"   \/>\r\n    \r\n    \r\n<\/div>\n<div id=\"frm_field_159-981-0_container\" class=\"frm_form_field form-field  frm_top_container frm_first frm_fifth vertical_radio frm_field_159_container\">\r\n    <label  class=\"frm_primary_label\">M\u00e4tningsmetod?\r\n        <span class=\"frm_required\"><\/span>\r\n    <\/label>\r\n    <div class=\"frm_opt_container\">\t\t<div class=\"frm_radio\" id=\"frm_radio_159-981-0\">\t\t\t<label  for=\"field_x9hno6-0-0\">\n\t\t\t\t\t<input type=\"radio\" name=\"item_meta[981][0][159]\" id=\"field_x9hno6-0-0\" value=\"inte sp\u00e4nd (fr\u00e5n \u00f6glans bak\u00e4nda)\"\n\t\t   data-sectionid=\"981\"  data-invmsg=\"M\u00e4tningsmetod? \u00e4r ogiltigt\" aria-invalid=\"false\"  \/> inte sp\u00e4nd (fr\u00e5n \u00f6glans bak\u00e4nda)<\/label><\/div>\n\t\t<div class=\"frm_radio\" id=\"frm_radio_159-981-1\">\t\t\t<label  for=\"field_x9hno6-0-1\">\n\t\t\t\t\t<input type=\"radio\" name=\"item_meta[981][0][159]\" id=\"field_x9hno6-0-1\" value=\"inte sp\u00e4nd (med m\u00e5ttband)\"\n\t\t   data-sectionid=\"981\"  data-invmsg=\"M\u00e4tningsmetod? \u00e4r ogiltigt\" aria-invalid=\"false\"  \/> inte sp\u00e4nd (med m\u00e5ttband)<\/label><\/div>\n\t\t<div class=\"frm_radio\" id=\"frm_radio_159-981-2\">\t\t\t<label  for=\"field_x9hno6-0-2\">\n\t\t\t\t\t<input type=\"radio\" name=\"item_meta[981][0][159]\" id=\"field_x9hno6-0-2\" value=\"i Piano (med m\u00e5ttband \/ utan Anh\u00e4ngstift \u00d8)\"\n\t\t   data-sectionid=\"981\"  data-invmsg=\"M\u00e4tningsmetod? \u00e4r ogiltigt\" aria-invalid=\"false\"  \/> i Piano (med m\u00e5ttband \/ utan Anh\u00e4ngstift \u00d8)<\/label><\/div>\n<\/div>\r\n    \r\n    \r\n<\/div>\n<div id=\"frm_field_160-981-0_container\" class=\"frm_form_field form-field  frm_top_container frm_fifth vertical_radio frm_field_160_container frm_other_container\">\r\n    <label  class=\"frm_primary_label\">Vilken \u00f6gla?\r\n        <span class=\"frm_required\"><\/span>\r\n    <\/label>\r\n    <div class=\"frm_opt_container\">\t\t<div class=\"frm_radio\" id=\"frm_radio_160-981-other_3\">\t\t\t<label  for=\"field_rjox76-0-other_3\">\n\t\t\t\t\t<input type=\"radio\" name=\"item_meta[981][0][160]\" id=\"field_rjox76-0-other_3\" value=\"Fransk \u00f6gla (55mm standard) \/ annan l\u00e4ngd?\"\n\t\t   data-sectionid=\"981\"  data-invmsg=\"Vilken \u00f6gla? \u00e4r ogiltigt\" aria-invalid=\"false\"  \/> Fransk \u00f6gla (55mm standard) \/ annan l\u00e4ngd?<\/label><label for=\"field_rjox76-0-other_3-otext\" class=\"frm_screen_reader frm_hidden\">Fransk \u00f6gla (55mm standard) \/ annan l\u00e4ngd?<\/label><input type=\"text\" id=\"field_rjox76-0-other_3-otext\" class=\"frm_other_input frm_pos_none\"  name=\"item_meta[981][0][other][160]\" value=\"\" \/><\/div>\n\t\t<div class=\"frm_radio\" id=\"frm_radio_160-981-4\">\t\t\t<label  for=\"field_rjox76-0-4\">\n\t\t\t\t\t<input type=\"radio\" name=\"item_meta[981][0][160]\" id=\"field_rjox76-0-4\" value=\"Rund \u00f6gla\"\n\t\t   data-sectionid=\"981\"  data-invmsg=\"Vilken \u00f6gla? \u00e4r ogiltigt\" aria-invalid=\"false\"  \/> Rund \u00f6gla<\/label><\/div>\n\t\t<div class=\"frm_radio\" id=\"frm_radio_160-981-5\">\t\t\t<label  for=\"field_rjox76-0-5\">\n\t\t\t\t\t<input type=\"radio\" name=\"item_meta[981][0][160]\" id=\"field_rjox76-0-5\" value=\"Dubbel rund \u00f6gla\"\n\t\t   data-sectionid=\"981\"  data-invmsg=\"Vilken \u00f6gla? \u00e4r ogiltigt\" aria-invalid=\"false\"  \/> Dubbel rund \u00f6gla<\/label><\/div>\n<\/div>\r\n    \r\n    \r\n<\/div>\n<div id=\"frm_field_161-981-0_container\" class=\"frm_form_field form-field  frm_top_container frm_fifth vertical_radio frm_field_161_container\">\r\n    <label  class=\"frm_primary_label\">Vilken tr\u00e5d?\r\n        <span class=\"frm_required\"><\/span>\r\n    <\/label>\r\n    <div class=\"frm_opt_container\">\t\t<div class=\"frm_radio\" id=\"frm_radio_161-981-0\">\t\t\t<label  for=\"field_lvpp16-0-0\">\n\t\t\t\t\t<input type=\"radio\" name=\"item_meta[981][0][161]\" id=\"field_lvpp16-0-0\" value=\"Rund\"\n\t\t   data-sectionid=\"981\"  data-invmsg=\"Vilken tr\u00e5d? \u00e4r ogiltigt\" aria-invalid=\"false\"  \/> Rund<\/label><\/div>\n\t\t<div class=\"frm_radio\" id=\"frm_radio_161-981-1\">\t\t\t<label  for=\"field_lvpp16-0-1\">\n\t\t\t\t\t<input type=\"radio\" name=\"item_meta[981][0][161]\" id=\"field_lvpp16-0-1\" value=\"6-kantig\"\n\t\t   data-sectionid=\"981\"  data-invmsg=\"Vilken tr\u00e5d? \u00e4r ogiltigt\" aria-invalid=\"false\"  \/> 6-kantig<\/label><\/div>\n<\/div>\r\n    \r\n    \r\n<\/div>\n<div id=\"frm_field_162-981-0_container\" class=\"frm_form_field form-field  frm_top_container frm_fifth vertical_radio frm_field_162_container\">\r\n    <label  class=\"frm_primary_label\">Kopparens \u00e4nde?\r\n        <span class=\"frm_required\"><\/span>\r\n    <\/label>\r\n    <div class=\"frm_opt_container\">\t\t<div class=\"frm_checkbox\" id=\"frm_checkbox_162-981-0\">\t\t\t<label  for=\"field_vcb156-0-0\">\n\t\t\t<input type=\"checkbox\" name=\"item_meta[981][0][162][]\" id=\"field_vcb156-0-0\" value=\"b\u00e5da ej fasade\"  data-sectionid=\"981\"  data-invmsg=\"Kopparens \u00e4nde? \u00e4r ogiltigt\" aria-invalid=\"false\"   \/> b\u00e5da ej fasade<\/label><\/div>\n\t\t<div class=\"frm_checkbox\" id=\"frm_checkbox_162-981-1\">\t\t\t<label  for=\"field_vcb156-0-1\">\n\t\t\t<input type=\"checkbox\" name=\"item_meta[981][0][162][]\" id=\"field_vcb156-0-1\" value=\"b\u00e5da fasade\"  data-sectionid=\"981\"  data-invmsg=\"Kopparens \u00e4nde? \u00e4r ogiltigt\" aria-invalid=\"false\"   \/> b\u00e5da fasade<\/label><\/div>\n\t\t<div class=\"frm_checkbox\" id=\"frm_checkbox_162-981-2\">\t\t\t<label  for=\"field_vcb156-0-2\">\n\t\t\t<input type=\"checkbox\" name=\"item_meta[981][0][162][]\" id=\"field_vcb156-0-2\" value=\"fasade mot st\u00e4mnagel\"  data-sectionid=\"981\"  data-invmsg=\"Kopparens \u00e4nde? \u00e4r ogiltigt\" aria-invalid=\"false\"   \/> fasade mot st\u00e4mnagel<\/label><\/div>\n\t\t<div class=\"frm_checkbox\" id=\"frm_checkbox_162-981-3\">\t\t\t<label  for=\"field_vcb156-0-3\">\n\t\t\t<input type=\"checkbox\" name=\"item_meta[981][0][162][]\" id=\"field_vcb156-0-3\" value=\"\u00e5terspunnen mot steget\"  data-sectionid=\"981\"  data-invmsg=\"Kopparens \u00e4nde? \u00e4r ogiltigt\" aria-invalid=\"false\"   \/> \u00e5terspunnen mot steget<\/label><\/div>\n<\/div>\r\n    \r\n    \r\n<\/div>\n<div id=\"frm_field_163-981-0_container\" class=\"frm_form_field form-field  frm_top_container frm_fifth frm_field_163_container\">\r\n    <label for=\"field_qxetl6-0\" class=\"frm_primary_label\">Anm\u00e4rkningar \/ Provision\r\n        <span class=\"frm_required\"><\/span>\r\n    <\/label>\r\n    <textarea name=\"item_meta[981][0][163]\" id=\"field_qxetl6-0\" rows=\"4\"  data-sectionid=\"981\"  style=\"width:150px\" cols=\"16\" data-invmsg=\"Anm\u00e4rkningar \/ Provision ist ung\u00fcltig\" class=\"auto_width\" aria-invalid=\"false\"  ><\/textarea>\r\n    \r\n    \r\n<\/div>\n<div class=\"frm_form_field frm_hidden_container frm_repeat_buttons \"><a href=\"#\" class=\"frm_add_form_row frm_button\" data-parent=\"981\" aria-label=\"Add\"><svg  viewBox=\"0 0 20 20\" width=\"1em\" height=\"1em\" class=\"frmsvg frm-svg-icon\">\n\t<title>plus4<\/title>\n\t<path d=\"M19.4 7.5h-6.9V.6c0-.3-.3-.6-.6-.6H8c-.3 0-.6.3-.6.6v6.9H.6c-.3 0-.6.3-.6.6V12c0 .3.3.6.6.6h6.9v6.9c0 .3.3.6.6.6H12c.3 0 .6-.3.6-.6v-6.9h6.9c.3 0 .6-.3.6-.6V8c0-.3-.3-.6-.6-.6z\"><\/path>\n\n<\/svg> L\u00e4gg till basstr\u00e4ng<\/a>\n<a href=\"#\" class=\"frm_remove_form_row frm_button\" data-key=\"0\" data-parent=\"981\" aria-label=\"Ta bort\"><svg  viewBox=\"0 0 20 20\" width=\"1em\" height=\"1em\" class=\"frmsvg frm-svg-icon\">\n\t<title>minus4<\/title>\n\t<path d=\"M0 8.1V12c0 .3.3.6.6.6h18.8c.3 0 .6-.3.6-.6V8c0-.3-.3-.6-.6-.6H.6c-.3 0-.6.3-.6.6z\"><\/path>\n\n<\/svg> Ta bort<\/a> <\/div><\/div>\n\r\n<\/div>\n<div id=\"frm_field_164_container\" class=\"frm_form_field  frm_html_container form-field\">\n<hr>\n<\/div>\n<div id=\"frm_field_983_container\" class=\"frm_form_field form-field  frm_top_container\">\r\n    <label for=\"field_x5c146\" class=\"frm_primary_label\">Ytterliggare anm\u00e4rkningar:\r\n        <span class=\"frm_required\"><\/span>\r\n    <\/label>\r\n    <textarea name=\"item_meta[983]\" id=\"field_x5c146\" rows=\"4\"  style=\"width:500px\" cols=\"55\" data-invmsg=\"Ytterliggare anm\u00e4rkningar: ist ung\u00fcltig\" class=\"auto_width\" aria-invalid=\"false\"  ><\/textarea>\r\n    \r\n    \r\n<\/div>\n<div id=\"frm_field_1077_container\" class=\"frm_form_field form-field \">\r\n\t<div class=\"frm_submit\">\r\n\r\n<input type=\"submit\" value=\"Skicka best\u00e4llning\"  class=\"frm_final_submit\" formnovalidate=\"formnovalidate\" \/>\r\n<img decoding=\"async\" class=\"frm_ajax_loading\" src=\"https:\/\/hellerbass.de\/wp-content\/plugins\/formidable\/images\/ajax_loader.gif\" alt=\"Sending\" style=\"visibility:hidden;\" \/>\r\n\r\n<\/div>\r\n<\/div>\n\t<input type=\"hidden\" name=\"item_key\" value=\"\" \/>\n\t\t\t<div id=\"frm_field_1109_container\">\n\t\t\t<label for=\"field_96l9t\" >\n\t\t\t\tOm du \u00e4r m\u00e4nsklig, l\u00e4mna det h\u00e4r f\u00e4ltet tomt.\t\t\t<\/label>\n\t\t\t<input  id=\"field_96l9t\" type=\"text\" class=\"frm_form_field form-field frm_verify\" name=\"item_meta[1109]\" value=\"\"  \/>\n\t\t<\/div>\n\t\t<input name=\"frm_state\" type=\"hidden\" value=\"qGZXQLK9wYPAK3CLh6oZkvVmzGwchpxj52vmqI5Ai5GjRL3JS95FzDs7mBJKrxGS\" \/><script language=\"Javascript\">\r\n    document.onkeydown = function() {\r\n        if (event.keyCode == 13) {\r\n            if (document.activeElement.tagName.toLowerCase () != \"textarea\") {\r\n                      event.preventDefault();\r\n                      return false;\r\n                }\r\n        }\r\n    }\r\n<\/script><\/div>\n<\/fieldset>\n<\/div>\n\n<\/form>\n<\/div>\n[\/vc_column_text][\/vc_column][\/vc_row][vc_row css_animation=&#8221;&#8221; row_type=&#8221;row&#8221; use_row_as_full_screen_section=&#8221;no&#8221; type=&#8221;full_width&#8221; angled_section=&#8221;no&#8221; text_align=&#8221;left&#8221; background_image_as_pattern=&#8221;without_pattern&#8221;][vc_column][vc_separator type=&#8221;transparent&#8221; thickness=&#8221;50px&#8221;][\/vc_column][\/vc_row][vc_row css_animation=&#8221;&#8221; row_type=&#8221;row&#8221; use_row_as_full_screen_section=&#8221;no&#8221; type=&#8221;full_width&#8221; angled_section=&#8221;no&#8221; text_align=&#8221;left&#8221; background_image_as_pattern=&#8221;without_pattern&#8221;][vc_column][vc_gallery type=&#8221;image_grid&#8221; images=&#8221;537,570,603,614&#8243; img_size=&#8221;412&#215;412&#8243; column_number=&#8221;4&#8243; grayscale=&#8221;yes&#8221; images_space=&#8221;gallery_without_space&#8221;][\/vc_column][\/vc_row][vc_row css_animation=&#8221;&#8221; row_type=&#8221;row&#8221; use_row_as_full_screen_section=&#8221;no&#8221; type=&#8221;full_width&#8221; angled_section=&#8221;no&#8221; text_align=&#8221;left&#8221; background_image_as_pattern=&#8221;without_pattern&#8221; anchor=&#8221;anchor_1&#8243;][vc_column][\/vc_column][\/vc_row]<\/p>\n<\/div>","protected":false},"excerpt":{"rendered":"<p>[vc_row css_animation=&#8221;&#8221; row_type=&#8221;row&#8221; use_row_as_full_screen_section=&#8221;no&#8221; type=&#8221;full_width&#8221; angled_section=&#8221;no&#8221; text_align=&#8221;left&#8221; background_image_as_pattern=&#8221;without_pattern&#8221;][vc_column][vc_separator type=&#8221;transparent&#8221; thickness=&#8221;50&#8243;][\/vc_column][\/vc_row][vc_row css_animation=&#8221;&#8221; row_type=&#8221;row&#8221; use_row_as_full_screen_section=&#8221;no&#8221; type=&#8221;grid&#8221; angled_section=&#8221;no&#8221; text_align=&#8221;left&#8221; background_image_as_pattern=&#8221;without_pattern&#8221;][vc_column][vc_column_text] INDIVIDUELLA STR\u00c4NGAR [\/vc_column_text][\/vc_column][\/vc_row][vc_row css_animation=&#8221;&#8221; row_type=&#8221;row&#8221; use_row_as_full_screen_section=&#8221;no&#8221; type=&#8221;full_width&#8221; angled_section=&#8221;no&#8221; text_align=&#8221;left&#8221; background_image_as_pattern=&#8221;without_pattern&#8221;][vc_column][vc_separator type=&#8221;transparent&#8221; thickness=&#8221;25&#8243;][\/vc_column][\/vc_row][vc_row css_animation=&#8221;&#8221; row_type=&#8221;row&#8221; use_row_as_full_screen_section=&#8221;no&#8221; type=&#8221;grid&#8221; angled_section=&#8221;no&#8221; text_align=&#8221;left&#8221; background_image_as_pattern=&#8221;without_pattern&#8221;][vc_column][vc_column_text]Best\u00e4ll individuella str\u00e4ngar online genom att ange den information som&#8230;<\/p>\n","protected":false},"author":1,"featured_media":0,"parent":0,"menu_order":0,"comment_status":"closed","ping_status":"closed","template":"full_width.php","meta":{"footnotes":""},"class_list":["post-1247","page","type-page","status-publish","hentry"],"_links":{"self":[{"href":"https:\/\/hellerbass.de\/sv\/wp-json\/wp\/v2\/pages\/1247","targetHints":{"allow":["GET"]}}],"collection":[{"href":"https:\/\/hellerbass.de\/sv\/wp-json\/wp\/v2\/pages"}],"about":[{"href":"https:\/\/hellerbass.de\/sv\/wp-json\/wp\/v2\/types\/page"}],"author":[{"embeddable":true,"href":"https:\/\/hellerbass.de\/sv\/wp-json\/wp\/v2\/users\/1"}],"replies":[{"embeddable":true,"href":"https:\/\/hellerbass.de\/sv\/wp-json\/wp\/v2\/comments?post=1247"}],"version-history":[{"count":0,"href":"https:\/\/hellerbass.de\/sv\/wp-json\/wp\/v2\/pages\/1247\/revisions"}],"wp:attachment":[{"href":"https:\/\/hellerbass.de\/sv\/wp-json\/wp\/v2\/media?parent=1247"}],"curies":[{"name":"wp","href":"https:\/\/api.w.org\/{rel}","templated":true}]}}