{"id":1269,"date":"2022-09-30T12:25:38","date_gmt":"2022-09-30T12:25:38","guid":{"rendered":"https:\/\/hellerbass.de\/heller-klavierbau\/"},"modified":"2022-09-30T12:25:38","modified_gmt":"2022-09-30T12:25:38","slug":"heller-klavierbau","status":"publish","type":"page","link":"https:\/\/hellerbass.de\/sv\/heller-klavierbau\/","title":{"rendered":"Heller Klavierbau"},"content":{"rendered":"<div class=\"wpb-content-wrapper\"><p>[vc_row row_type=&#8221;row&#8221; use_row_as_full_screen_section=&#8221;no&#8221; type=&#8221;full_width&#8221; angled_section=&#8221;no&#8221; text_align=&#8221;left&#8221; background_image_as_pattern=&#8221;without_pattern&#8221; css_animation=&#8221;&#8221;][vc_column][vc_separator type=&#8221;transparent&#8221; thickness=&#8221;50&#8243;][\/vc_column][\/vc_row][vc_row row_type=&#8221;row&#8221; use_row_as_full_screen_section=&#8221;no&#8221; type=&#8221;grid&#8221; angled_section=&#8221;no&#8221; text_align=&#8221;left&#8221; background_image_as_pattern=&#8221;without_pattern&#8221; css_animation=&#8221;&#8221;][vc_column][vc_column_text]<\/p>\n<h1>HELLER\u00a0KLAVIERBAU<\/h1>\n<p>[\/vc_column_text][\/vc_column][\/vc_row][vc_row row_type=&#8221;row&#8221; use_row_as_full_screen_section=&#8221;no&#8221; type=&#8221;full_width&#8221; angled_section=&#8221;no&#8221; text_align=&#8221;left&#8221; background_image_as_pattern=&#8221;without_pattern&#8221; css_animation=&#8221;&#8221;][vc_column][vc_separator type=&#8221;transparent&#8221; thickness=&#8221;25&#8243;][\/vc_column][\/vc_row][vc_row row_type=&#8221;row&#8221; use_row_as_full_screen_section=&#8221;no&#8221; type=&#8221;grid&#8221; angled_section=&#8221;no&#8221; text_align=&#8221;left&#8221; background_image_as_pattern=&#8221;without_pattern&#8221; css_animation=&#8221;&#8221;][vc_column][vc_column_text]Heller Klavierbau grundades 1985 och redan efter en kort tid specialiserade sig f\u00f6retaget p\u00e5 att producera h\u00f6gkvalitativa basstr\u00e4ngar f\u00f6r pianon och flyglar som idag \u00e4r registrerade under varum\u00e4rket Heller Bass \u00ae.<\/p>\n<p><a href=\"https:\/\/www.hellerbass.eu\/wp-content\/uploads\/2013\/02\/Hellerbass-building.jpg\"><img decoding=\"async\" class=\"wp-image-16608 alignright\" src=\"https:\/\/www.hellerbass.eu\/wp-content\/uploads\/2013\/02\/Hellerbass-building-1030x746.jpg\" alt=\"Hellerbass building\" width=\"521\" height=\"377\" \/><\/a><\/p>\n<p>N\u00e4ra den tyska staden Heidelberg tillverkade f\u00f6retaget Bechstein under 70- och 80-talet sina pianon och flyglar. Walter Heller arbetade d\u00e4r, till en b\u00f6rjan som snickare, men utbildade sig senare till pianobyggare och f\u00f6rv\u00e4rvades 1981 m\u00e4startiteln.<\/p>\n<p>N\u00e4r Bechstein flyttade sin produktion till Berlin grundade Walter Heller den 1. januari 1985 sitt eget f\u00f6retag. Inledningsvis l\u00e5g verkst\u00e4derna i k\u00e4llaren i bostadshuset.<\/p>\n<p>&nbsp;<\/p>\n<p>F\u00f6rs\u00e4ljning och reparation av pianon samt produktion av basstr\u00e4ngar \u00f6kade under de f\u00f6rsta \u00e5ren s\u00e5 mycket att mer personal beh\u00f6vde anst\u00e4llas. Sonen Gregor avstod d\u00e4rf\u00f6r att fullf\u00f6lja sina ekonomistudier och p\u00e5b\u00f6rjade en l\u00e4rlingsutbildning som pianobyggare i sin fars f\u00f6retag. 1995 bestod han precis som sin far f\u00f6re honom m\u00e4starexamen.<\/p>\n<p>Redan 1988 byggdes en ny verkstad p\u00e5 en angr\u00e4nsande fastighet.<\/p>\n<p>Trogen f\u00f6retagets filosofi &#8221;Kvalitet r\u00e5der alltid&#8221; \u00f6kade far och son framg\u00e5ngsrikt bolagets f\u00f6rm\u00f6genheter och kunde er\u00f6vra ytterligare marknadsandelar. Kontinuerliga kontroller under produktionsprocessen garanterade konstant och h\u00f6g kvalitet. Inf\u00f6randet i 1986 av ett s\u00e4rskilt m\u00e5ttband med en bifogad \u00f6gla f\u00f6r att m\u00e4ta str\u00e4ngl\u00e4ngder bidrog signifikant till f\u00f6retagets framg\u00e5ng. Besv\u00e4rlig packning och leverans av de gamla orginalstr\u00e4ngarna var d\u00e4rmed inte mer n\u00f6dv\u00e4ndigt. Varje basstr\u00e4ng m\u00e4rks med en tydlig plasthylsa med gul &#8221;Hellerbass&#8221;-skrift f\u00f6r otvivelaktig igenk\u00e4nnande av kvalitetsprodukten.<\/p>\n<p>&nbsp;<\/p>\n<p>\u00c5r 1997 \u00f6verf\u00f6rde Walter Heller vid en \u00e5lder av 60 \u00e5r f\u00f6retagsledningen till sin son Gregor. Sedan dess har Gregor Heller n\u00e4rvarat vid ett flertal m\u00e4ssor i in- och utlandet. Utformningen av f\u00f6retagets hemsida var en viktig utveckling f\u00f6r marknadsf\u00f6ringen av produkter.<\/p>\n<p><a href=\"https:\/\/www.hellerbass.eu\/wp-content\/uploads\/2013\/02\/2-Hellers.jpg\"><img decoding=\"async\" class=\"alignleft wp-image-16606\" src=\"https:\/\/www.hellerbass.eu\/wp-content\/uploads\/2013\/02\/2-Hellers-1030x760.jpg\" alt=\"2 Hellers\" width=\"436\" height=\"322\" \/><\/a><\/p>\n<p>Den senaste tillskottet \u00e4r en Facebook-sida med information om ytterligare str\u00e4ngmaterial och m\u00e4ssor. Numera sker 98% av alla best\u00e4llningar via elektronisk v\u00e4g (fax, e-post eller online).<\/p>\n<p>F\u00f6r n\u00e4rvarande \u00e4r\u00a0 nio personer anst\u00e4llda vid Heller Klavierbau. Med 60% produktionandel levererar Heller Klavierbau basstr\u00e4ngar till reparat\u00f6rverkst\u00e4der samt piano- och flygelindustrin i Tyskland och runt om i v\u00e4rlden.<\/p>\n<p>Begreppet &#8221;familjf\u00f6retag&#8221; v\u00e5rdas traditionellt. Maka, mor, och \u00e4ven fadern \u00e4r anst\u00e4llda i bolaget. &#8221;Lyckligtvis&#8221;, s\u00e4ger Gregor Heller, &#8221;P\u00e5 s\u00e5 vis kan vi leverera hela \u00e5ret utan att beh\u00f6va st\u00e4nga under sommarm\u00e5naderna. Dessutom m\u00f6jjligg\u00f6r det att jag kan delta i nationella och internationella m\u00e4ssor och konferenser f\u00f6r pianotillverkare.&#8221;<\/p>\n<p>Barnbarnet Moritz p\u00e5b\u00f6rjarde 2016 sin utbildning som ett pianobyggare och f\u00f6ljer d\u00e4rmed familjetraditionen.[\/vc_column_text][\/vc_column][\/vc_row][vc_row row_type=&#8221;row&#8221; use_row_as_full_screen_section=&#8221;no&#8221; type=&#8221;full_width&#8221; angled_section=&#8221;no&#8221; text_align=&#8221;left&#8221; background_image_as_pattern=&#8221;without_pattern&#8221; css_animation=&#8221;&#8221;][vc_column][vc_separator type=&#8221;transparent&#8221; thickness=&#8221;75&#8243;][\/vc_column][\/vc_row][vc_row row_type=&#8221;row&#8221; use_row_as_full_screen_section=&#8221;no&#8221; type=&#8221;full_width&#8221; anchor=&#8221;anchor_1&#8243; angled_section=&#8221;no&#8221; text_align=&#8221;left&#8221; background_image_as_pattern=&#8221;without_pattern&#8221; css_animation=&#8221;&#8221;][vc_column][\/vc_column][\/vc_row]<\/p>\n<\/div>","protected":false},"excerpt":{"rendered":"<p>[vc_row row_type=&#8221;row&#8221; use_row_as_full_screen_section=&#8221;no&#8221; type=&#8221;full_width&#8221; angled_section=&#8221;no&#8221; text_align=&#8221;left&#8221; background_image_as_pattern=&#8221;without_pattern&#8221; css_animation=&#8221;&#8221;][vc_column][vc_separator type=&#8221;transparent&#8221; thickness=&#8221;50&#8243;][\/vc_column][\/vc_row][vc_row row_type=&#8221;row&#8221; use_row_as_full_screen_section=&#8221;no&#8221; type=&#8221;grid&#8221; angled_section=&#8221;no&#8221; text_align=&#8221;left&#8221; background_image_as_pattern=&#8221;without_pattern&#8221; css_animation=&#8221;&#8221;][vc_column][vc_column_text] HELLER\u00a0KLAVIERBAU [\/vc_column_text][\/vc_column][\/vc_row][vc_row row_type=&#8221;row&#8221; use_row_as_full_screen_section=&#8221;no&#8221; type=&#8221;full_width&#8221; angled_section=&#8221;no&#8221; text_align=&#8221;left&#8221; background_image_as_pattern=&#8221;without_pattern&#8221; css_animation=&#8221;&#8221;][vc_column][vc_separator type=&#8221;transparent&#8221; thickness=&#8221;25&#8243;][\/vc_column][\/vc_row][vc_row row_type=&#8221;row&#8221; use_row_as_full_screen_section=&#8221;no&#8221; type=&#8221;grid&#8221; angled_section=&#8221;no&#8221; text_align=&#8221;left&#8221; background_image_as_pattern=&#8221;without_pattern&#8221; css_animation=&#8221;&#8221;][vc_column][vc_column_text]Heller Klavierbau grundades 1985 och redan efter en kort tid specialiserade&#8230;<\/p>\n","protected":false},"author":1,"featured_media":0,"parent":0,"menu_order":0,"comment_status":"closed","ping_status":"closed","template":"full_width.php","meta":{"footnotes":""},"class_list":["post-1269","page","type-page","status-publish","hentry"],"_links":{"self":[{"href":"https:\/\/hellerbass.de\/sv\/wp-json\/wp\/v2\/pages\/1269","targetHints":{"allow":["GET"]}}],"collection":[{"href":"https:\/\/hellerbass.de\/sv\/wp-json\/wp\/v2\/pages"}],"about":[{"href":"https:\/\/hellerbass.de\/sv\/wp-json\/wp\/v2\/types\/page"}],"author":[{"embeddable":true,"href":"https:\/\/hellerbass.de\/sv\/wp-json\/wp\/v2\/users\/1"}],"replies":[{"embeddable":true,"href":"https:\/\/hellerbass.de\/sv\/wp-json\/wp\/v2\/comments?post=1269"}],"version-history":[{"count":0,"href":"https:\/\/hellerbass.de\/sv\/wp-json\/wp\/v2\/pages\/1269\/revisions"}],"wp:attachment":[{"href":"https:\/\/hellerbass.de\/sv\/wp-json\/wp\/v2\/media?parent=1269"}],"curies":[{"name":"wp","href":"https:\/\/api.w.org\/{rel}","templated":true}]}}