{"id":1342,"date":"2022-09-30T19:08:14","date_gmt":"2022-09-30T19:08:14","guid":{"rendered":"https:\/\/hellerbass.de\/instruktioner\/"},"modified":"2025-05-30T15:37:44","modified_gmt":"2025-05-30T15:37:44","slug":"instruktioner","status":"publish","type":"page","link":"https:\/\/hellerbass.de\/sv\/instruktioner\/","title":{"rendered":"Instruktioner"},"content":{"rendered":"<div class=\"wpb-content-wrapper\"><p>[vc_row css_animation=&#8221;&#8221; row_type=&#8221;row&#8221; use_row_as_full_screen_section=&#8221;no&#8221; type=&#8221;full_width&#8221; angled_section=&#8221;no&#8221; text_align=&#8221;left&#8221; background_image_as_pattern=&#8221;without_pattern&#8221;][vc_column][vc_separator type=&#8221;transparent&#8221; thickness=&#8221;50&#8243;][\/vc_column][\/vc_row][vc_row css_animation=&#8221;&#8221; row_type=&#8221;row&#8221; use_row_as_full_screen_section=&#8221;no&#8221; type=&#8221;grid&#8221; angled_section=&#8221;no&#8221; text_align=&#8221;left&#8221; background_image_as_pattern=&#8221;without_pattern&#8221;][vc_column][vc_column_text]<\/p>\n<h1>INSTRUKTIONER<\/h1>\n<p>[\/vc_column_text][\/vc_column][\/vc_row][vc_row css_animation=&#8221;&#8221; row_type=&#8221;row&#8221; use_row_as_full_screen_section=&#8221;no&#8221; type=&#8221;full_width&#8221; angled_section=&#8221;no&#8221; text_align=&#8221;left&#8221; background_image_as_pattern=&#8221;without_pattern&#8221;][vc_column][vc_separator type=&#8221;transparent&#8221; thickness=&#8221;25&#8243;][\/vc_column][\/vc_row][vc_row css_animation=&#8221;&#8221; row_type=&#8221;row&#8221; use_row_as_full_screen_section=&#8221;no&#8221; type=&#8221;grid&#8221; angled_section=&#8221;no&#8221; text_align=&#8221;left&#8221; background_image_as_pattern=&#8221;without_pattern&#8221;][vc_column][vc_column_text css=&#8221;&#8221;]F\u00f6r att s\u00e4kerst\u00e4lla att alla basstr\u00e4ngar tillverkas korrekt ber vi er vid best\u00e4llning av en komplett upps\u00e4ttning basstr\u00e4ngar att m\u00e4ta de fasta punkterna (fr\u00e4mre stegstift och Silie\/Agraff) i instrumentet. Vid best\u00e4llning av individuella str\u00e4ngar m\u00e4ter ni d\u00e4r kopparen b\u00f6rjar och slutar (<a href=\"https:\/\/www.hellerbass.de\/sv\/faq\/\">se ocks\u00e5 FAQ<\/a>).<\/p>\n<p>&nbsp;<\/p>\n<p>H\u00e4r f\u00f6ljer instruktioner f\u00f6r best\u00e4llningar av individuella eller komplett upps\u00e4ttning basstr\u00e4ngar:[\/vc_column_text][\/vc_column][\/vc_row][vc_row css_animation=&#8221;&#8221; row_type=&#8221;row&#8221; use_row_as_full_screen_section=&#8221;no&#8221; type=&#8221;full_width&#8221; angled_section=&#8221;no&#8221; text_align=&#8221;left&#8221; background_image_as_pattern=&#8221;without_pattern&#8221;][vc_column][vc_separator type=&#8221;transparent&#8221; thickness=&#8221;20&#8243;][\/vc_column][\/vc_row][vc_row css_animation=&#8221;&#8221; row_type=&#8221;row&#8221; use_row_as_full_screen_section=&#8221;no&#8221; type=&#8221;grid&#8221; angled_section=&#8221;no&#8221; text_align=&#8221;left&#8221; background_image_as_pattern=&#8221;without_pattern&#8221;][vc_column][vc_column_text css=&#8221;&#8221;]<\/p>\n<h3>Komplett Bas:<\/h3>\n<p>&nbsp;<\/p>\n<p>Det finns olika s\u00e4tt att best\u00e4lla en komplett upps\u00e4ttning basstr\u00e4ngar:<\/p>\n<p>&nbsp;<\/p>\n<p><strong>1. Den mest exakta best\u00e4llningsmetoden:<\/strong><\/p>\n<p>&nbsp;<\/p>\n<p>Mer \u00e4n 95% av v\u00e5ra kunder m\u00e4ter de efterfr\u00e5gade A- och B-l\u00e4ngderna i instrumentet med v\u00e5rt speciella m\u00e5ttband (<a class=\"scroll-to-contact\" href=\"#anchor_1\"><u>kan best\u00e4llas kostnadsfritt h\u00e4r<\/u><\/a>), fyller i informationen i <a href=\"https:\/\/www.hellerbass.de\/sv\/downloads\/\">best\u00e4llningsformul\u00e4ret<\/a> och skickar formul\u00e4ret som foto \/ scan via e-post eller faxar den till oss. Det \u00e4r ocks\u00e5 m\u00f6jligt att ange den efterfr\u00e5gade informationen via ett <a href=\"https:\/\/www.hellerbass.de\/sv\/komplett-bas\/\">webbformul\u00e4r<\/a>.<\/p>\n<p><img decoding=\"async\" class=\"aligncenter\" src=\"http:\/\/www.hellerbass.de\/bilder\/Anleitung_3.png\" alt=\"Bild\" \/><\/p>\n<p>&nbsp;<\/p>\n<p>A-m\u00e5tt: l\u00e4ngden mellan Anhangstift och fr\u00e4mre stegstift<br \/>\nB-m\u00e5tt: l\u00e4ngden mellan Anh\u00e4ngstift och Silie \/ Agraff<\/p>\n<p>&nbsp;<\/p>\n<p>F\u00f6r ok\u00e4nda instrument b\u00f6r dessutom den totala diameter f\u00f6r de tjockaste och tunnaste enkoriga, tv\u00e5koriga eller trekoriga str\u00e4ngar anges (<a href=\"https:\/\/www.hellerbass.de\/sv\/downloads\/\">se exempel<\/a>). Om ni \u00f6nskar att egen ber\u00e4knad Mensur ska bli spunnen kan den kompletta st\u00e5l- och koppardiametern anges.<\/p>\n<p>Om A- och B-l\u00e4ngderna m\u00e4ts utan v\u00e5rt m\u00e5ttband, v\u00e4nligen d\u00e5 starta fr\u00e5n framkanten av Anh\u00e4ngsstift (exklusive 4 mm stiftdiameter) s\u00e5 att det passar med v\u00e5rt m\u00e4tsystem.<\/p>\n<p>&nbsp;<\/p>\n<p><strong>2. Den traditionella best\u00e4llningsmetod:<\/strong><\/p>\n<p>&nbsp;<\/p>\n<p>Skicka de gamla basstr\u00e4ngarna \u2013 sorterade i ordningsf\u00f6ljd som de \u00e4r monterade \u2013 med paket till oss. V\u00e4nligen ange namnet p\u00e5 instrumentet samt antalet en-, tv\u00e5-, och eventuellt trekoriga basstr\u00e4ngar. V\u00e4nligen observera: klipp inte av st\u00e5lk\u00e4rnorna direkt efter kopparens \u00e4nde, utan n\u00e5gra centimeter bakom kr\u00f6ken d\u00e4r Silie eller Agraff har l\u00e4mnat st\u00e5lk\u00e4rnan. P\u00e5 s\u00e5 vis \u00e4r det m\u00f6jligt att producera exakt passande nya basstr\u00e4ngar eftersom vi inte \u00e4r tvugna att orientera oss efter koppares \u00e4nde p\u00e5 de gamla basstr\u00e4ngarna.<\/p>\n<p>&nbsp;<\/p>\n<p><strong>3. Den minst exakta best\u00e4llningsmetoden:<\/strong><\/p>\n<p>&nbsp;<\/p>\n<p>Tillverka ett pappersavtryck av basstr\u00e4ngarna i instrumentet och skicka det med posten.<br \/>\nV\u00e4nligen observera: skicka ocks\u00e5 med n\u00e5gra av de gamla basstr\u00e4ngarna (f\u00f6rsta och sista av varje segment) s\u00e5 att felaktigheter vid tillverkning baserat p\u00e5 pappersavtryck kan elimineras.[\/vc_column_text][\/vc_column][\/vc_row][vc_row css_animation=&#8221;&#8221; row_type=&#8221;row&#8221; use_row_as_full_screen_section=&#8221;no&#8221; type=&#8221;full_width&#8221; angled_section=&#8221;no&#8221; text_align=&#8221;left&#8221; background_image_as_pattern=&#8221;without_pattern&#8221;][vc_column][vc_separator type=&#8221;transparent&#8221; thickness=&#8221;30&#8243;][\/vc_column][\/vc_row][vc_row css_animation=&#8221;&#8221; row_type=&#8221;row&#8221; use_row_as_full_screen_section=&#8221;no&#8221; type=&#8221;grid&#8221; angled_section=&#8221;no&#8221; text_align=&#8221;left&#8221; background_image_as_pattern=&#8221;without_pattern&#8221; anchor=&#8221;anchor_2&#8243;][vc_column][vc_column_text]<\/p>\n<h3>Individuella Str\u00e4ngar:<\/h3>\n<p>&nbsp;<\/p>\n<p>Vid best\u00e4llning av individuella str\u00e4ngar beh\u00f6vs \u00e5tminstone f\u00f6ljande fyra informationer f\u00f6r att kunna tillverka en liknande str\u00e4ng:<\/p>\n<p>&nbsp;<\/p>\n<p>\u2013 Avst\u00e5nd \u00f6gla till kopparens b\u00f6rjan<\/p>\n<p>\u2013 Avst\u00e5nd \u00f6gla till kopparens \u00e4nde eller kopparens l\u00e4ngd<\/p>\n<p>\u2013 St\u00e5lets diameter<\/p>\n<p>\u2013 Totala diametern<\/p>\n<p>&nbsp;<\/p>\n<p>F\u00f6r att tillveka en nya str\u00e4ng s\u00e5 exakt som m\u00f6jligt b\u00f6r \u00e4ven andra faktorer tas i betraktning:<\/p>\n<p>&nbsp;<\/p>\n<p>\u2013 togs m\u00e5tten p\u00e5 den sp\u00e4nda (inuti instrumentet) eller inte sp\u00e4nda (utanf\u00f6r instrumentet) str\u00e4ngen?<\/p>\n<p>\u2013 togs m\u00e5tten med v\u00e5rt m\u00e5ttband (och d\u00e4rmed l\u00e4ngd utan Anhangstiftst\u00e4rke) eller togs m\u00e5tten fr\u00e5n och med \u00f6glans bakkant?<\/p>\n<p>\u2013 typ av \u00f6gla: rund \u00f6gla, dubbel \u00f6gla, fransk \u00f6gla (vilken l\u00e4ngd)?<\/p>\n<p>\u2013 rund eller 6-kantig tr\u00e5d?<\/p>\n<p>\u2013 hur ska koppar\u00e4nden se ut?<\/p>\n<p>\u2013 om den procentuella belastningen av str\u00e4ngen ska ber\u00e4knas kr\u00e4vs tonnamnet<\/p>\n<p>\u2013 kundens namn f\u00f6r b\u00e4ttre utf\u00f6ring av uppdraget f\u00f6r den nya str\u00e4ngen<\/p>\n<p>&nbsp;<\/p>\n<p>Vi har inkluderat s\u00e5 m\u00e5nga av dessa detaljer som m\u00f6jligt i best\u00e4llningsf\u00f6rmul\u00e4ret och de fyra f\u00f6rsta punktera ovan \u00e4r minimun informatonen som kr\u00e4vs. Ni best\u00e4mmer med er information hur exakt den nya str\u00e4ngen blir.<\/p>\n<p>&nbsp;<\/p>\n<p>Den totala diametern kan naturligtvis ocks\u00e5 anges och baserat p\u00e5 v\u00e5r erfarenhet kommer vi d\u00e5 att best\u00e4mma st\u00e5lets diameter. Det \u00e4r f\u00f6r enkoriga str\u00e4ngar inga problem, men f\u00f6r tv\u00e5goriga str\u00e4ngar kan det leda till sv\u00e5righeter vid st\u00e4mning om den tillh\u00f6rande str\u00e4ngen har en annan k\u00e4rndiameter. D\u00e4rf\u00f6r rekommenderar vi att byta b\u00e5da str\u00e4ngar.[\/vc_column_text][\/vc_column][\/vc_row][vc_row css_animation=&#8221;&#8221; row_type=&#8221;row&#8221; use_row_as_full_screen_section=&#8221;no&#8221; type=&#8221;full_width&#8221; angled_section=&#8221;no&#8221; text_align=&#8221;left&#8221; background_image_as_pattern=&#8221;without_pattern&#8221;][vc_column][vc_separator type=&#8221;transparent&#8221; thickness=&#8221;100&#8243;][\/vc_column][\/vc_row][vc_row css_animation=&#8221;&#8221; row_type=&#8221;row&#8221; use_row_as_full_screen_section=&#8221;no&#8221; type=&#8221;full_width&#8221; angled_section=&#8221;no&#8221; text_align=&#8221;left&#8221; background_image_as_pattern=&#8221;without_pattern&#8221;][vc_column][vc_gallery type=&#8221;image_grid&#8221; images=&#8221;680,669,658,647&#8243; img_size=&#8221;412&#215;412&#8243; column_number=&#8221;4&#8243; grayscale=&#8221;yes&#8221; images_space=&#8221;gallery_without_space&#8221;][\/vc_column][\/vc_row][vc_row css_animation=&#8221;&#8221; row_type=&#8221;row&#8221; use_row_as_full_screen_section=&#8221;no&#8221; type=&#8221;full_width&#8221; angled_section=&#8221;no&#8221; text_align=&#8221;left&#8221; background_image_as_pattern=&#8221;without_pattern&#8221; anchor=&#8221;anchor_1&#8243;][vc_column][\/vc_column][\/vc_row]<\/p>\n<\/div>","protected":false},"excerpt":{"rendered":"<p>[vc_row css_animation=&#8221;&#8221; row_type=&#8221;row&#8221; use_row_as_full_screen_section=&#8221;no&#8221; type=&#8221;full_width&#8221; angled_section=&#8221;no&#8221; text_align=&#8221;left&#8221; background_image_as_pattern=&#8221;without_pattern&#8221;][vc_column][vc_separator type=&#8221;transparent&#8221; thickness=&#8221;50&#8243;][\/vc_column][\/vc_row][vc_row css_animation=&#8221;&#8221; row_type=&#8221;row&#8221; use_row_as_full_screen_section=&#8221;no&#8221; type=&#8221;grid&#8221; angled_section=&#8221;no&#8221; text_align=&#8221;left&#8221; background_image_as_pattern=&#8221;without_pattern&#8221;][vc_column][vc_column_text] INSTRUKTIONER [\/vc_column_text][\/vc_column][\/vc_row][vc_row css_animation=&#8221;&#8221; row_type=&#8221;row&#8221; use_row_as_full_screen_section=&#8221;no&#8221; type=&#8221;full_width&#8221; angled_section=&#8221;no&#8221; text_align=&#8221;left&#8221; background_image_as_pattern=&#8221;without_pattern&#8221;][vc_column][vc_separator type=&#8221;transparent&#8221; thickness=&#8221;25&#8243;][\/vc_column][\/vc_row][vc_row css_animation=&#8221;&#8221; row_type=&#8221;row&#8221; use_row_as_full_screen_section=&#8221;no&#8221; type=&#8221;grid&#8221; angled_section=&#8221;no&#8221; text_align=&#8221;left&#8221; background_image_as_pattern=&#8221;without_pattern&#8221;][vc_column][vc_column_text css=&#8221;&#8221;]F\u00f6r att s\u00e4kerst\u00e4lla att alla basstr\u00e4ngar tillverkas korrekt ber vi&#8230;<\/p>\n","protected":false},"author":1,"featured_media":0,"parent":0,"menu_order":0,"comment_status":"closed","ping_status":"closed","template":"full_width.php","meta":{"footnotes":""},"class_list":["post-1342","page","type-page","status-publish","hentry"],"_links":{"self":[{"href":"https:\/\/hellerbass.de\/sv\/wp-json\/wp\/v2\/pages\/1342","targetHints":{"allow":["GET"]}}],"collection":[{"href":"https:\/\/hellerbass.de\/sv\/wp-json\/wp\/v2\/pages"}],"about":[{"href":"https:\/\/hellerbass.de\/sv\/wp-json\/wp\/v2\/types\/page"}],"author":[{"embeddable":true,"href":"https:\/\/hellerbass.de\/sv\/wp-json\/wp\/v2\/users\/1"}],"replies":[{"embeddable":true,"href":"https:\/\/hellerbass.de\/sv\/wp-json\/wp\/v2\/comments?post=1342"}],"version-history":[{"count":4,"href":"https:\/\/hellerbass.de\/sv\/wp-json\/wp\/v2\/pages\/1342\/revisions"}],"predecessor-version":[{"id":2029,"href":"https:\/\/hellerbass.de\/sv\/wp-json\/wp\/v2\/pages\/1342\/revisions\/2029"}],"wp:attachment":[{"href":"https:\/\/hellerbass.de\/sv\/wp-json\/wp\/v2\/media?parent=1342"}],"curies":[{"name":"wp","href":"https:\/\/api.w.org\/{rel}","templated":true}]}}